{"id":4283,"date":"2026-03-01T03:06:16","date_gmt":"2026-03-01T01:06:16","guid":{"rendered":"https:\/\/mihailjewellery.com\/?post_type=product&#038;p=4283"},"modified":"2026-03-01T03:12:39","modified_gmt":"2026-03-01T01:12:39","slug":"lost-wax-casting-set","status":"publish","type":"product","link":"https:\/\/mihailjewellery.com\/en\/product\/lost-wax-casting-set\/","title":{"rendered":"Lost Wax Casting (Set)"},"content":{"rendered":"<p>925 sterling silver cross, ring, and chain set, handcrafted using the lost wax casting technique. Each piece is initially sculpted in wax, then cast in silver, ensuring fine details and a unique design. This set is perfect for wearing together or separately, adding an extra touch of elegance and symbolism to any outfit.<\/p>","protected":false},"excerpt":{"rendered":"<p>925 sterling silver cross, ring, and chain set, handcrafted using the lost wax casting technique.<\/p>","protected":false},"featured_media":4284,"comment_status":"open","ping_status":"closed","template":"","meta":{"neve_meta_sidebar":"","neve_meta_container":"","neve_meta_enable_content_width":"off","neve_meta_content_width":100,"neve_meta_title_alignment":"","neve_meta_author_avatar":"","neve_post_elements_order":"","neve_meta_disable_header":"","neve_meta_disable_footer":"","neve_meta_disable_title":"","neve_meta_reading_time":""},"product_brand":[],"product_cat":[1140,50,27,226],"product_tag":[562,31],"class_list":{"0":"post-4283","1":"product","2":"type-product","3":"status-publish","4":"has-post-thumbnail","6":"product_cat-argint","7":"product_cat-coliere-si-pandantive","8":"product_cat-inele","9":"product_cat-noutati","10":"product_tag-colier-cruciulita-argint","11":"product_tag-inel-argint","12":"wcpa_has_options","14":"first","15":"instock","16":"taxable","17":"shipping-taxable","18":"purchasable","19":"product-type-simple"},"yoast_head":"<!-- This site is optimized with the Yoast SEO plugin v27.3 - https:\/\/yoast.com\/product\/yoast-seo-wordpress\/ -->\n<title>Lost Wax Casting (Set) - Mihail Jewellery<\/title>\n<meta name=\"description\" content=\"Set format din cruciuli\u021b\u0103, inel \u0219i lan\u021b din argint, realizate manual prin lost wax casting. Fiecare pies\u0103 este sculptat\u0103 \u00een cear\u0103, apoi turnat\u0103 \u00een argint.\" \/>\n<meta name=\"robots\" content=\"index, follow, max-snippet:-1, max-image-preview:large, max-video-preview:-1\" \/>\n<link rel=\"canonical\" href=\"https:\/\/mihailjewellery.com\/en\/product-2\/lost-wax-casting-set\/\" \/>\n<meta property=\"og:locale\" content=\"en_US\" \/>\n<meta property=\"og:type\" content=\"article\" \/>\n<meta property=\"og:title\" content=\"Lost Wax Casting (Set) - Mihail Jewellery\" \/>\n<meta property=\"og:description\" content=\"Set format din cruciuli\u021b\u0103, inel \u0219i lan\u021b din argint, realizate manual prin lost wax casting. Fiecare pies\u0103 este sculptat\u0103 \u00een cear\u0103, apoi turnat\u0103 \u00een argint.\" \/>\n<meta property=\"og:url\" content=\"https:\/\/mihailjewellery.com\/en\/product-2\/lost-wax-casting-set\/\" \/>\n<meta property=\"og:site_name\" content=\"Mihail Jewellery\" \/>\n<meta property=\"article:publisher\" content=\"https:\/\/www.facebook.com\/MihailJewellerycom\" \/>\n<meta property=\"article:modified_time\" content=\"2026-03-01T01:12:39+00:00\" \/>\n<meta property=\"og:image\" content=\"https:\/\/mihailjewellery.com\/wp-content\/uploads\/2026\/03\/lost-wax-casting-2-scaled.jpg\" \/>\n\t<meta property=\"og:image:width\" content=\"2560\" \/>\n\t<meta property=\"og:image:height\" content=\"1920\" \/>\n\t<meta property=\"og:image:type\" content=\"image\/jpeg\" \/>\n<meta name=\"twitter:card\" content=\"summary_large_image\" \/>\n<meta name=\"twitter:label1\" content=\"Est. reading time\" \/>\n\t<meta name=\"twitter:data1\" content=\"1 minute\" \/>\n<script type=\"application\/ld+json\" class=\"yoast-schema-graph\">{\"@context\":\"https:\\\/\\\/schema.org\",\"@graph\":[{\"@type\":\"WebPage\",\"@id\":\"https:\\\/\\\/mihailjewellery.com\\\/product\\\/lost-wax-casting-set\\\/\",\"url\":\"https:\\\/\\\/mihailjewellery.com\\\/product\\\/lost-wax-casting-set\\\/\",\"name\":\"Lost Wax Casting (Set) - Mihail Jewellery\",\"isPartOf\":{\"@id\":\"https:\\\/\\\/mihailjewellery.com\\\/#website\"},\"primaryImageOfPage\":{\"@id\":\"https:\\\/\\\/mihailjewellery.com\\\/product\\\/lost-wax-casting-set\\\/#primaryimage\"},\"image\":{\"@id\":\"https:\\\/\\\/mihailjewellery.com\\\/product\\\/lost-wax-casting-set\\\/#primaryimage\"},\"thumbnailUrl\":\"https:\\\/\\\/mihailjewellery.com\\\/wp-content\\\/uploads\\\/2026\\\/03\\\/lost-wax-casting-2-scaled.jpg\",\"datePublished\":\"2026-03-01T01:06:16+00:00\",\"dateModified\":\"2026-03-01T01:12:39+00:00\",\"description\":\"Set format din cruciuli\u021b\u0103, inel \u0219i lan\u021b din argint, realizate manual prin lost wax casting. Fiecare pies\u0103 este sculptat\u0103 \u00een cear\u0103, apoi turnat\u0103 \u00een argint.\",\"breadcrumb\":{\"@id\":\"https:\\\/\\\/mihailjewellery.com\\\/product\\\/lost-wax-casting-set\\\/#breadcrumb\"},\"inLanguage\":\"en-US\",\"potentialAction\":[{\"@type\":\"ReadAction\",\"target\":[\"https:\\\/\\\/mihailjewellery.com\\\/product\\\/lost-wax-casting-set\\\/\"]}]},{\"@type\":\"ImageObject\",\"inLanguage\":\"en-US\",\"@id\":\"https:\\\/\\\/mihailjewellery.com\\\/product\\\/lost-wax-casting-set\\\/#primaryimage\",\"url\":\"https:\\\/\\\/mihailjewellery.com\\\/wp-content\\\/uploads\\\/2026\\\/03\\\/lost-wax-casting-2-scaled.jpg\",\"contentUrl\":\"https:\\\/\\\/mihailjewellery.com\\\/wp-content\\\/uploads\\\/2026\\\/03\\\/lost-wax-casting-2-scaled.jpg\",\"width\":2560,\"height\":1920,\"caption\":\"lost wax casting set\"},{\"@type\":\"BreadcrumbList\",\"@id\":\"https:\\\/\\\/mihailjewellery.com\\\/product\\\/lost-wax-casting-set\\\/#breadcrumb\",\"itemListElement\":[{\"@type\":\"ListItem\",\"position\":1,\"name\":\"Home\",\"item\":\"https:\\\/\\\/mihailjewellery.com\\\/\"},{\"@type\":\"ListItem\",\"position\":2,\"name\":\"Shop\",\"item\":\"https:\\\/\\\/mihailjewellery.com\\\/shop\\\/\"},{\"@type\":\"ListItem\",\"position\":3,\"name\":\"Lost Wax Casting (Set)\"}]},{\"@type\":\"WebSite\",\"@id\":\"https:\\\/\\\/mihailjewellery.com\\\/#website\",\"url\":\"https:\\\/\\\/mihailjewellery.com\\\/\",\"name\":\"Mihail Jewellery\",\"description\":\"Custom and unique jewellery\",\"publisher\":{\"@id\":\"https:\\\/\\\/mihailjewellery.com\\\/#organization\"},\"potentialAction\":[{\"@type\":\"SearchAction\",\"target\":{\"@type\":\"EntryPoint\",\"urlTemplate\":\"https:\\\/\\\/mihailjewellery.com\\\/?s={search_term_string}\"},\"query-input\":{\"@type\":\"PropertyValueSpecification\",\"valueRequired\":true,\"valueName\":\"search_term_string\"}}],\"inLanguage\":\"en-US\"},{\"@type\":\"Organization\",\"@id\":\"https:\\\/\\\/mihailjewellery.com\\\/#organization\",\"name\":\"Mihail Jewellery\",\"url\":\"https:\\\/\\\/mihailjewellery.com\\\/\",\"logo\":{\"@type\":\"ImageObject\",\"inLanguage\":\"en-US\",\"@id\":\"https:\\\/\\\/mihailjewellery.com\\\/#\\\/schema\\\/logo\\\/image\\\/\",\"url\":\"https:\\\/\\\/mihailjewellery.com\\\/wp-content\\\/uploads\\\/2020\\\/08\\\/vertical_on_transparent_by_logaster.png\",\"contentUrl\":\"https:\\\/\\\/mihailjewellery.com\\\/wp-content\\\/uploads\\\/2020\\\/08\\\/vertical_on_transparent_by_logaster.png\",\"width\":2000,\"height\":2000,\"caption\":\"Mihail Jewellery\"},\"image\":{\"@id\":\"https:\\\/\\\/mihailjewellery.com\\\/#\\\/schema\\\/logo\\\/image\\\/\"},\"sameAs\":[\"https:\\\/\\\/www.facebook.com\\\/MihailJewellerycom\"]}]}<\/script>\n<!-- \/ Yoast SEO plugin. -->","yoast_head_json":{"title":"Lost Wax Casting (Set) - Mihail Jewellery","description":"Set format din cruciuli\u021b\u0103, inel \u0219i lan\u021b din argint, realizate manual prin lost wax casting. Fiecare pies\u0103 este sculptat\u0103 \u00een cear\u0103, apoi turnat\u0103 \u00een argint.","robots":{"index":"index","follow":"follow","max-snippet":"max-snippet:-1","max-image-preview":"max-image-preview:large","max-video-preview":"max-video-preview:-1"},"canonical":"https:\/\/mihailjewellery.com\/en\/product-2\/lost-wax-casting-set\/","og_locale":"en_US","og_type":"article","og_title":"Lost Wax Casting (Set) - Mihail Jewellery","og_description":"Set format din cruciuli\u021b\u0103, inel \u0219i lan\u021b din argint, realizate manual prin lost wax casting. Fiecare pies\u0103 este sculptat\u0103 \u00een cear\u0103, apoi turnat\u0103 \u00een argint.","og_url":"https:\/\/mihailjewellery.com\/en\/product-2\/lost-wax-casting-set\/","og_site_name":"Mihail Jewellery","article_publisher":"https:\/\/www.facebook.com\/MihailJewellerycom","article_modified_time":"2026-03-01T01:12:39+00:00","og_image":[{"width":2560,"height":1920,"url":"https:\/\/mihailjewellery.com\/wp-content\/uploads\/2026\/03\/lost-wax-casting-2-scaled.jpg","type":"image\/jpeg"}],"twitter_card":"summary_large_image","twitter_misc":{"Est. reading time":"1 minute"},"schema":{"@context":"https:\/\/schema.org","@graph":[{"@type":"WebPage","@id":"https:\/\/mihailjewellery.com\/product\/lost-wax-casting-set\/","url":"https:\/\/mihailjewellery.com\/product\/lost-wax-casting-set\/","name":"Lost Wax Casting (Set) - Mihail Jewellery","isPartOf":{"@id":"https:\/\/mihailjewellery.com\/#website"},"primaryImageOfPage":{"@id":"https:\/\/mihailjewellery.com\/product\/lost-wax-casting-set\/#primaryimage"},"image":{"@id":"https:\/\/mihailjewellery.com\/product\/lost-wax-casting-set\/#primaryimage"},"thumbnailUrl":"https:\/\/mihailjewellery.com\/wp-content\/uploads\/2026\/03\/lost-wax-casting-2-scaled.jpg","datePublished":"2026-03-01T01:06:16+00:00","dateModified":"2026-03-01T01:12:39+00:00","description":"Set format din cruciuli\u021b\u0103, inel \u0219i lan\u021b din argint, realizate manual prin lost wax casting. Fiecare pies\u0103 este sculptat\u0103 \u00een cear\u0103, apoi turnat\u0103 \u00een argint.","breadcrumb":{"@id":"https:\/\/mihailjewellery.com\/product\/lost-wax-casting-set\/#breadcrumb"},"inLanguage":"en-US","potentialAction":[{"@type":"ReadAction","target":["https:\/\/mihailjewellery.com\/product\/lost-wax-casting-set\/"]}]},{"@type":"ImageObject","inLanguage":"en-US","@id":"https:\/\/mihailjewellery.com\/product\/lost-wax-casting-set\/#primaryimage","url":"https:\/\/mihailjewellery.com\/wp-content\/uploads\/2026\/03\/lost-wax-casting-2-scaled.jpg","contentUrl":"https:\/\/mihailjewellery.com\/wp-content\/uploads\/2026\/03\/lost-wax-casting-2-scaled.jpg","width":2560,"height":1920,"caption":"lost wax casting set"},{"@type":"BreadcrumbList","@id":"https:\/\/mihailjewellery.com\/product\/lost-wax-casting-set\/#breadcrumb","itemListElement":[{"@type":"ListItem","position":1,"name":"Home","item":"https:\/\/mihailjewellery.com\/"},{"@type":"ListItem","position":2,"name":"Shop","item":"https:\/\/mihailjewellery.com\/shop\/"},{"@type":"ListItem","position":3,"name":"Lost Wax Casting (Set)"}]},{"@type":"WebSite","@id":"https:\/\/mihailjewellery.com\/#website","url":"https:\/\/mihailjewellery.com\/","name":"Mihail Jewellery","description":"Custom and unique jewellery","publisher":{"@id":"https:\/\/mihailjewellery.com\/#organization"},"potentialAction":[{"@type":"SearchAction","target":{"@type":"EntryPoint","urlTemplate":"https:\/\/mihailjewellery.com\/?s={search_term_string}"},"query-input":{"@type":"PropertyValueSpecification","valueRequired":true,"valueName":"search_term_string"}}],"inLanguage":"en-US"},{"@type":"Organization","@id":"https:\/\/mihailjewellery.com\/#organization","name":"Mihail Jewellery","url":"https:\/\/mihailjewellery.com\/","logo":{"@type":"ImageObject","inLanguage":"en-US","@id":"https:\/\/mihailjewellery.com\/#\/schema\/logo\/image\/","url":"https:\/\/mihailjewellery.com\/wp-content\/uploads\/2020\/08\/vertical_on_transparent_by_logaster.png","contentUrl":"https:\/\/mihailjewellery.com\/wp-content\/uploads\/2020\/08\/vertical_on_transparent_by_logaster.png","width":2000,"height":2000,"caption":"Mihail Jewellery"},"image":{"@id":"https:\/\/mihailjewellery.com\/#\/schema\/logo\/image\/"},"sameAs":["https:\/\/www.facebook.com\/MihailJewellerycom"]}]}},"_links":{"self":[{"href":"https:\/\/mihailjewellery.com\/en\/wp-json\/wp\/v2\/product\/4283","targetHints":{"allow":["GET"]}}],"collection":[{"href":"https:\/\/mihailjewellery.com\/en\/wp-json\/wp\/v2\/product"}],"about":[{"href":"https:\/\/mihailjewellery.com\/en\/wp-json\/wp\/v2\/types\/product"}],"replies":[{"embeddable":true,"href":"https:\/\/mihailjewellery.com\/en\/wp-json\/wp\/v2\/comments?post=4283"}],"wp:featuredmedia":[{"embeddable":true,"href":"https:\/\/mihailjewellery.com\/en\/wp-json\/wp\/v2\/media\/4284"}],"wp:attachment":[{"href":"https:\/\/mihailjewellery.com\/en\/wp-json\/wp\/v2\/media?parent=4283"}],"wp:term":[{"taxonomy":"product_brand","embeddable":true,"href":"https:\/\/mihailjewellery.com\/en\/wp-json\/wp\/v2\/product_brand?post=4283"},{"taxonomy":"product_cat","embeddable":true,"href":"https:\/\/mihailjewellery.com\/en\/wp-json\/wp\/v2\/product_cat?post=4283"},{"taxonomy":"product_tag","embeddable":true,"href":"https:\/\/mihailjewellery.com\/en\/wp-json\/wp\/v2\/product_tag?post=4283"}],"curies":[{"name":"wp","href":"https:\/\/api.w.org\/{rel}","templated":true}]}}