{"id":4305,"date":"2026-03-06T23:47:40","date_gmt":"2026-03-06T21:47:40","guid":{"rendered":"https:\/\/mihailjewellery.com\/?post_type=product&#038;p=4305"},"modified":"2026-03-07T09:19:06","modified_gmt":"2026-03-07T07:19:06","slug":"verighete-organic-unity","status":"publish","type":"product","link":"https:\/\/mihailjewellery.com\/en\/product\/verighete-organic-unity\/","title":{"rendered":"Organic Unity Wedding Rings"},"content":{"rendered":"<p>925 sterling silver wedding band set, designed to symbolize the unique bond between partners. The version for her includes two stacked rings, while the version for him features a single ring, all hand-engraved with organic motifs. Each detail is unique, carefully crafted to provide an elegant and deeply personal design. This set is perfect for those who appreciate characterful jewelry with a special story.<\/p>","protected":false},"excerpt":{"rendered":"<p>925 sterling silver wedding band set, featuring two stacked rings for her and one for him. Each ring is hand-engraved with unique organic motifs, ensuring a personalized and one-of-a-kind design.<\/p>","protected":false},"featured_media":4306,"comment_status":"open","ping_status":"closed","template":"","meta":{"neve_meta_sidebar":"","neve_meta_container":"","neve_meta_enable_content_width":"off","neve_meta_content_width":100,"neve_meta_title_alignment":"","neve_meta_author_avatar":"","neve_post_elements_order":"","neve_meta_disable_header":"","neve_meta_disable_footer":"","neve_meta_disable_title":"","neve_meta_reading_time":""},"product_brand":[],"product_cat":[1140,226,38],"product_tag":[935,936,775,42],"class_list":{"0":"post-4305","1":"product","2":"type-product","3":"status-publish","4":"has-post-thumbnail","6":"product_cat-argint","7":"product_cat-noutati","8":"product_cat-verighete","9":"product_tag-argint","10":"product_tag-argint-925","11":"product_tag-verighete","12":"product_tag-verighete-argint","13":"wcpa_has_options","15":"first","16":"instock","17":"taxable","18":"shipping-taxable","19":"purchasable","20":"product-type-simple"},"yoast_head":"<!-- This site is optimized with the Yoast SEO plugin v27.3 - https:\/\/yoast.com\/product\/yoast-seo-wordpress\/ -->\n<title>Verighete Organic Unity - Mihail Jewellery<\/title>\n<meta name=\"description\" content=\"Verighetele organic unity surprind leg\u0103tura profund\u0103 dintre parteneri, av\u00e2nd motive organice gravate manual. \u00cemp\u0103rt\u0103\u0219e\u0219te-\u021bi povestea!\" \/>\n<meta name=\"robots\" content=\"index, follow, max-snippet:-1, max-image-preview:large, max-video-preview:-1\" \/>\n<link rel=\"canonical\" href=\"https:\/\/mihailjewellery.com\/en\/product-2\/verighete-organic-unity\/\" \/>\n<meta property=\"og:locale\" content=\"en_US\" \/>\n<meta property=\"og:type\" content=\"article\" \/>\n<meta property=\"og:title\" content=\"Verighete Organic Unity - Mihail Jewellery\" \/>\n<meta property=\"og:description\" content=\"Verighetele organic unity surprind leg\u0103tura profund\u0103 dintre parteneri, av\u00e2nd motive organice gravate manual. \u00cemp\u0103rt\u0103\u0219e\u0219te-\u021bi povestea!\" \/>\n<meta property=\"og:url\" content=\"https:\/\/mihailjewellery.com\/en\/product-2\/verighete-organic-unity\/\" \/>\n<meta property=\"og:site_name\" content=\"Mihail Jewellery\" \/>\n<meta property=\"article:publisher\" content=\"https:\/\/www.facebook.com\/MihailJewellerycom\" \/>\n<meta property=\"article:modified_time\" content=\"2026-03-07T07:19:06+00:00\" \/>\n<meta property=\"og:image\" content=\"https:\/\/mihailjewellery.com\/wp-content\/uploads\/2026\/03\/Organic-Unity-scaled.jpg\" \/>\n\t<meta property=\"og:image:width\" content=\"2560\" \/>\n\t<meta property=\"og:image:height\" content=\"1920\" \/>\n\t<meta property=\"og:image:type\" content=\"image\/jpeg\" \/>\n<meta name=\"twitter:card\" content=\"summary_large_image\" \/>\n<meta name=\"twitter:label1\" content=\"Est. reading time\" \/>\n\t<meta name=\"twitter:data1\" content=\"1 minute\" \/>\n<script type=\"application\/ld+json\" class=\"yoast-schema-graph\">{\"@context\":\"https:\\\/\\\/schema.org\",\"@graph\":[{\"@type\":\"WebPage\",\"@id\":\"https:\\\/\\\/mihailjewellery.com\\\/product\\\/verighete-organic-unity\\\/\",\"url\":\"https:\\\/\\\/mihailjewellery.com\\\/product\\\/verighete-organic-unity\\\/\",\"name\":\"Verighete Organic Unity - Mihail Jewellery\",\"isPartOf\":{\"@id\":\"https:\\\/\\\/mihailjewellery.com\\\/#website\"},\"primaryImageOfPage\":{\"@id\":\"https:\\\/\\\/mihailjewellery.com\\\/product\\\/verighete-organic-unity\\\/#primaryimage\"},\"image\":{\"@id\":\"https:\\\/\\\/mihailjewellery.com\\\/product\\\/verighete-organic-unity\\\/#primaryimage\"},\"thumbnailUrl\":\"https:\\\/\\\/mihailjewellery.com\\\/wp-content\\\/uploads\\\/2026\\\/03\\\/Organic-Unity-scaled.jpg\",\"datePublished\":\"2026-03-06T21:47:40+00:00\",\"dateModified\":\"2026-03-07T07:19:06+00:00\",\"description\":\"Verighetele organic unity surprind leg\u0103tura profund\u0103 dintre parteneri, av\u00e2nd motive organice gravate manual. \u00cemp\u0103rt\u0103\u0219e\u0219te-\u021bi povestea!\",\"breadcrumb\":{\"@id\":\"https:\\\/\\\/mihailjewellery.com\\\/product\\\/verighete-organic-unity\\\/#breadcrumb\"},\"inLanguage\":\"en-US\",\"potentialAction\":[{\"@type\":\"ReadAction\",\"target\":[\"https:\\\/\\\/mihailjewellery.com\\\/product\\\/verighete-organic-unity\\\/\"]}]},{\"@type\":\"ImageObject\",\"inLanguage\":\"en-US\",\"@id\":\"https:\\\/\\\/mihailjewellery.com\\\/product\\\/verighete-organic-unity\\\/#primaryimage\",\"url\":\"https:\\\/\\\/mihailjewellery.com\\\/wp-content\\\/uploads\\\/2026\\\/03\\\/Organic-Unity-scaled.jpg\",\"contentUrl\":\"https:\\\/\\\/mihailjewellery.com\\\/wp-content\\\/uploads\\\/2026\\\/03\\\/Organic-Unity-scaled.jpg\",\"width\":2560,\"height\":1920,\"caption\":\"Organic Unity\"},{\"@type\":\"BreadcrumbList\",\"@id\":\"https:\\\/\\\/mihailjewellery.com\\\/product\\\/verighete-organic-unity\\\/#breadcrumb\",\"itemListElement\":[{\"@type\":\"ListItem\",\"position\":1,\"name\":\"Home\",\"item\":\"https:\\\/\\\/mihailjewellery.com\\\/\"},{\"@type\":\"ListItem\",\"position\":2,\"name\":\"Shop\",\"item\":\"https:\\\/\\\/mihailjewellery.com\\\/shop\\\/\"},{\"@type\":\"ListItem\",\"position\":3,\"name\":\"Verighete Organic Unity\"}]},{\"@type\":\"WebSite\",\"@id\":\"https:\\\/\\\/mihailjewellery.com\\\/#website\",\"url\":\"https:\\\/\\\/mihailjewellery.com\\\/\",\"name\":\"Mihail Jewellery\",\"description\":\"Custom and unique jewellery\",\"publisher\":{\"@id\":\"https:\\\/\\\/mihailjewellery.com\\\/#organization\"},\"potentialAction\":[{\"@type\":\"SearchAction\",\"target\":{\"@type\":\"EntryPoint\",\"urlTemplate\":\"https:\\\/\\\/mihailjewellery.com\\\/?s={search_term_string}\"},\"query-input\":{\"@type\":\"PropertyValueSpecification\",\"valueRequired\":true,\"valueName\":\"search_term_string\"}}],\"inLanguage\":\"en-US\"},{\"@type\":\"Organization\",\"@id\":\"https:\\\/\\\/mihailjewellery.com\\\/#organization\",\"name\":\"Mihail Jewellery\",\"url\":\"https:\\\/\\\/mihailjewellery.com\\\/\",\"logo\":{\"@type\":\"ImageObject\",\"inLanguage\":\"en-US\",\"@id\":\"https:\\\/\\\/mihailjewellery.com\\\/#\\\/schema\\\/logo\\\/image\\\/\",\"url\":\"https:\\\/\\\/mihailjewellery.com\\\/wp-content\\\/uploads\\\/2020\\\/08\\\/vertical_on_transparent_by_logaster.png\",\"contentUrl\":\"https:\\\/\\\/mihailjewellery.com\\\/wp-content\\\/uploads\\\/2020\\\/08\\\/vertical_on_transparent_by_logaster.png\",\"width\":2000,\"height\":2000,\"caption\":\"Mihail Jewellery\"},\"image\":{\"@id\":\"https:\\\/\\\/mihailjewellery.com\\\/#\\\/schema\\\/logo\\\/image\\\/\"},\"sameAs\":[\"https:\\\/\\\/www.facebook.com\\\/MihailJewellerycom\"]}]}<\/script>\n<!-- \/ Yoast SEO plugin. -->","yoast_head_json":{"title":"Verighete Organic Unity - Mihail Jewellery","description":"Verighetele organic unity surprind leg\u0103tura profund\u0103 dintre parteneri, av\u00e2nd motive organice gravate manual. \u00cemp\u0103rt\u0103\u0219e\u0219te-\u021bi povestea!","robots":{"index":"index","follow":"follow","max-snippet":"max-snippet:-1","max-image-preview":"max-image-preview:large","max-video-preview":"max-video-preview:-1"},"canonical":"https:\/\/mihailjewellery.com\/en\/product-2\/verighete-organic-unity\/","og_locale":"en_US","og_type":"article","og_title":"Verighete Organic Unity - Mihail Jewellery","og_description":"Verighetele organic unity surprind leg\u0103tura profund\u0103 dintre parteneri, av\u00e2nd motive organice gravate manual. \u00cemp\u0103rt\u0103\u0219e\u0219te-\u021bi povestea!","og_url":"https:\/\/mihailjewellery.com\/en\/product-2\/verighete-organic-unity\/","og_site_name":"Mihail Jewellery","article_publisher":"https:\/\/www.facebook.com\/MihailJewellerycom","article_modified_time":"2026-03-07T07:19:06+00:00","og_image":[{"width":2560,"height":1920,"url":"https:\/\/mihailjewellery.com\/wp-content\/uploads\/2026\/03\/Organic-Unity-scaled.jpg","type":"image\/jpeg"}],"twitter_card":"summary_large_image","twitter_misc":{"Est. reading time":"1 minute"},"schema":{"@context":"https:\/\/schema.org","@graph":[{"@type":"WebPage","@id":"https:\/\/mihailjewellery.com\/product\/verighete-organic-unity\/","url":"https:\/\/mihailjewellery.com\/product\/verighete-organic-unity\/","name":"Verighete Organic Unity - Mihail Jewellery","isPartOf":{"@id":"https:\/\/mihailjewellery.com\/#website"},"primaryImageOfPage":{"@id":"https:\/\/mihailjewellery.com\/product\/verighete-organic-unity\/#primaryimage"},"image":{"@id":"https:\/\/mihailjewellery.com\/product\/verighete-organic-unity\/#primaryimage"},"thumbnailUrl":"https:\/\/mihailjewellery.com\/wp-content\/uploads\/2026\/03\/Organic-Unity-scaled.jpg","datePublished":"2026-03-06T21:47:40+00:00","dateModified":"2026-03-07T07:19:06+00:00","description":"Verighetele organic unity surprind leg\u0103tura profund\u0103 dintre parteneri, av\u00e2nd motive organice gravate manual. \u00cemp\u0103rt\u0103\u0219e\u0219te-\u021bi povestea!","breadcrumb":{"@id":"https:\/\/mihailjewellery.com\/product\/verighete-organic-unity\/#breadcrumb"},"inLanguage":"en-US","potentialAction":[{"@type":"ReadAction","target":["https:\/\/mihailjewellery.com\/product\/verighete-organic-unity\/"]}]},{"@type":"ImageObject","inLanguage":"en-US","@id":"https:\/\/mihailjewellery.com\/product\/verighete-organic-unity\/#primaryimage","url":"https:\/\/mihailjewellery.com\/wp-content\/uploads\/2026\/03\/Organic-Unity-scaled.jpg","contentUrl":"https:\/\/mihailjewellery.com\/wp-content\/uploads\/2026\/03\/Organic-Unity-scaled.jpg","width":2560,"height":1920,"caption":"Organic Unity"},{"@type":"BreadcrumbList","@id":"https:\/\/mihailjewellery.com\/product\/verighete-organic-unity\/#breadcrumb","itemListElement":[{"@type":"ListItem","position":1,"name":"Home","item":"https:\/\/mihailjewellery.com\/"},{"@type":"ListItem","position":2,"name":"Shop","item":"https:\/\/mihailjewellery.com\/shop\/"},{"@type":"ListItem","position":3,"name":"Verighete Organic Unity"}]},{"@type":"WebSite","@id":"https:\/\/mihailjewellery.com\/#website","url":"https:\/\/mihailjewellery.com\/","name":"Mihail Jewellery","description":"Custom and unique jewellery","publisher":{"@id":"https:\/\/mihailjewellery.com\/#organization"},"potentialAction":[{"@type":"SearchAction","target":{"@type":"EntryPoint","urlTemplate":"https:\/\/mihailjewellery.com\/?s={search_term_string}"},"query-input":{"@type":"PropertyValueSpecification","valueRequired":true,"valueName":"search_term_string"}}],"inLanguage":"en-US"},{"@type":"Organization","@id":"https:\/\/mihailjewellery.com\/#organization","name":"Mihail Jewellery","url":"https:\/\/mihailjewellery.com\/","logo":{"@type":"ImageObject","inLanguage":"en-US","@id":"https:\/\/mihailjewellery.com\/#\/schema\/logo\/image\/","url":"https:\/\/mihailjewellery.com\/wp-content\/uploads\/2020\/08\/vertical_on_transparent_by_logaster.png","contentUrl":"https:\/\/mihailjewellery.com\/wp-content\/uploads\/2020\/08\/vertical_on_transparent_by_logaster.png","width":2000,"height":2000,"caption":"Mihail Jewellery"},"image":{"@id":"https:\/\/mihailjewellery.com\/#\/schema\/logo\/image\/"},"sameAs":["https:\/\/www.facebook.com\/MihailJewellerycom"]}]}},"_links":{"self":[{"href":"https:\/\/mihailjewellery.com\/en\/wp-json\/wp\/v2\/product\/4305","targetHints":{"allow":["GET"]}}],"collection":[{"href":"https:\/\/mihailjewellery.com\/en\/wp-json\/wp\/v2\/product"}],"about":[{"href":"https:\/\/mihailjewellery.com\/en\/wp-json\/wp\/v2\/types\/product"}],"replies":[{"embeddable":true,"href":"https:\/\/mihailjewellery.com\/en\/wp-json\/wp\/v2\/comments?post=4305"}],"wp:featuredmedia":[{"embeddable":true,"href":"https:\/\/mihailjewellery.com\/en\/wp-json\/wp\/v2\/media\/4306"}],"wp:attachment":[{"href":"https:\/\/mihailjewellery.com\/en\/wp-json\/wp\/v2\/media?parent=4305"}],"wp:term":[{"taxonomy":"product_brand","embeddable":true,"href":"https:\/\/mihailjewellery.com\/en\/wp-json\/wp\/v2\/product_brand?post=4305"},{"taxonomy":"product_cat","embeddable":true,"href":"https:\/\/mihailjewellery.com\/en\/wp-json\/wp\/v2\/product_cat?post=4305"},{"taxonomy":"product_tag","embeddable":true,"href":"https:\/\/mihailjewellery.com\/en\/wp-json\/wp\/v2\/product_tag?post=4305"}],"curies":[{"name":"wp","href":"https:\/\/api.w.org\/{rel}","templated":true}]}}