{"id":2042,"date":"2020-08-08T10:37:14","date_gmt":"2020-08-08T10:37:14","guid":{"rendered":"https:\/\/mihailjewellery.com\/?page_id=2042"},"modified":"2025-06-05T12:32:07","modified_gmt":"2025-06-05T09:32:07","slug":"terms-and-conditions","status":"publish","type":"page","link":"https:\/\/mihailjewellery.com\/fr\/terms-and-conditions\/","title":{"rendered":"Conditions G\u00e9n\u00e9rales"},"content":{"rendered":"<h4 class=\"wp-block-heading\" id=\"general\"><strong>G\u00c9N\u00c9RALIT\u00c9S<\/strong><\/h4>\n\n\n\n<p>Le site www.mihailjewellery.com est la propri\u00e9t\u00e9 de M&amp;M Maison du Cr\u00e9ateur SRL, situ\u00e9e au Sos. Pantelimon, nr. 266, Secteur 2, Bucarest, enregistr\u00e9e au Registre du Commerce sous le num\u00e9ro J2021003749406 et avec le code unique d\u2019enregistrement RO43833985.<\/p>\n\n\n\n<p>Pour effectuer un achat sur www.mihailjewellery.com, il est n\u00e9cessaire de vous inscrire.<\/p>\n\n\n\n<p>L\u2019acc\u00e8s et l\u2019utilisation de ce site sont soumis aux pr\u00e9sentes conditions g\u00e9n\u00e9rales (T &amp; C). En utilisant nos services, vous acceptez pleinement ces T &amp; C. Comme nous pouvons les mettre \u00e0 jour ou les modifier occasionnellement, nous vous recommandons de consulter r\u00e9guli\u00e8rement cette page pour prendre connaissance des \u00e9ventuelles modifications.<\/p>\n\n\n\n<p>Le fait de passer une commande sur ce site implique l\u2019acceptation des T &amp; C.<\/p>\n\n\n\n<p class=\"translation-block\">Toutes les bijoux pr\u00e9sent\u00e9s sur www.mihailjewellery.com sont fabriqu\u00e9s \u00e0 la main sur commande par Dan-Mihail Constantinescu, designer de bijoux contemporains. Cela signifie que chaque pi\u00e8ce est unique et sp\u00e9cialement con\u00e7ue pour vous. Le d\u00e9lai de fabrication varie en fonction de la complexit\u00e9 de la pi\u00e8ce. Vous pouvez consulter le temps estim\u00e9 sur la page d\u00e9di\u00e9e \u00e0 chaque bijou. Si vous souhaitez une pi\u00e8ce pour une date pr\u00e9cise, contactez-nous avant de passer commande pour v\u00e9rifier la faisabilit\u00e9. Le d\u00e9lai de livraison est approximatif et peut \u00eatre sujet \u00e0 des modifications ou retards.<\/p>\n\n\n\n<p>\u00c9tant donn\u00e9 que chaque bijou est fabriqu\u00e9 \u00e0 la main sur commande, de l\u00e9g\u00e8res variations peuvent exister entre les pi\u00e8ces. Nous faisons de notre mieux pour pr\u00e9senter les photos avec une grande pr\u00e9cision en termes de taille, finition et couleur. Les dimensions de chaque bijou sont indiqu\u00e9es sur la page du produit. Nous vous invitons \u00e0 bien v\u00e9rifier les caract\u00e9ristiques d\u2019un bijou avant de passer commande.<\/p>\n\n\n\n<h4 class=\"wp-block-heading\" id=\"plata\"><strong>PAIEMENT<\/strong><\/h4>\n\n\n\n<p>Tous les paiements effectu\u00e9s sur <a href=\"http:\/\/www.mihailjewelley.com\">www.mihailjewelley.com<\/a> sont s\u00e9curis\u00e9s.<\/p>\n\n\n\n<p>Les modes de paiement accept\u00e9s sont : <a href=\"http:\/\/www.mihailjewellery.ro\">www.mihailjewellery.<\/a>.com carte bancaire (Visa ou Mastercard) via le processeur de paiement Stripe. Virement bancaire.<\/p>\n\n\n\n<h4 class=\"wp-block-heading\" id=\"livrare\"><strong>LIVRAISON<\/strong><\/h4>\n\n\n\n<p><a href=\"http:\/\/www.mihailjewellery.ro\">www.mihailjewellery.<\/a>com exp\u00e9die les commandes pass\u00e9es sur la boutique en ligne via Fan Curier dans les zones de couverture nationale. Le co\u00fbt de transport est de 20 lei dans les localit\u00e9s couvertes. En dehors de ces zones, un suppl\u00e9ment sera appliqu\u00e9 pour chaque kilom\u00e8tre suppl\u00e9mentaire. Le client sera inform\u00e9 au pr\u00e9alable du co\u00fbt total de la livraison.<\/p>\n\n\n\n<h4 class=\"wp-block-heading\" id=\"returnarea-produselor\"><strong>RETRAIT ET RETOUR DES PRODUITS<\/strong><\/h4>\n\n\n\n<p>La politique de retour des produits achet\u00e9s sur&nbsp;<a href=\"http:\/\/www.mihailjewellery.ro\">www.mihailjewellery.<\/a>est conforme aux dispositions de l\u2019Ordonnance d\u2019Urgence no 34\/2014 concernant les droits des consommateurs dans le cadre des contrats conclus avec des professionnels, ainsi qu\u2019\u00e0 la Loi no 449\/2003 sur la vente de produits et les garanties associ\u00e9es.<\/p>\n\n\n\n<p>Les produits achet\u00e9s peuvent \u00eatre retourn\u00e9s uniquement dans leur emballage d\u2019origine, non utilis\u00e9s, non port\u00e9s, non d\u00e9t\u00e9rior\u00e9s et sans \u00e9l\u00e9ments manquants. Ils doivent \u00eatre accompagn\u00e9s de : L\u2019acte de vente original (facture) et les certificats d\u2019authenticit\u00e9 \u00e9mis par www.mihailjewellery.com, <a href=\"http:\/\/www.mihailjewellery.ro\">www.mihailjewellery.<\/a>com, dans un d\u00e9lai de 14 jours calendaires \u00e0 partir de la r\u00e9ception.<\/p>\n\n\n\n<p>Pour exercer votre droit de r\u00e9tractation, vous devez nous envoyer un e-mail \u00e0 <a href=\"mailto:contact@mihailjewellery.ro\">contact@mihailjewellery.<\/a>com afin de recevoir les instructions pour le retour des produits.<\/p>\n\n\n\n<p>www.mihailjewellery.com remboursera la valeur des produits retourn\u00e9s dans un d\u00e9lai maximum de 15 jours ouvr\u00e9s \u00e0 partir de la date de retour, par virement bancaire. Les frais occasionn\u00e9s par le retour des produits seront enti\u00e8rement \u00e0 la charge de l\u2019acheteur. Le retour des produits doit se faire en utilisant le m\u00eame service de transport que celui utilis\u00e9 pour l\u2019exp\u00e9dition initiale. Le remboursement couvrira la valeur des produits retourn\u00e9s, \u00e0 l\u2019exclusion des frais de livraison.<\/p>\n\n\n\n<p>Conform\u00e9ment \u00e0 l\u2019OUG 34\/2014, art. 16, lit. c, toutes les commandes personnalis\u00e9es sont non remboursables.<\/p>\n\n\n\n<p>Les commandes personnalis\u00e9es sont des produits cr\u00e9\u00e9s selon les sp\u00e9cifications du client, y compris les alliances et les bagues de fian\u00e7ailles, r\u00e9alis\u00e9es selon les tailles indiqu\u00e9es par le client. Sans \u00eatre exhaustifs, cela inclut tout produit (existant sur le site) qui a \u00e9t\u00e9 adapt\u00e9 selon les exigences du client ou toute cr\u00e9ation originale bas\u00e9e sur ses id\u00e9es.<\/p>\n\n\n\n<h4 class=\"wp-block-heading\" id=\"garantii\"><strong>GARANTIES<\/strong><\/h4>\n\n\n\n<p>Les bijoux vendus via <a href=\"http:\/\/www.mihailjewellery.ro\">www.mihailjewellery.<\/a>com sont accompagn\u00e9s d\u2019un certificat de garantie attestant qu\u2019ils respectent les param\u00e8tres et exigences de qualit\u00e9 conform\u00e9ment aux normes l\u00e9gales en vigueur.<\/p>\n\n\n\n<p>La p\u00e9riode de garantie pour les bijoux en m\u00e9taux pr\u00e9cieux est de 2 ans pour tout d\u00e9faut de conformit\u00e9 existant \u00e0 la date de vente. <strong>2 ani<\/strong> pentru orice lips\u0103 de conformitate existenta la data v\u00e2nz\u0103rii.<\/p>\n\n\n\n<p>Les bijoux pr\u00e9sent\u00e9s sur <a href=\"http:\/\/www.mihailjewellery.ro\">www.mihailjewellery.<\/a>com et r\u00e9alis\u00e9s en m\u00e9taux pr\u00e9cieux sont marqu\u00e9s avec la marque de responsabilit\u00e9 propre. La marque de titre (925 pour l\u2019argent, 585 ou 750 pour l\u2019or, 950 pour le platine). <strong>La marque d\u2019\u00c9tat appliqu\u00e9e par l\u2019Autorit\u00e9 Nationale pour la Protection des Consommateurs \u2013 Division des M\u00e9taux Pr\u00e9cieux, Pierres Pr\u00e9cieuses et Processus Kimberley (DMPPPPK).<\/strong>.<\/p>\n\n\n\n<p>Dans certains cas, la marque ne peut pas \u00eatre appliqu\u00e9e pour des raisons li\u00e9es \u00e0 la construction du bijou, mais ceux-ci sont analys\u00e9s par l\u2019ANPC.<br><\/p>\n\n\n\n<h4 class=\"wp-block-heading\" id=\"securitatea-datelor-personale\"><strong>S\u00c9CURIT\u00c9 DES DONN\u00c9ES PERSONNELLES<\/strong><\/h4>\n\n\n\n<p>Vos donn\u00e9es personnelles seront utilis\u00e9es uniquement pour la confirmation et le traitement de votre commande. Elles pourront \u00eatre transmises aux autorit\u00e9s comp\u00e9tentes dans le but de v\u00e9rifier les transactions commerciales ou \u00e0 d\u2019autres autorit\u00e9s pour toute v\u00e9rification justifi\u00e9e par la loi.&nbsp;&nbsp;<\/p>\n\n\n\n<p>Toutes les informations que vous nous fournissez sont prot\u00e9g\u00e9es. Nous comprenons pleinement l\u2019importance de la vie priv\u00e9e et ne partagerons jamais vos donn\u00e9es avec des tiers. Nous pouvons les utiliser pour vous contacter concernant des promotions et des nouveaut\u00e9s, mais si vous ne souhaitez plus recevoir de communications de notre part, vous pouvez vous d\u00e9sabonner \u00e0 tout moment.<\/p>\n\n\n\n<h4 class=\"wp-block-heading\" id=\"plangeri\"><strong>R\u00c9CLAMATIONS<\/strong><\/h4>\n\n\n\n<p>Pour toute r\u00e9clamation, veuillez nous contacter \u00e0 contact@mihailjewellery.com ou au 0731.778.776. Nous ferons tout notre possible pour r\u00e9soudre tout d\u00e9sagr\u00e9ment de mani\u00e8re amiable et dans les plus brefs d\u00e9lais.<\/p>\n\n\n\n<h4 class=\"wp-block-heading\" id=\"drepturile-de-autor\"><strong>DROITS D\u2019AUTEUR<\/strong><\/h4>\n\n\n\n<p>Tout le contenu disponible sur www.mihailjewellery.com est la propri\u00e9t\u00e9 exclusive de M&amp;M Maison du Cr\u00e9ateur SRL et est prot\u00e9g\u00e9 par le droit d\u2019auteur national et international, ainsi que par d\u2019autres lois sur la propri\u00e9t\u00e9 intellectuelle.\nIl est interdit de reproduire, publier, distribuer, afficher, modifier ou cr\u00e9er des \u0153uvres d\u00e9riv\u00e9es \u00e0 partir des produits pr\u00e9sent\u00e9s, ou d\u2019exploiter de quelque mani\u00e8re que ce soit, en tout ou en partie, le contenu sans l\u2019autorisation \u00e9crite pr\u00e9alable expresse de M&amp;M Maison du Cr\u00e9ateur SRL.<\/p>\n\n\n\n<p><\/p>","protected":false},"excerpt":{"rendered":"<p>GENERAL www.mihailjewellery.com este proprietatea M&amp;M Maison du Createur SRL, cu sediul social \u00een Sos. Pantelimon, nr. 266, Sector 2, Bucuresti \u00eenregistrat\u0103 la Registrul Comer\u021bului cu nr. J2021003749406 \u0219i cod unic de \u00eenregistrare RO43833985. Pentru a cump\u0103ra de pe site-ul www.mihailjewellery.com este necesar s\u0103 te inregistrezi. Accesul \u0219i utilizarea acestui site sunt supuse urm\u0103torilor termeni \u0219i&hellip;&nbsp;<\/p>\n<div class=\"read-more-wrapper\"><a href=\"https:\/\/mihailjewellery.com\/fr\/terms-and-conditions\/\" class=\"button button-primary\" rel=\"bookmark\">Voir plus<span class=\"screen-reader-text\">Conditions G\u00e9n\u00e9rales<\/span><\/a><\/div>","protected":false},"author":1,"featured_media":0,"parent":0,"menu_order":0,"comment_status":"closed","ping_status":"closed","template":"","meta":{"neve_meta_sidebar":"full-width","neve_meta_container":"","neve_meta_enable_content_width":"on","neve_meta_content_width":100,"neve_meta_title_alignment":"","neve_meta_author_avatar":"","neve_post_elements_order":"","neve_meta_disable_header":"","neve_meta_disable_footer":"","neve_meta_disable_title":"","neve_meta_reading_time":"","footnotes":""},"class_list":["post-2042","page","type-page","status-publish","hentry"],"yoast_head":"<!-- This site is optimized with the Yoast SEO plugin v27.3 - https:\/\/yoast.com\/product\/yoast-seo-wordpress\/ -->\n<title>Terms And Conditions - Mihail Jewellery - Termeni si Conditii!<\/title>\n<meta name=\"description\" content=\"Terms and conditions include Termenii si Conditiile pe care userii trebuie sa le accepte pentru a utiliza site-ul mihailjewellery.com\" \/>\n<meta name=\"robots\" content=\"index, follow, max-snippet:-1, max-image-preview:large, max-video-preview:-1\" \/>\n<link rel=\"canonical\" href=\"https:\/\/mihailjewellery.com\/fr\/terms-and-conditions\/\" \/>\n<meta property=\"og:locale\" content=\"fr_FR\" \/>\n<meta property=\"og:type\" content=\"article\" \/>\n<meta property=\"og:title\" content=\"Terms And Conditions - Mihail Jewellery - Termeni si Conditii!\" \/>\n<meta property=\"og:description\" content=\"Terms and conditions include Termenii si Conditiile pe care userii trebuie sa le accepte pentru a utiliza site-ul mihailjewellery.com\" \/>\n<meta property=\"og:url\" content=\"https:\/\/mihailjewellery.com\/fr\/terms-and-conditions\/\" \/>\n<meta property=\"og:site_name\" content=\"Mihail Jewellery\" \/>\n<meta property=\"article:publisher\" content=\"https:\/\/www.facebook.com\/MihailJewellerycom\" \/>\n<meta property=\"article:modified_time\" content=\"2025-06-05T09:32:07+00:00\" \/>\n<meta name=\"twitter:card\" content=\"summary_large_image\" \/>\n<meta name=\"twitter:label1\" content=\"Dur\u00e9e de lecture estim\u00e9e\" \/>\n\t<meta name=\"twitter:data1\" content=\"5 minutes\" \/>\n<script type=\"application\/ld+json\" class=\"yoast-schema-graph\">{\"@context\":\"https:\\\/\\\/schema.org\",\"@graph\":[{\"@type\":\"WebPage\",\"@id\":\"https:\\\/\\\/mihailjewellery.com\\\/terms-and-conditions\\\/\",\"url\":\"https:\\\/\\\/mihailjewellery.com\\\/terms-and-conditions\\\/\",\"name\":\"Terms And Conditions - Mihail Jewellery - Termeni si Conditii!\",\"isPartOf\":{\"@id\":\"https:\\\/\\\/mihailjewellery.com\\\/#website\"},\"datePublished\":\"2020-08-08T10:37:14+00:00\",\"dateModified\":\"2025-06-05T09:32:07+00:00\",\"description\":\"Terms and conditions include Termenii si Conditiile pe care userii trebuie sa le accepte pentru a utiliza site-ul mihailjewellery.com\",\"breadcrumb\":{\"@id\":\"https:\\\/\\\/mihailjewellery.com\\\/terms-and-conditions\\\/#breadcrumb\"},\"inLanguage\":\"fr-FR\",\"potentialAction\":[{\"@type\":\"ReadAction\",\"target\":[\"https:\\\/\\\/mihailjewellery.com\\\/terms-and-conditions\\\/\"]}]},{\"@type\":\"BreadcrumbList\",\"@id\":\"https:\\\/\\\/mihailjewellery.com\\\/terms-and-conditions\\\/#breadcrumb\",\"itemListElement\":[{\"@type\":\"ListItem\",\"position\":1,\"name\":\"Home\",\"item\":\"https:\\\/\\\/mihailjewellery.com\\\/\"},{\"@type\":\"ListItem\",\"position\":2,\"name\":\"Terms And Conditions\"}]},{\"@type\":\"WebSite\",\"@id\":\"https:\\\/\\\/mihailjewellery.com\\\/#website\",\"url\":\"https:\\\/\\\/mihailjewellery.com\\\/\",\"name\":\"Mihail Jewellery\",\"description\":\"Custom and unique jewellery\",\"publisher\":{\"@id\":\"https:\\\/\\\/mihailjewellery.com\\\/#organization\"},\"potentialAction\":[{\"@type\":\"SearchAction\",\"target\":{\"@type\":\"EntryPoint\",\"urlTemplate\":\"https:\\\/\\\/mihailjewellery.com\\\/?s={search_term_string}\"},\"query-input\":{\"@type\":\"PropertyValueSpecification\",\"valueRequired\":true,\"valueName\":\"search_term_string\"}}],\"inLanguage\":\"fr-FR\"},{\"@type\":\"Organization\",\"@id\":\"https:\\\/\\\/mihailjewellery.com\\\/#organization\",\"name\":\"Mihail Jewellery\",\"url\":\"https:\\\/\\\/mihailjewellery.com\\\/\",\"logo\":{\"@type\":\"ImageObject\",\"inLanguage\":\"fr-FR\",\"@id\":\"https:\\\/\\\/mihailjewellery.com\\\/#\\\/schema\\\/logo\\\/image\\\/\",\"url\":\"https:\\\/\\\/mihailjewellery.com\\\/wp-content\\\/uploads\\\/2020\\\/08\\\/vertical_on_transparent_by_logaster.png\",\"contentUrl\":\"https:\\\/\\\/mihailjewellery.com\\\/wp-content\\\/uploads\\\/2020\\\/08\\\/vertical_on_transparent_by_logaster.png\",\"width\":2000,\"height\":2000,\"caption\":\"Mihail Jewellery\"},\"image\":{\"@id\":\"https:\\\/\\\/mihailjewellery.com\\\/#\\\/schema\\\/logo\\\/image\\\/\"},\"sameAs\":[\"https:\\\/\\\/www.facebook.com\\\/MihailJewellerycom\"]}]}<\/script>\n<!-- \/ Yoast SEO plugin. -->","yoast_head_json":{"title":"Terms And Conditions - Mihail Jewellery - Termeni si Conditii!","description":"Terms and conditions include Termenii si Conditiile pe care userii trebuie sa le accepte pentru a utiliza site-ul mihailjewellery.com","robots":{"index":"index","follow":"follow","max-snippet":"max-snippet:-1","max-image-preview":"max-image-preview:large","max-video-preview":"max-video-preview:-1"},"canonical":"https:\/\/mihailjewellery.com\/fr\/terms-and-conditions\/","og_locale":"fr_FR","og_type":"article","og_title":"Terms And Conditions - Mihail Jewellery - Termeni si Conditii!","og_description":"Terms and conditions include Termenii si Conditiile pe care userii trebuie sa le accepte pentru a utiliza site-ul mihailjewellery.com","og_url":"https:\/\/mihailjewellery.com\/fr\/terms-and-conditions\/","og_site_name":"Mihail Jewellery","article_publisher":"https:\/\/www.facebook.com\/MihailJewellerycom","article_modified_time":"2025-06-05T09:32:07+00:00","twitter_card":"summary_large_image","twitter_misc":{"Dur\u00e9e de lecture estim\u00e9e":"5 minutes"},"schema":{"@context":"https:\/\/schema.org","@graph":[{"@type":"WebPage","@id":"https:\/\/mihailjewellery.com\/terms-and-conditions\/","url":"https:\/\/mihailjewellery.com\/terms-and-conditions\/","name":"Terms And Conditions - Mihail Jewellery - Termeni si Conditii!","isPartOf":{"@id":"https:\/\/mihailjewellery.com\/#website"},"datePublished":"2020-08-08T10:37:14+00:00","dateModified":"2025-06-05T09:32:07+00:00","description":"Terms and conditions include Termenii si Conditiile pe care userii trebuie sa le accepte pentru a utiliza site-ul mihailjewellery.com","breadcrumb":{"@id":"https:\/\/mihailjewellery.com\/terms-and-conditions\/#breadcrumb"},"inLanguage":"fr-FR","potentialAction":[{"@type":"ReadAction","target":["https:\/\/mihailjewellery.com\/terms-and-conditions\/"]}]},{"@type":"BreadcrumbList","@id":"https:\/\/mihailjewellery.com\/terms-and-conditions\/#breadcrumb","itemListElement":[{"@type":"ListItem","position":1,"name":"Home","item":"https:\/\/mihailjewellery.com\/"},{"@type":"ListItem","position":2,"name":"Terms And Conditions"}]},{"@type":"WebSite","@id":"https:\/\/mihailjewellery.com\/#website","url":"https:\/\/mihailjewellery.com\/","name":"Mihail Jewellery","description":"Custom and unique jewellery","publisher":{"@id":"https:\/\/mihailjewellery.com\/#organization"},"potentialAction":[{"@type":"SearchAction","target":{"@type":"EntryPoint","urlTemplate":"https:\/\/mihailjewellery.com\/?s={search_term_string}"},"query-input":{"@type":"PropertyValueSpecification","valueRequired":true,"valueName":"search_term_string"}}],"inLanguage":"fr-FR"},{"@type":"Organization","@id":"https:\/\/mihailjewellery.com\/#organization","name":"Mihail Jewellery","url":"https:\/\/mihailjewellery.com\/","logo":{"@type":"ImageObject","inLanguage":"fr-FR","@id":"https:\/\/mihailjewellery.com\/#\/schema\/logo\/image\/","url":"https:\/\/mihailjewellery.com\/wp-content\/uploads\/2020\/08\/vertical_on_transparent_by_logaster.png","contentUrl":"https:\/\/mihailjewellery.com\/wp-content\/uploads\/2020\/08\/vertical_on_transparent_by_logaster.png","width":2000,"height":2000,"caption":"Mihail Jewellery"},"image":{"@id":"https:\/\/mihailjewellery.com\/#\/schema\/logo\/image\/"},"sameAs":["https:\/\/www.facebook.com\/MihailJewellerycom"]}]}},"_links":{"self":[{"href":"https:\/\/mihailjewellery.com\/fr\/wp-json\/wp\/v2\/pages\/2042","targetHints":{"allow":["GET"]}}],"collection":[{"href":"https:\/\/mihailjewellery.com\/fr\/wp-json\/wp\/v2\/pages"}],"about":[{"href":"https:\/\/mihailjewellery.com\/fr\/wp-json\/wp\/v2\/types\/page"}],"author":[{"embeddable":true,"href":"https:\/\/mihailjewellery.com\/fr\/wp-json\/wp\/v2\/users\/1"}],"replies":[{"embeddable":true,"href":"https:\/\/mihailjewellery.com\/fr\/wp-json\/wp\/v2\/comments?post=2042"}],"version-history":[{"count":8,"href":"https:\/\/mihailjewellery.com\/fr\/wp-json\/wp\/v2\/pages\/2042\/revisions"}],"predecessor-version":[{"id":4114,"href":"https:\/\/mihailjewellery.com\/fr\/wp-json\/wp\/v2\/pages\/2042\/revisions\/4114"}],"wp:attachment":[{"href":"https:\/\/mihailjewellery.com\/fr\/wp-json\/wp\/v2\/media?parent=2042"}],"curies":[{"name":"wp","href":"https:\/\/api.w.org\/{rel}","templated":true}]}}