{"id":2071,"date":"2020-08-09T07:36:52","date_gmt":"2020-08-09T07:36:52","guid":{"rendered":"https:\/\/mihailjewellery.com\/?post_type=product&#038;p=2071"},"modified":"2026-03-02T21:29:48","modified_gmt":"2026-03-02T19:29:48","slug":"inel-logodna-the-moon-and-the-sun","status":"publish","type":"product","link":"https:\/\/mihailjewellery.com\/fr\/product\/inel-logodna-the-moon-and-the-sun\/","title":{"rendered":"Inel logodna The Moon And The Sun"},"content":{"rendered":"<p>Inel de logodna The Moon and the Sun unicat, lucrat manual in serie limitata. Aceasta bijuterie este realizata integral manual din aur galben de 14k (585) si argint 925. La cerere se poate folosi si aur galben de 18k. Piatra folosita aici este zirconiu verde smarald.\u00a0 Se poate monta orice piatra cu dimensiunea 4\/ 5 milimetri sau chiar mai mare. Ca optiuni putem folosi si pietre veritabile cu certificat. Acestea pot fi diamant, rubin, safir, topaz, smarald, granat sau orice piatra pe care o doriti in functie de disponibilitatea ei. Inelul de logodna The Moon and the Sun poate fi realizat si in alte combinatii de metale sau in totalitate din aur. Pentru o cotatie de pret ne puteti scrie un mesaj la contact@mihaijewellery.com<\/p>\n<p>Aceast inel de logodna este realizat in totalitate manual. Folosesc tehnici traditionale, piatra este tintuita iar metalul este topit, laminat si prelucrat cu atentie. La final inelul este polisat manual, ceea ce ii ofera un lustru special foarte rezistent in timp. Ca rezultat, fiecare bijuterie pe care o lucrez are caracteristici unice.<\/p>\n<p>Fiecare bijuterie este lucrata integral manual la comanda in serie limitata. Eventualele mici imperfectiuni sunt un indiciu al prelucrarii integral manuale in tehnici traditionale.<\/p>\n<p>In acelasi timp, ele confera originalitate si autenticitate fiecarei piesa in parte. Astfel fiecare bijuterie produsa de mine are elemente distincte, unice care ii confera o valoare mai mare fata de bijuteriile produse in masa in fabrica.<\/p>\n<p>Tous les bijoux que je r\u00e9alise \u00e0 la main sont accompagn\u00e9s d\u2019un certificat d\u2019authenticit\u00e9 et d\u2019une garantie. Les bijoux en m\u00e9tal pr\u00e9cieux portent \u00e0 la fois le poin\u00e7on de responsabilit\u00e9 du bijoutier et le poin\u00e7on d\u2019\u00c9tat.<\/p>","protected":false},"excerpt":{"rendered":"<p class=\"p1\">Inel logodna lucrat manual realizat in combinatie de Argint 925 si Aur galben de 14k (585) cu patina speciala de antichizare. Aceasta bijuterie simbolizeaza atractia dinte doua elemente astrale,<span class=\"Apple-converted-space\">\u00a0 <\/span>soarele si luna.<\/p>\n<p class=\"p1\">Piatra: zirconiu verde smarald rotund fatetat<\/p>\n<p class=\"p1\">Dimensiune piatra: 4\/5mm<\/p>\n<p>Gramaj: inelul contine\u00a0 aproximativ 2g aur 585<\/p>","protected":false},"featured_media":2974,"comment_status":"open","ping_status":"closed","template":"","meta":{"neve_meta_sidebar":"","neve_meta_container":"","neve_meta_enable_content_width":"off","neve_meta_content_width":70,"neve_meta_title_alignment":"","neve_meta_author_avatar":"","neve_post_elements_order":"","neve_meta_disable_header":"","neve_meta_disable_footer":"","neve_meta_disable_title":"","neve_meta_reading_time":""},"product_brand":[],"product_cat":[1140,1139,27,225],"product_tag":[32,119,82,762,763,35,81,31,707,33,36,28,29,90,91,109,93,111,110,92,34,417],"class_list":{"0":"post-2071","1":"product","2":"type-product","3":"status-publish","4":"has-post-thumbnail","6":"product_cat-argint","7":"product_cat-aur","8":"product_cat-inele","9":"product_cat-inele-logodna","10":"product_tag-bijuterii-handmade","11":"product_tag-bijuterii-ocazii-speciale","12":"product_tag-cadouri-de-lux","13":"product_tag-cadouri-din-aur-pentru-femei","14":"product_tag-cadouri-personalizate-din-aur","15":"product_tag-cadouri-speciale","16":"product_tag-cadouri-speciale-pentru-iubita","17":"product_tag-inel-argint","18":"product_tag-inel-aur-14k","19":"product_tag-inel-aur-18k","20":"product_tag-inel-dama","21":"product_tag-inel-de-logodna","22":"product_tag-inel-de-logodna-realizat-manual","23":"product_tag-inel-logodna","24":"product_tag-inel-logodna-argint","25":"product_tag-inel-logodna-aur-galben","26":"product_tag-inel-logodna-bucuresti","27":"product_tag-inel-logodna-cu-piatra","28":"product_tag-inel-logodna-smarald","29":"product_tag-inel-logodna-zirconiu","30":"product_tag-inel-unicat","31":"product_tag-magazin-online-bijuterii","32":"wcpa_has_options","34":"first","35":"instock","36":"taxable","37":"shipping-taxable","38":"purchasable","39":"product-type-simple"},"yoast_head":"<!-- This site is optimized with the Yoast SEO plugin v27.3 - https:\/\/yoast.com\/product\/yoast-seo-wordpress\/ -->\n<title>Inel logodna The Moon And The Sun - Mihail Jewellery<\/title>\n<meta name=\"description\" content=\"Inel logodna realizat in combinatie de Argint 925 si Aur galben de 14k simbolizeaza atractia dintre doua elemente astrale,\u00a0 soarele si luna.\" \/>\n<meta name=\"robots\" content=\"index, follow, max-snippet:-1, max-image-preview:large, max-video-preview:-1\" \/>\n<link rel=\"canonical\" href=\"https:\/\/mihailjewellery.com\/fr\/produit\/inel-logodna-the-moon-and-the-sun\/\" \/>\n<meta property=\"og:locale\" content=\"fr_FR\" \/>\n<meta property=\"og:type\" content=\"article\" \/>\n<meta property=\"og:title\" content=\"Inel logodna The Moon And The Sun - Mihail Jewellery\" \/>\n<meta property=\"og:description\" content=\"Inel logodna realizat in combinatie de Argint 925 si Aur galben de 14k simbolizeaza atractia dintre doua elemente astrale,\u00a0 soarele si luna.\" \/>\n<meta property=\"og:url\" content=\"https:\/\/mihailjewellery.com\/fr\/produit\/inel-logodna-the-moon-and-the-sun\/\" \/>\n<meta property=\"og:site_name\" content=\"Mihail Jewellery\" \/>\n<meta property=\"article:publisher\" content=\"https:\/\/www.facebook.com\/MihailJewellerycom\" \/>\n<meta property=\"article:modified_time\" content=\"2026-03-02T19:29:48+00:00\" \/>\n<meta property=\"og:image\" content=\"https:\/\/mihailjewellery.com\/wp-content\/uploads\/2020\/08\/P4190115-scaled.jpg\" \/>\n\t<meta property=\"og:image:width\" content=\"1920\" \/>\n\t<meta property=\"og:image:height\" content=\"2560\" \/>\n\t<meta property=\"og:image:type\" content=\"image\/jpeg\" \/>\n<meta name=\"twitter:card\" content=\"summary_large_image\" \/>\n<meta name=\"twitter:label1\" content=\"Dur\u00e9e de lecture estim\u00e9e\" \/>\n\t<meta name=\"twitter:data1\" content=\"2 minutes\" \/>\n<script type=\"application\/ld+json\" class=\"yoast-schema-graph\">{\"@context\":\"https:\\\/\\\/schema.org\",\"@graph\":[{\"@type\":\"WebPage\",\"@id\":\"https:\\\/\\\/mihailjewellery.com\\\/product\\\/inel-logodna-the-moon-and-the-sun\\\/\",\"url\":\"https:\\\/\\\/mihailjewellery.com\\\/product\\\/inel-logodna-the-moon-and-the-sun\\\/\",\"name\":\"Inel logodna The Moon And The Sun - Mihail Jewellery\",\"isPartOf\":{\"@id\":\"https:\\\/\\\/mihailjewellery.com\\\/#website\"},\"primaryImageOfPage\":{\"@id\":\"https:\\\/\\\/mihailjewellery.com\\\/product\\\/inel-logodna-the-moon-and-the-sun\\\/#primaryimage\"},\"image\":{\"@id\":\"https:\\\/\\\/mihailjewellery.com\\\/product\\\/inel-logodna-the-moon-and-the-sun\\\/#primaryimage\"},\"thumbnailUrl\":\"https:\\\/\\\/mihailjewellery.com\\\/wp-content\\\/uploads\\\/2020\\\/08\\\/P4190115-scaled.jpg\",\"datePublished\":\"2020-08-09T07:36:52+00:00\",\"dateModified\":\"2026-03-02T19:29:48+00:00\",\"description\":\"Inel logodna realizat in combinatie de Argint 925 si Aur galben de 14k simbolizeaza atractia dintre doua elemente astrale,\u00a0 soarele si luna.\",\"breadcrumb\":{\"@id\":\"https:\\\/\\\/mihailjewellery.com\\\/product\\\/inel-logodna-the-moon-and-the-sun\\\/#breadcrumb\"},\"inLanguage\":\"fr-FR\",\"potentialAction\":[{\"@type\":\"ReadAction\",\"target\":[\"https:\\\/\\\/mihailjewellery.com\\\/product\\\/inel-logodna-the-moon-and-the-sun\\\/\"]}]},{\"@type\":\"ImageObject\",\"inLanguage\":\"fr-FR\",\"@id\":\"https:\\\/\\\/mihailjewellery.com\\\/product\\\/inel-logodna-the-moon-and-the-sun\\\/#primaryimage\",\"url\":\"https:\\\/\\\/mihailjewellery.com\\\/wp-content\\\/uploads\\\/2020\\\/08\\\/P4190115-scaled.jpg\",\"contentUrl\":\"https:\\\/\\\/mihailjewellery.com\\\/wp-content\\\/uploads\\\/2020\\\/08\\\/P4190115-scaled.jpg\",\"width\":1920,\"height\":2560,\"caption\":\"www.mihailjewellery.com\"},{\"@type\":\"BreadcrumbList\",\"@id\":\"https:\\\/\\\/mihailjewellery.com\\\/product\\\/inel-logodna-the-moon-and-the-sun\\\/#breadcrumb\",\"itemListElement\":[{\"@type\":\"ListItem\",\"position\":1,\"name\":\"Home\",\"item\":\"https:\\\/\\\/mihailjewellery.com\\\/\"},{\"@type\":\"ListItem\",\"position\":2,\"name\":\"Shop\",\"item\":\"https:\\\/\\\/mihailjewellery.com\\\/shop\\\/\"},{\"@type\":\"ListItem\",\"position\":3,\"name\":\"Inel logodna The Moon And The Sun\"}]},{\"@type\":\"WebSite\",\"@id\":\"https:\\\/\\\/mihailjewellery.com\\\/#website\",\"url\":\"https:\\\/\\\/mihailjewellery.com\\\/\",\"name\":\"Mihail Jewellery\",\"description\":\"Custom and unique jewellery\",\"publisher\":{\"@id\":\"https:\\\/\\\/mihailjewellery.com\\\/#organization\"},\"potentialAction\":[{\"@type\":\"SearchAction\",\"target\":{\"@type\":\"EntryPoint\",\"urlTemplate\":\"https:\\\/\\\/mihailjewellery.com\\\/?s={search_term_string}\"},\"query-input\":{\"@type\":\"PropertyValueSpecification\",\"valueRequired\":true,\"valueName\":\"search_term_string\"}}],\"inLanguage\":\"fr-FR\"},{\"@type\":\"Organization\",\"@id\":\"https:\\\/\\\/mihailjewellery.com\\\/#organization\",\"name\":\"Mihail Jewellery\",\"url\":\"https:\\\/\\\/mihailjewellery.com\\\/\",\"logo\":{\"@type\":\"ImageObject\",\"inLanguage\":\"fr-FR\",\"@id\":\"https:\\\/\\\/mihailjewellery.com\\\/#\\\/schema\\\/logo\\\/image\\\/\",\"url\":\"https:\\\/\\\/mihailjewellery.com\\\/wp-content\\\/uploads\\\/2020\\\/08\\\/vertical_on_transparent_by_logaster.png\",\"contentUrl\":\"https:\\\/\\\/mihailjewellery.com\\\/wp-content\\\/uploads\\\/2020\\\/08\\\/vertical_on_transparent_by_logaster.png\",\"width\":2000,\"height\":2000,\"caption\":\"Mihail Jewellery\"},\"image\":{\"@id\":\"https:\\\/\\\/mihailjewellery.com\\\/#\\\/schema\\\/logo\\\/image\\\/\"},\"sameAs\":[\"https:\\\/\\\/www.facebook.com\\\/MihailJewellerycom\"]}]}<\/script>\n<!-- \/ Yoast SEO plugin. -->","yoast_head_json":{"title":"Inel logodna The Moon And The Sun - Mihail Jewellery","description":"Inel logodna realizat in combinatie de Argint 925 si Aur galben de 14k simbolizeaza atractia dintre doua elemente astrale,\u00a0 soarele si luna.","robots":{"index":"index","follow":"follow","max-snippet":"max-snippet:-1","max-image-preview":"max-image-preview:large","max-video-preview":"max-video-preview:-1"},"canonical":"https:\/\/mihailjewellery.com\/fr\/produit\/inel-logodna-the-moon-and-the-sun\/","og_locale":"fr_FR","og_type":"article","og_title":"Inel logodna The Moon And The Sun - Mihail Jewellery","og_description":"Inel logodna realizat in combinatie de Argint 925 si Aur galben de 14k simbolizeaza atractia dintre doua elemente astrale,\u00a0 soarele si luna.","og_url":"https:\/\/mihailjewellery.com\/fr\/produit\/inel-logodna-the-moon-and-the-sun\/","og_site_name":"Mihail Jewellery","article_publisher":"https:\/\/www.facebook.com\/MihailJewellerycom","article_modified_time":"2026-03-02T19:29:48+00:00","og_image":[{"width":1920,"height":2560,"url":"https:\/\/mihailjewellery.com\/wp-content\/uploads\/2020\/08\/P4190115-scaled.jpg","type":"image\/jpeg"}],"twitter_card":"summary_large_image","twitter_misc":{"Dur\u00e9e de lecture estim\u00e9e":"2 minutes"},"schema":{"@context":"https:\/\/schema.org","@graph":[{"@type":"WebPage","@id":"https:\/\/mihailjewellery.com\/product\/inel-logodna-the-moon-and-the-sun\/","url":"https:\/\/mihailjewellery.com\/product\/inel-logodna-the-moon-and-the-sun\/","name":"Inel logodna The Moon And The Sun - Mihail Jewellery","isPartOf":{"@id":"https:\/\/mihailjewellery.com\/#website"},"primaryImageOfPage":{"@id":"https:\/\/mihailjewellery.com\/product\/inel-logodna-the-moon-and-the-sun\/#primaryimage"},"image":{"@id":"https:\/\/mihailjewellery.com\/product\/inel-logodna-the-moon-and-the-sun\/#primaryimage"},"thumbnailUrl":"https:\/\/mihailjewellery.com\/wp-content\/uploads\/2020\/08\/P4190115-scaled.jpg","datePublished":"2020-08-09T07:36:52+00:00","dateModified":"2026-03-02T19:29:48+00:00","description":"Inel logodna realizat in combinatie de Argint 925 si Aur galben de 14k simbolizeaza atractia dintre doua elemente astrale,\u00a0 soarele si luna.","breadcrumb":{"@id":"https:\/\/mihailjewellery.com\/product\/inel-logodna-the-moon-and-the-sun\/#breadcrumb"},"inLanguage":"fr-FR","potentialAction":[{"@type":"ReadAction","target":["https:\/\/mihailjewellery.com\/product\/inel-logodna-the-moon-and-the-sun\/"]}]},{"@type":"ImageObject","inLanguage":"fr-FR","@id":"https:\/\/mihailjewellery.com\/product\/inel-logodna-the-moon-and-the-sun\/#primaryimage","url":"https:\/\/mihailjewellery.com\/wp-content\/uploads\/2020\/08\/P4190115-scaled.jpg","contentUrl":"https:\/\/mihailjewellery.com\/wp-content\/uploads\/2020\/08\/P4190115-scaled.jpg","width":1920,"height":2560,"caption":"www.mihailjewellery.com"},{"@type":"BreadcrumbList","@id":"https:\/\/mihailjewellery.com\/product\/inel-logodna-the-moon-and-the-sun\/#breadcrumb","itemListElement":[{"@type":"ListItem","position":1,"name":"Home","item":"https:\/\/mihailjewellery.com\/"},{"@type":"ListItem","position":2,"name":"Shop","item":"https:\/\/mihailjewellery.com\/shop\/"},{"@type":"ListItem","position":3,"name":"Inel logodna The Moon And The Sun"}]},{"@type":"WebSite","@id":"https:\/\/mihailjewellery.com\/#website","url":"https:\/\/mihailjewellery.com\/","name":"Mihail Jewellery","description":"Custom and unique jewellery","publisher":{"@id":"https:\/\/mihailjewellery.com\/#organization"},"potentialAction":[{"@type":"SearchAction","target":{"@type":"EntryPoint","urlTemplate":"https:\/\/mihailjewellery.com\/?s={search_term_string}"},"query-input":{"@type":"PropertyValueSpecification","valueRequired":true,"valueName":"search_term_string"}}],"inLanguage":"fr-FR"},{"@type":"Organization","@id":"https:\/\/mihailjewellery.com\/#organization","name":"Mihail Jewellery","url":"https:\/\/mihailjewellery.com\/","logo":{"@type":"ImageObject","inLanguage":"fr-FR","@id":"https:\/\/mihailjewellery.com\/#\/schema\/logo\/image\/","url":"https:\/\/mihailjewellery.com\/wp-content\/uploads\/2020\/08\/vertical_on_transparent_by_logaster.png","contentUrl":"https:\/\/mihailjewellery.com\/wp-content\/uploads\/2020\/08\/vertical_on_transparent_by_logaster.png","width":2000,"height":2000,"caption":"Mihail Jewellery"},"image":{"@id":"https:\/\/mihailjewellery.com\/#\/schema\/logo\/image\/"},"sameAs":["https:\/\/www.facebook.com\/MihailJewellerycom"]}]}},"_links":{"self":[{"href":"https:\/\/mihailjewellery.com\/fr\/wp-json\/wp\/v2\/product\/2071","targetHints":{"allow":["GET"]}}],"collection":[{"href":"https:\/\/mihailjewellery.com\/fr\/wp-json\/wp\/v2\/product"}],"about":[{"href":"https:\/\/mihailjewellery.com\/fr\/wp-json\/wp\/v2\/types\/product"}],"replies":[{"embeddable":true,"href":"https:\/\/mihailjewellery.com\/fr\/wp-json\/wp\/v2\/comments?post=2071"}],"wp:featuredmedia":[{"embeddable":true,"href":"https:\/\/mihailjewellery.com\/fr\/wp-json\/wp\/v2\/media\/2974"}],"wp:attachment":[{"href":"https:\/\/mihailjewellery.com\/fr\/wp-json\/wp\/v2\/media?parent=2071"}],"wp:term":[{"taxonomy":"product_brand","embeddable":true,"href":"https:\/\/mihailjewellery.com\/fr\/wp-json\/wp\/v2\/product_brand?post=2071"},{"taxonomy":"product_cat","embeddable":true,"href":"https:\/\/mihailjewellery.com\/fr\/wp-json\/wp\/v2\/product_cat?post=2071"},{"taxonomy":"product_tag","embeddable":true,"href":"https:\/\/mihailjewellery.com\/fr\/wp-json\/wp\/v2\/product_tag?post=2071"}],"curies":[{"name":"wp","href":"https:\/\/api.w.org\/{rel}","templated":true}]}}