{"id":2087,"date":"2020-08-29T12:43:09","date_gmt":"2020-08-29T12:43:09","guid":{"rendered":"https:\/\/mihailjewellery.com\/?post_type=product&#038;p=2087"},"modified":"2026-02-05T14:55:45","modified_gmt":"2026-02-05T12:55:45","slug":"pandantiv-caduceu","status":"publish","type":"product","link":"https:\/\/mihailjewellery.com\/fr\/product\/pandantiv-caduceu\/","title":{"rendered":"Pandantiv Caduceu"},"content":{"rendered":"<p>Pandantiv caduceu din argint, realizat integral manual cu tehnici traditionale. Aceasta bijuterie reprezinta simbolul lui Hermes care este caduceul\u00a0 format din toiagul inaripat si doi serpi.<\/p>\n<p>Pandantivul este realizat in serie limitata din argint 925. La cerere acest pandantiv caduceu poate fi realizat si in aur galben de 14k sau combinat cu argint.<\/p>\n<p>Fiecare bijuterie are caracteristici unicat pentru ca este lucrata in totalitate manual.<\/p>\n<p>Aceasta bijuterie este lucrata integral manual la comanda in serie limitata. Eventualele mici imperfectiuni sunt un indiciu al prelucrari integral manuale in tehnici traditionale.<\/p>\n<p>Elles conf\u00e8rent \u00e9galement originalit\u00e9 et authenticit\u00e9 \u00e0 chaque pi\u00e8ce. Ainsi, chaque bijou que je produis poss\u00e8de des \u00e9l\u00e9ments distincts et uniques, ce qui lui donne une valeur sup\u00e9rieure par rapport aux bijoux produits en masse en usine.<\/p>\n<p>Tous mes bijoux faits main sont accompagn\u00e9s d\u2019un certificat d\u2019authenticit\u00e9 et d\u2019une garantie. Les bijoux en m\u00e9tal pr\u00e9cieux portent le poin\u00e7on de responsabilit\u00e9 du bijoutier ainsi que le poin\u00e7on d\u2019\u00c9tat.<\/p>","protected":false},"excerpt":{"rendered":"<p class=\"p1\">Pandantiv Caduceu lucrat manual, realizat din Argint 925, inspirat din mitologia greaca. Reprezinta toiagul lui Hermes.<\/p>\n<p class=\"p1\">Dimensiuni: 35mmx30mm<\/p>","protected":false},"featured_media":2088,"comment_status":"open","ping_status":"closed","template":"","meta":{"neve_meta_sidebar":"","neve_meta_container":"","neve_meta_enable_content_width":"off","neve_meta_content_width":70,"neve_meta_title_alignment":"","neve_meta_author_avatar":"","neve_post_elements_order":"","neve_meta_disable_header":"","neve_meta_disable_footer":"","neve_meta_disable_title":"","neve_meta_reading_time":""},"product_brand":[],"product_cat":[50],"product_tag":[119,116,58,122,118,117,121,120,123,51,57,56],"class_list":{"0":"post-2087","1":"product","2":"type-product","3":"status-publish","4":"has-post-thumbnail","6":"product_cat-coliere-si-pandantive","7":"product_tag-bijuterii-ocazii-speciale","8":"product_tag-caduceu","9":"product_tag-caduceu-argint","10":"product_tag-caduceu-bijuterie","11":"product_tag-caduceu-hermes","12":"product_tag-caduceu-inaripat-argint","13":"product_tag-caduceu-talisman","14":"product_tag-caduceus","15":"product_tag-medalion-caduceu","16":"product_tag-pandantiv-argint","17":"product_tag-pandantiv-caduceu","18":"product_tag-pandantiv-handmade","20":"first","21":"instock","22":"taxable","23":"shipping-taxable","24":"purchasable","25":"product-type-simple"},"yoast_head":"<!-- This site is optimized with the Yoast SEO plugin v27.3 - https:\/\/yoast.com\/product\/yoast-seo-wordpress\/ -->\n<title>Pandantiv Caduceu - Mihail Jewellery - Bijuterii handmade unicat!<\/title>\n<meta name=\"description\" content=\"Pandantiv Caduceu realizat din Argint 925, inspirat din mitologia greaca. Reprezinta toiagul lui Hermes.Dimensiuni: 35mmx30mm\" \/>\n<meta name=\"robots\" content=\"index, follow, max-snippet:-1, max-image-preview:large, max-video-preview:-1\" \/>\n<link rel=\"canonical\" href=\"https:\/\/mihailjewellery.com\/fr\/produit\/pandantiv-caduceu\/\" \/>\n<meta property=\"og:locale\" content=\"fr_FR\" \/>\n<meta property=\"og:type\" content=\"article\" \/>\n<meta property=\"og:title\" content=\"Pandantiv Caduceu - Mihail Jewellery - Bijuterii handmade unicat!\" \/>\n<meta property=\"og:description\" content=\"Pandantiv Caduceu realizat din Argint 925, inspirat din mitologia greaca. Reprezinta toiagul lui Hermes.Dimensiuni: 35mmx30mm\" \/>\n<meta property=\"og:url\" content=\"https:\/\/mihailjewellery.com\/fr\/produit\/pandantiv-caduceu\/\" \/>\n<meta property=\"og:site_name\" content=\"Mihail Jewellery\" \/>\n<meta property=\"article:publisher\" content=\"https:\/\/www.facebook.com\/MihailJewellerycom\" \/>\n<meta property=\"article:modified_time\" content=\"2026-02-05T12:55:45+00:00\" \/>\n<meta property=\"og:image\" content=\"https:\/\/mihailjewellery.com\/wp-content\/uploads\/2020\/08\/DSCF1467-570x428-1.jpg\" \/>\n\t<meta property=\"og:image:width\" content=\"570\" \/>\n\t<meta property=\"og:image:height\" content=\"428\" \/>\n\t<meta property=\"og:image:type\" content=\"image\/jpeg\" \/>\n<meta name=\"twitter:card\" content=\"summary_large_image\" \/>\n<meta name=\"twitter:label1\" content=\"Dur\u00e9e de lecture estim\u00e9e\" \/>\n\t<meta name=\"twitter:data1\" content=\"2 minutes\" \/>\n<script type=\"application\/ld+json\" class=\"yoast-schema-graph\">{\"@context\":\"https:\\\/\\\/schema.org\",\"@graph\":[{\"@type\":\"WebPage\",\"@id\":\"https:\\\/\\\/mihailjewellery.com\\\/product\\\/pandantiv-caduceu\\\/\",\"url\":\"https:\\\/\\\/mihailjewellery.com\\\/product\\\/pandantiv-caduceu\\\/\",\"name\":\"Pandantiv Caduceu - Mihail Jewellery - Bijuterii handmade unicat!\",\"isPartOf\":{\"@id\":\"https:\\\/\\\/mihailjewellery.com\\\/#website\"},\"primaryImageOfPage\":{\"@id\":\"https:\\\/\\\/mihailjewellery.com\\\/product\\\/pandantiv-caduceu\\\/#primaryimage\"},\"image\":{\"@id\":\"https:\\\/\\\/mihailjewellery.com\\\/product\\\/pandantiv-caduceu\\\/#primaryimage\"},\"thumbnailUrl\":\"https:\\\/\\\/mihailjewellery.com\\\/wp-content\\\/uploads\\\/2020\\\/08\\\/DSCF1467-570x428-1.jpg\",\"datePublished\":\"2020-08-29T12:43:09+00:00\",\"dateModified\":\"2026-02-05T12:55:45+00:00\",\"description\":\"Pandantiv Caduceu realizat din Argint 925, inspirat din mitologia greaca. Reprezinta toiagul lui Hermes.Dimensiuni: 35mmx30mm\",\"breadcrumb\":{\"@id\":\"https:\\\/\\\/mihailjewellery.com\\\/product\\\/pandantiv-caduceu\\\/#breadcrumb\"},\"inLanguage\":\"fr-FR\",\"potentialAction\":[{\"@type\":\"ReadAction\",\"target\":[\"https:\\\/\\\/mihailjewellery.com\\\/product\\\/pandantiv-caduceu\\\/\"]}]},{\"@type\":\"ImageObject\",\"inLanguage\":\"fr-FR\",\"@id\":\"https:\\\/\\\/mihailjewellery.com\\\/product\\\/pandantiv-caduceu\\\/#primaryimage\",\"url\":\"https:\\\/\\\/mihailjewellery.com\\\/wp-content\\\/uploads\\\/2020\\\/08\\\/DSCF1467-570x428-1.jpg\",\"contentUrl\":\"https:\\\/\\\/mihailjewellery.com\\\/wp-content\\\/uploads\\\/2020\\\/08\\\/DSCF1467-570x428-1.jpg\",\"width\":570,\"height\":428,\"caption\":\"www.mihailjewellery.com\"},{\"@type\":\"BreadcrumbList\",\"@id\":\"https:\\\/\\\/mihailjewellery.com\\\/product\\\/pandantiv-caduceu\\\/#breadcrumb\",\"itemListElement\":[{\"@type\":\"ListItem\",\"position\":1,\"name\":\"Home\",\"item\":\"https:\\\/\\\/mihailjewellery.com\\\/\"},{\"@type\":\"ListItem\",\"position\":2,\"name\":\"Shop\",\"item\":\"https:\\\/\\\/mihailjewellery.com\\\/shop\\\/\"},{\"@type\":\"ListItem\",\"position\":3,\"name\":\"Pandantiv Caduceu\"}]},{\"@type\":\"WebSite\",\"@id\":\"https:\\\/\\\/mihailjewellery.com\\\/#website\",\"url\":\"https:\\\/\\\/mihailjewellery.com\\\/\",\"name\":\"Mihail Jewellery\",\"description\":\"Custom and unique jewellery\",\"publisher\":{\"@id\":\"https:\\\/\\\/mihailjewellery.com\\\/#organization\"},\"potentialAction\":[{\"@type\":\"SearchAction\",\"target\":{\"@type\":\"EntryPoint\",\"urlTemplate\":\"https:\\\/\\\/mihailjewellery.com\\\/?s={search_term_string}\"},\"query-input\":{\"@type\":\"PropertyValueSpecification\",\"valueRequired\":true,\"valueName\":\"search_term_string\"}}],\"inLanguage\":\"fr-FR\"},{\"@type\":\"Organization\",\"@id\":\"https:\\\/\\\/mihailjewellery.com\\\/#organization\",\"name\":\"Mihail Jewellery\",\"url\":\"https:\\\/\\\/mihailjewellery.com\\\/\",\"logo\":{\"@type\":\"ImageObject\",\"inLanguage\":\"fr-FR\",\"@id\":\"https:\\\/\\\/mihailjewellery.com\\\/#\\\/schema\\\/logo\\\/image\\\/\",\"url\":\"https:\\\/\\\/mihailjewellery.com\\\/wp-content\\\/uploads\\\/2020\\\/08\\\/vertical_on_transparent_by_logaster.png\",\"contentUrl\":\"https:\\\/\\\/mihailjewellery.com\\\/wp-content\\\/uploads\\\/2020\\\/08\\\/vertical_on_transparent_by_logaster.png\",\"width\":2000,\"height\":2000,\"caption\":\"Mihail Jewellery\"},\"image\":{\"@id\":\"https:\\\/\\\/mihailjewellery.com\\\/#\\\/schema\\\/logo\\\/image\\\/\"},\"sameAs\":[\"https:\\\/\\\/www.facebook.com\\\/MihailJewellerycom\"]}]}<\/script>\n<!-- \/ Yoast SEO plugin. -->","yoast_head_json":{"title":"Pandantiv Caduceu - Mihail Jewellery - Bijuterii handmade unicat!","description":"Pandantiv Caduceu realizat din Argint 925, inspirat din mitologia greaca. Reprezinta toiagul lui Hermes.Dimensiuni: 35mmx30mm","robots":{"index":"index","follow":"follow","max-snippet":"max-snippet:-1","max-image-preview":"max-image-preview:large","max-video-preview":"max-video-preview:-1"},"canonical":"https:\/\/mihailjewellery.com\/fr\/produit\/pandantiv-caduceu\/","og_locale":"fr_FR","og_type":"article","og_title":"Pandantiv Caduceu - Mihail Jewellery - Bijuterii handmade unicat!","og_description":"Pandantiv Caduceu realizat din Argint 925, inspirat din mitologia greaca. Reprezinta toiagul lui Hermes.Dimensiuni: 35mmx30mm","og_url":"https:\/\/mihailjewellery.com\/fr\/produit\/pandantiv-caduceu\/","og_site_name":"Mihail Jewellery","article_publisher":"https:\/\/www.facebook.com\/MihailJewellerycom","article_modified_time":"2026-02-05T12:55:45+00:00","og_image":[{"width":570,"height":428,"url":"https:\/\/mihailjewellery.com\/wp-content\/uploads\/2020\/08\/DSCF1467-570x428-1.jpg","type":"image\/jpeg"}],"twitter_card":"summary_large_image","twitter_misc":{"Dur\u00e9e de lecture estim\u00e9e":"2 minutes"},"schema":{"@context":"https:\/\/schema.org","@graph":[{"@type":"WebPage","@id":"https:\/\/mihailjewellery.com\/product\/pandantiv-caduceu\/","url":"https:\/\/mihailjewellery.com\/product\/pandantiv-caduceu\/","name":"Pandantiv Caduceu - Mihail Jewellery - Bijuterii handmade unicat!","isPartOf":{"@id":"https:\/\/mihailjewellery.com\/#website"},"primaryImageOfPage":{"@id":"https:\/\/mihailjewellery.com\/product\/pandantiv-caduceu\/#primaryimage"},"image":{"@id":"https:\/\/mihailjewellery.com\/product\/pandantiv-caduceu\/#primaryimage"},"thumbnailUrl":"https:\/\/mihailjewellery.com\/wp-content\/uploads\/2020\/08\/DSCF1467-570x428-1.jpg","datePublished":"2020-08-29T12:43:09+00:00","dateModified":"2026-02-05T12:55:45+00:00","description":"Pandantiv Caduceu realizat din Argint 925, inspirat din mitologia greaca. Reprezinta toiagul lui Hermes.Dimensiuni: 35mmx30mm","breadcrumb":{"@id":"https:\/\/mihailjewellery.com\/product\/pandantiv-caduceu\/#breadcrumb"},"inLanguage":"fr-FR","potentialAction":[{"@type":"ReadAction","target":["https:\/\/mihailjewellery.com\/product\/pandantiv-caduceu\/"]}]},{"@type":"ImageObject","inLanguage":"fr-FR","@id":"https:\/\/mihailjewellery.com\/product\/pandantiv-caduceu\/#primaryimage","url":"https:\/\/mihailjewellery.com\/wp-content\/uploads\/2020\/08\/DSCF1467-570x428-1.jpg","contentUrl":"https:\/\/mihailjewellery.com\/wp-content\/uploads\/2020\/08\/DSCF1467-570x428-1.jpg","width":570,"height":428,"caption":"www.mihailjewellery.com"},{"@type":"BreadcrumbList","@id":"https:\/\/mihailjewellery.com\/product\/pandantiv-caduceu\/#breadcrumb","itemListElement":[{"@type":"ListItem","position":1,"name":"Home","item":"https:\/\/mihailjewellery.com\/"},{"@type":"ListItem","position":2,"name":"Shop","item":"https:\/\/mihailjewellery.com\/shop\/"},{"@type":"ListItem","position":3,"name":"Pandantiv Caduceu"}]},{"@type":"WebSite","@id":"https:\/\/mihailjewellery.com\/#website","url":"https:\/\/mihailjewellery.com\/","name":"Mihail Jewellery","description":"Custom and unique jewellery","publisher":{"@id":"https:\/\/mihailjewellery.com\/#organization"},"potentialAction":[{"@type":"SearchAction","target":{"@type":"EntryPoint","urlTemplate":"https:\/\/mihailjewellery.com\/?s={search_term_string}"},"query-input":{"@type":"PropertyValueSpecification","valueRequired":true,"valueName":"search_term_string"}}],"inLanguage":"fr-FR"},{"@type":"Organization","@id":"https:\/\/mihailjewellery.com\/#organization","name":"Mihail Jewellery","url":"https:\/\/mihailjewellery.com\/","logo":{"@type":"ImageObject","inLanguage":"fr-FR","@id":"https:\/\/mihailjewellery.com\/#\/schema\/logo\/image\/","url":"https:\/\/mihailjewellery.com\/wp-content\/uploads\/2020\/08\/vertical_on_transparent_by_logaster.png","contentUrl":"https:\/\/mihailjewellery.com\/wp-content\/uploads\/2020\/08\/vertical_on_transparent_by_logaster.png","width":2000,"height":2000,"caption":"Mihail Jewellery"},"image":{"@id":"https:\/\/mihailjewellery.com\/#\/schema\/logo\/image\/"},"sameAs":["https:\/\/www.facebook.com\/MihailJewellerycom"]}]}},"_links":{"self":[{"href":"https:\/\/mihailjewellery.com\/fr\/wp-json\/wp\/v2\/product\/2087","targetHints":{"allow":["GET"]}}],"collection":[{"href":"https:\/\/mihailjewellery.com\/fr\/wp-json\/wp\/v2\/product"}],"about":[{"href":"https:\/\/mihailjewellery.com\/fr\/wp-json\/wp\/v2\/types\/product"}],"replies":[{"embeddable":true,"href":"https:\/\/mihailjewellery.com\/fr\/wp-json\/wp\/v2\/comments?post=2087"}],"wp:featuredmedia":[{"embeddable":true,"href":"https:\/\/mihailjewellery.com\/fr\/wp-json\/wp\/v2\/media\/2088"}],"wp:attachment":[{"href":"https:\/\/mihailjewellery.com\/fr\/wp-json\/wp\/v2\/media?parent=2087"}],"wp:term":[{"taxonomy":"product_brand","embeddable":true,"href":"https:\/\/mihailjewellery.com\/fr\/wp-json\/wp\/v2\/product_brand?post=2087"},{"taxonomy":"product_cat","embeddable":true,"href":"https:\/\/mihailjewellery.com\/fr\/wp-json\/wp\/v2\/product_cat?post=2087"},{"taxonomy":"product_tag","embeddable":true,"href":"https:\/\/mihailjewellery.com\/fr\/wp-json\/wp\/v2\/product_tag?post=2087"}],"curies":[{"name":"wp","href":"https:\/\/api.w.org\/{rel}","templated":true}]}}