{"id":2241,"date":"2020-11-16T16:57:06","date_gmt":"2020-11-16T14:57:06","guid":{"rendered":"https:\/\/mihailjewellery.com\/?post_type=product&#038;p=2241"},"modified":"2025-05-31T16:50:15","modified_gmt":"2025-05-31T13:50:15","slug":"bratara-sarpe-mystic-snake","status":"publish","type":"product","link":"https:\/\/mihailjewellery.com\/fr\/product\/bratara-sarpe-mystic-snake\/","title":{"rendered":"Bratara sarpe Mystic Snake"},"content":{"rendered":"<p>Bratara sarpe realizata exclusiv manual din aur 585 si argint 925 cu patina.<\/p>\n<p>Este o creatie unica cu un design original, inspirata din mitologie. Sarpele este simbol care se regaseste in toate mitologiile purtand semnificatii diverse.<\/p>\n<p>Entre autres, il repr\u00e9sente la cr\u00e9ativit\u00e9 et la fertilit\u00e9, symbolisant la renaissance, la transformation et l\u2019immortalit\u00e9.<\/p>\n<p>Bratara sarpe Mystic Snake\u00a0 se realizeaza in serie mica, dar fiecare este unica prin modul de realizare, exclusiv manual.<\/p>\n<p>La comanda, acest model se poate personaliza. De exemplu, ea poate fi realizata exclusiv din argint 925 sau exclusiv din aur galben de 14k sau 18k. Mai mult, daca aveti o idee speciala de personalizare a acestei bijuterii sau pentru orice detalii legate de acesta bratara, ma puteti contacta la contact@mihailjewellery.com sau ma puteti suna la numarul: 0731.778.776<br \/>\nChaque bijou est enti\u00e8rement travaill\u00e9 \u00e0 la main, sur commande, en s\u00e9rie limit\u00e9e ou en pi\u00e8ce unique. Les \u00e9ventuelles petites imperfections sont la preuve d\u2019un travail artisanal traditionnel. Elles conf\u00e8rent \u00e9galement originalit\u00e9 et authenticit\u00e9 \u00e0 chaque pi\u00e8ce. En conclusion, chaque bijou que je cr\u00e9e poss\u00e8de des \u00e9l\u00e9ments distincts et uniques, ce qui lui donne une valeur sup\u00e9rieure par rapport aux bijoux produits en masse en usine.<\/p>\n<p>Bratara sarpe\u00a0 lucrata manual de mine vine insotita de certificat de autenticitate si garantie si ambalaj<\/p>\n<p>&nbsp;<\/p>\n<p>&nbsp;<\/p>\n<p>&nbsp;<\/p>\n<p>&nbsp;<\/p>\n<p>&nbsp;<\/p>","protected":false},"excerpt":{"rendered":"<p>Bratara Sarpe unicat, realizata exclusiv manual din aur galben 585 si din argint 925 cu patina speciala.<\/p>\n<p>Taille : r\u00e9glable<br \/>\nDiametru: 60-65mm reglabil<br \/>\nGramaj aproximativ: 14g de aur 585 si 10g argint 925<\/p>","protected":false},"featured_media":2242,"comment_status":"open","ping_status":"closed","template":"","meta":{"neve_meta_sidebar":"","neve_meta_container":"","neve_meta_enable_content_width":"off","neve_meta_content_width":70,"neve_meta_title_alignment":"","neve_meta_author_avatar":"","neve_post_elements_order":"","neve_meta_disable_header":"","neve_meta_disable_footer":"","neve_meta_disable_title":"","neve_meta_reading_time":""},"product_brand":[],"product_cat":[1140,1139,115],"product_tag":[240,239,231,234,233,232,235,185,188,229,230,82,81,238,237,236],"class_list":{"0":"post-2241","1":"product","2":"type-product","3":"status-publish","4":"has-post-thumbnail","6":"product_cat-argint","7":"product_cat-aur","8":"product_cat-bratari","9":"product_tag-bijuterii-cadou","10":"product_tag-bijuterii-cadouri-de-craciun","11":"product_tag-bijuterii-la-comanda","12":"product_tag-bijuterii-la-comanda-argint","13":"product_tag-bijuterii-la-comanda-bucuresti","14":"product_tag-bijuterii-la-comanda-dupa-model","15":"product_tag-bijuterii-sarpe","16":"product_tag-bratara-aur-dama","17":"product_tag-bratara-aur-galben","18":"product_tag-bratara-sarpe-argint","19":"product_tag-bratara-sarpe-aur","20":"product_tag-cadouri-de-lux","21":"product_tag-cadouri-speciale-pentru-iubita","22":"product_tag-gold-snake-bracelet","23":"product_tag-snake-bracelet","24":"product_tag-snake-bracelet-gold","26":"first","27":"instock","28":"taxable","29":"shipping-taxable","30":"purchasable","31":"product-type-simple"},"yoast_head":"<!-- This site is optimized with the Yoast SEO plugin v27.3 - https:\/\/yoast.com\/product\/yoast-seo-wordpress\/ -->\n<title>Bratara sarpe Mystic Snake - Mihail Jewellery - Unique Jewellery<\/title>\n<meta name=\"description\" content=\"Bratara Sarpe din aur galben de 14k si argint 925, unicat, realizata exclusiv manual de bijutier Mihail Constantinescu. Contact: 0731.778.776\" \/>\n<meta name=\"robots\" content=\"index, follow, max-snippet:-1, max-image-preview:large, max-video-preview:-1\" \/>\n<link rel=\"canonical\" href=\"https:\/\/mihailjewellery.com\/fr\/produit\/bratara-sarpe-mystic-snake\/\" \/>\n<meta property=\"og:locale\" content=\"fr_FR\" \/>\n<meta property=\"og:type\" content=\"article\" \/>\n<meta property=\"og:title\" content=\"Bratara sarpe Mystic Snake - Mihail Jewellery - Unique Jewellery\" \/>\n<meta property=\"og:description\" content=\"Bratara Sarpe din aur galben de 14k si argint 925, unicat, realizata exclusiv manual de bijutier Mihail Constantinescu. Contact: 0731.778.776\" \/>\n<meta property=\"og:url\" content=\"https:\/\/mihailjewellery.com\/fr\/produit\/bratara-sarpe-mystic-snake\/\" \/>\n<meta property=\"og:site_name\" content=\"Mihail Jewellery\" \/>\n<meta property=\"article:publisher\" content=\"https:\/\/www.facebook.com\/MihailJewellerycom\" \/>\n<meta property=\"article:modified_time\" content=\"2025-05-31T13:50:15+00:00\" \/>\n<meta property=\"og:image\" content=\"https:\/\/mihailjewellery.com\/wp-content\/uploads\/2020\/11\/DSCF2056-570x428-1.jpg\" \/>\n\t<meta property=\"og:image:width\" content=\"570\" \/>\n\t<meta property=\"og:image:height\" content=\"428\" \/>\n\t<meta property=\"og:image:type\" content=\"image\/jpeg\" \/>\n<meta name=\"twitter:card\" content=\"summary_large_image\" \/>\n<meta name=\"twitter:label1\" content=\"Dur\u00e9e de lecture estim\u00e9e\" \/>\n\t<meta name=\"twitter:data1\" content=\"2 minutes\" \/>\n<script type=\"application\/ld+json\" class=\"yoast-schema-graph\">{\"@context\":\"https:\\\/\\\/schema.org\",\"@graph\":[{\"@type\":\"WebPage\",\"@id\":\"https:\\\/\\\/mihailjewellery.com\\\/product\\\/bratara-sarpe-mystic-snake\\\/\",\"url\":\"https:\\\/\\\/mihailjewellery.com\\\/product\\\/bratara-sarpe-mystic-snake\\\/\",\"name\":\"Bratara sarpe Mystic Snake - Mihail Jewellery - Unique Jewellery\",\"isPartOf\":{\"@id\":\"https:\\\/\\\/mihailjewellery.com\\\/#website\"},\"primaryImageOfPage\":{\"@id\":\"https:\\\/\\\/mihailjewellery.com\\\/product\\\/bratara-sarpe-mystic-snake\\\/#primaryimage\"},\"image\":{\"@id\":\"https:\\\/\\\/mihailjewellery.com\\\/product\\\/bratara-sarpe-mystic-snake\\\/#primaryimage\"},\"thumbnailUrl\":\"https:\\\/\\\/mihailjewellery.com\\\/wp-content\\\/uploads\\\/2020\\\/11\\\/DSCF2056-570x428-1.jpg\",\"datePublished\":\"2020-11-16T14:57:06+00:00\",\"dateModified\":\"2025-05-31T13:50:15+00:00\",\"description\":\"Bratara Sarpe din aur galben de 14k si argint 925, unicat, realizata exclusiv manual de bijutier Mihail Constantinescu. Contact: 0731.778.776\",\"breadcrumb\":{\"@id\":\"https:\\\/\\\/mihailjewellery.com\\\/product\\\/bratara-sarpe-mystic-snake\\\/#breadcrumb\"},\"inLanguage\":\"fr-FR\",\"potentialAction\":[{\"@type\":\"ReadAction\",\"target\":[\"https:\\\/\\\/mihailjewellery.com\\\/product\\\/bratara-sarpe-mystic-snake\\\/\"]}]},{\"@type\":\"ImageObject\",\"inLanguage\":\"fr-FR\",\"@id\":\"https:\\\/\\\/mihailjewellery.com\\\/product\\\/bratara-sarpe-mystic-snake\\\/#primaryimage\",\"url\":\"https:\\\/\\\/mihailjewellery.com\\\/wp-content\\\/uploads\\\/2020\\\/11\\\/DSCF2056-570x428-1.jpg\",\"contentUrl\":\"https:\\\/\\\/mihailjewellery.com\\\/wp-content\\\/uploads\\\/2020\\\/11\\\/DSCF2056-570x428-1.jpg\",\"width\":570,\"height\":428,\"caption\":\"wwww.mihailjewellery.com\"},{\"@type\":\"BreadcrumbList\",\"@id\":\"https:\\\/\\\/mihailjewellery.com\\\/product\\\/bratara-sarpe-mystic-snake\\\/#breadcrumb\",\"itemListElement\":[{\"@type\":\"ListItem\",\"position\":1,\"name\":\"Home\",\"item\":\"https:\\\/\\\/mihailjewellery.com\\\/\"},{\"@type\":\"ListItem\",\"position\":2,\"name\":\"Shop\",\"item\":\"https:\\\/\\\/mihailjewellery.com\\\/shop\\\/\"},{\"@type\":\"ListItem\",\"position\":3,\"name\":\"Bratara sarpe Mystic Snake\"}]},{\"@type\":\"WebSite\",\"@id\":\"https:\\\/\\\/mihailjewellery.com\\\/#website\",\"url\":\"https:\\\/\\\/mihailjewellery.com\\\/\",\"name\":\"Mihail Jewellery\",\"description\":\"Custom and unique jewellery\",\"publisher\":{\"@id\":\"https:\\\/\\\/mihailjewellery.com\\\/#organization\"},\"potentialAction\":[{\"@type\":\"SearchAction\",\"target\":{\"@type\":\"EntryPoint\",\"urlTemplate\":\"https:\\\/\\\/mihailjewellery.com\\\/?s={search_term_string}\"},\"query-input\":{\"@type\":\"PropertyValueSpecification\",\"valueRequired\":true,\"valueName\":\"search_term_string\"}}],\"inLanguage\":\"fr-FR\"},{\"@type\":\"Organization\",\"@id\":\"https:\\\/\\\/mihailjewellery.com\\\/#organization\",\"name\":\"Mihail Jewellery\",\"url\":\"https:\\\/\\\/mihailjewellery.com\\\/\",\"logo\":{\"@type\":\"ImageObject\",\"inLanguage\":\"fr-FR\",\"@id\":\"https:\\\/\\\/mihailjewellery.com\\\/#\\\/schema\\\/logo\\\/image\\\/\",\"url\":\"https:\\\/\\\/mihailjewellery.com\\\/wp-content\\\/uploads\\\/2020\\\/08\\\/vertical_on_transparent_by_logaster.png\",\"contentUrl\":\"https:\\\/\\\/mihailjewellery.com\\\/wp-content\\\/uploads\\\/2020\\\/08\\\/vertical_on_transparent_by_logaster.png\",\"width\":2000,\"height\":2000,\"caption\":\"Mihail Jewellery\"},\"image\":{\"@id\":\"https:\\\/\\\/mihailjewellery.com\\\/#\\\/schema\\\/logo\\\/image\\\/\"},\"sameAs\":[\"https:\\\/\\\/www.facebook.com\\\/MihailJewellerycom\"]}]}<\/script>\n<!-- \/ Yoast SEO plugin. -->","yoast_head_json":{"title":"Bratara sarpe Mystic Snake - Mihail Jewellery - Unique Jewellery","description":"Bratara Sarpe din aur galben de 14k si argint 925, unicat, realizata exclusiv manual de bijutier Mihail Constantinescu. Contact: 0731.778.776","robots":{"index":"index","follow":"follow","max-snippet":"max-snippet:-1","max-image-preview":"max-image-preview:large","max-video-preview":"max-video-preview:-1"},"canonical":"https:\/\/mihailjewellery.com\/fr\/produit\/bratara-sarpe-mystic-snake\/","og_locale":"fr_FR","og_type":"article","og_title":"Bratara sarpe Mystic Snake - Mihail Jewellery - Unique Jewellery","og_description":"Bratara Sarpe din aur galben de 14k si argint 925, unicat, realizata exclusiv manual de bijutier Mihail Constantinescu. Contact: 0731.778.776","og_url":"https:\/\/mihailjewellery.com\/fr\/produit\/bratara-sarpe-mystic-snake\/","og_site_name":"Mihail Jewellery","article_publisher":"https:\/\/www.facebook.com\/MihailJewellerycom","article_modified_time":"2025-05-31T13:50:15+00:00","og_image":[{"width":570,"height":428,"url":"https:\/\/mihailjewellery.com\/wp-content\/uploads\/2020\/11\/DSCF2056-570x428-1.jpg","type":"image\/jpeg"}],"twitter_card":"summary_large_image","twitter_misc":{"Dur\u00e9e de lecture estim\u00e9e":"2 minutes"},"schema":{"@context":"https:\/\/schema.org","@graph":[{"@type":"WebPage","@id":"https:\/\/mihailjewellery.com\/product\/bratara-sarpe-mystic-snake\/","url":"https:\/\/mihailjewellery.com\/product\/bratara-sarpe-mystic-snake\/","name":"Bratara sarpe Mystic Snake - Mihail Jewellery - Unique Jewellery","isPartOf":{"@id":"https:\/\/mihailjewellery.com\/#website"},"primaryImageOfPage":{"@id":"https:\/\/mihailjewellery.com\/product\/bratara-sarpe-mystic-snake\/#primaryimage"},"image":{"@id":"https:\/\/mihailjewellery.com\/product\/bratara-sarpe-mystic-snake\/#primaryimage"},"thumbnailUrl":"https:\/\/mihailjewellery.com\/wp-content\/uploads\/2020\/11\/DSCF2056-570x428-1.jpg","datePublished":"2020-11-16T14:57:06+00:00","dateModified":"2025-05-31T13:50:15+00:00","description":"Bratara Sarpe din aur galben de 14k si argint 925, unicat, realizata exclusiv manual de bijutier Mihail Constantinescu. Contact: 0731.778.776","breadcrumb":{"@id":"https:\/\/mihailjewellery.com\/product\/bratara-sarpe-mystic-snake\/#breadcrumb"},"inLanguage":"fr-FR","potentialAction":[{"@type":"ReadAction","target":["https:\/\/mihailjewellery.com\/product\/bratara-sarpe-mystic-snake\/"]}]},{"@type":"ImageObject","inLanguage":"fr-FR","@id":"https:\/\/mihailjewellery.com\/product\/bratara-sarpe-mystic-snake\/#primaryimage","url":"https:\/\/mihailjewellery.com\/wp-content\/uploads\/2020\/11\/DSCF2056-570x428-1.jpg","contentUrl":"https:\/\/mihailjewellery.com\/wp-content\/uploads\/2020\/11\/DSCF2056-570x428-1.jpg","width":570,"height":428,"caption":"wwww.mihailjewellery.com"},{"@type":"BreadcrumbList","@id":"https:\/\/mihailjewellery.com\/product\/bratara-sarpe-mystic-snake\/#breadcrumb","itemListElement":[{"@type":"ListItem","position":1,"name":"Home","item":"https:\/\/mihailjewellery.com\/"},{"@type":"ListItem","position":2,"name":"Shop","item":"https:\/\/mihailjewellery.com\/shop\/"},{"@type":"ListItem","position":3,"name":"Bratara sarpe Mystic Snake"}]},{"@type":"WebSite","@id":"https:\/\/mihailjewellery.com\/#website","url":"https:\/\/mihailjewellery.com\/","name":"Mihail Jewellery","description":"Custom and unique jewellery","publisher":{"@id":"https:\/\/mihailjewellery.com\/#organization"},"potentialAction":[{"@type":"SearchAction","target":{"@type":"EntryPoint","urlTemplate":"https:\/\/mihailjewellery.com\/?s={search_term_string}"},"query-input":{"@type":"PropertyValueSpecification","valueRequired":true,"valueName":"search_term_string"}}],"inLanguage":"fr-FR"},{"@type":"Organization","@id":"https:\/\/mihailjewellery.com\/#organization","name":"Mihail Jewellery","url":"https:\/\/mihailjewellery.com\/","logo":{"@type":"ImageObject","inLanguage":"fr-FR","@id":"https:\/\/mihailjewellery.com\/#\/schema\/logo\/image\/","url":"https:\/\/mihailjewellery.com\/wp-content\/uploads\/2020\/08\/vertical_on_transparent_by_logaster.png","contentUrl":"https:\/\/mihailjewellery.com\/wp-content\/uploads\/2020\/08\/vertical_on_transparent_by_logaster.png","width":2000,"height":2000,"caption":"Mihail Jewellery"},"image":{"@id":"https:\/\/mihailjewellery.com\/#\/schema\/logo\/image\/"},"sameAs":["https:\/\/www.facebook.com\/MihailJewellerycom"]}]}},"_links":{"self":[{"href":"https:\/\/mihailjewellery.com\/fr\/wp-json\/wp\/v2\/product\/2241","targetHints":{"allow":["GET"]}}],"collection":[{"href":"https:\/\/mihailjewellery.com\/fr\/wp-json\/wp\/v2\/product"}],"about":[{"href":"https:\/\/mihailjewellery.com\/fr\/wp-json\/wp\/v2\/types\/product"}],"replies":[{"embeddable":true,"href":"https:\/\/mihailjewellery.com\/fr\/wp-json\/wp\/v2\/comments?post=2241"}],"wp:featuredmedia":[{"embeddable":true,"href":"https:\/\/mihailjewellery.com\/fr\/wp-json\/wp\/v2\/media\/2242"}],"wp:attachment":[{"href":"https:\/\/mihailjewellery.com\/fr\/wp-json\/wp\/v2\/media?parent=2241"}],"wp:term":[{"taxonomy":"product_brand","embeddable":true,"href":"https:\/\/mihailjewellery.com\/fr\/wp-json\/wp\/v2\/product_brand?post=2241"},{"taxonomy":"product_cat","embeddable":true,"href":"https:\/\/mihailjewellery.com\/fr\/wp-json\/wp\/v2\/product_cat?post=2241"},{"taxonomy":"product_tag","embeddable":true,"href":"https:\/\/mihailjewellery.com\/fr\/wp-json\/wp\/v2\/product_tag?post=2241"}],"curies":[{"name":"wp","href":"https:\/\/api.w.org\/{rel}","templated":true}]}}