{"id":2345,"date":"2020-12-03T20:03:49","date_gmt":"2020-12-03T18:03:49","guid":{"rendered":"https:\/\/mihailjewellery.com\/?post_type=product&#038;p=2345"},"modified":"2026-02-05T14:47:27","modified_gmt":"2026-02-05T12:47:27","slug":"set-butoni-si-ac-de-cravata-surf","status":"publish","type":"product","link":"https:\/\/mihailjewellery.com\/fr\/product\/set-butoni-si-ac-de-cravata-surf\/","title":{"rendered":"Set de boutons et \u00e9pingle \u00e0 cravate Surf"},"content":{"rendered":"<p>Set de boutons de manchette et \u00e9pingle de cravate \u2013 Enti\u00e8rement r\u00e9alis\u00e9 \u00e0 la main en argent 925, grav\u00e9 manuellement. Les boutons, en forme de planche de surf, disposent d\u2019un m\u00e9canisme unique, travaill\u00e9 manuellement avec un rivet. Ce syst\u00e8me de fixation est plus r\u00e9sistant que le mod\u00e8le traditionnel \u00e0 arceau, offrant une meilleure tenue sur la chemise et une durabilit\u00e9 accrue.<\/p>\n<p>Ce set s\u2019inspire de la mer et constitue un cadeau parfait pour un amateur de vagues, d\u2019oc\u00e9an et de surf.<\/p>\n<p>Le set de boutons de manchette et \u00e9pingle de cravate est une bijouterie contemporaine enti\u00e8rement travaill\u00e9e \u00e0 la main, sur commande. C\u2019est pourquoi il peut y avoir de l\u00e9g\u00e8res diff\u00e9rences \u00e0 chaque r\u00e9alisation. Une copie identique n\u2019est pas possible. Vous recevrez un set unique \u00e0 chaque fois.<\/p>\n<p>Ce set est livr\u00e9 avec un certificat d\u2019authenticit\u00e9, une garantie et un emballage personnalis\u00e9.<\/p>\n<p>&nbsp;<\/p>\n<p>&nbsp;<\/p>","protected":false},"excerpt":{"rendered":"<p>Ensemble de boutons de manchette avec \u00e9pingle \u00e0 cravate, unique, fabriqu\u00e9 exclusivement \u00e0 la main en argent 925 en forme de planche de surf.<\/p>\n<p>Grav\u00e9s \u00e0 la main, les boutons de manchette ont un m\u00e9canisme sp\u00e9cial fabriqu\u00e9 \u00e0 la main, muni d'un rivet, ce qui leur conf\u00e8re une r\u00e9sistance et une fixation accrues.<\/p>\n<p>Dimensions de l'\u00e9pingle \u00e0 cravate : 45 x 14 mm<\/p>\n<p>Dimensions des boutons : 25 x 10 mm<\/p>\n<p>&nbsp;<\/p>","protected":false},"featured_media":2346,"comment_status":"open","ping_status":"closed","template":"","meta":{"neve_meta_sidebar":"","neve_meta_container":"","neve_meta_enable_content_width":"off","neve_meta_content_width":70,"neve_meta_title_alignment":"","neve_meta_author_avatar":"","neve_post_elements_order":"","neve_meta_disable_header":"","neve_meta_disable_footer":"","neve_meta_disable_title":"","neve_meta_reading_time":""},"product_brand":[],"product_cat":[16,224],"product_tag":[376,375,374,377,243,244,245,250,252,254,378,372,373,379,383,384,380,381,382],"class_list":{"0":"post-2345","1":"product","2":"type-product","3":"status-publish","4":"has-post-thumbnail","6":"product_cat-bijuterii-barbati","7":"product_cat-butoni","8":"product_tag-ac-de-cravata","9":"product_tag-ac-de-cravata-argint","10":"product_tag-ac-de-cravata-din-argint","11":"product_tag-ac-de-cravata-personalizat","12":"product_tag-butoni-argint","13":"product_tag-butoni-argint-925","14":"product_tag-butoni-argint-gravati","15":"product_tag-cadouri-pentru-el","16":"product_tag-cadouri-pentru-el-de-ziua-lui","17":"product_tag-cadouri-pentru-el-handmade","18":"product_tag-set-butoni","19":"product_tag-set-butoni-si-ac-de-cravata","20":"product_tag-set-butoni-si-ac-de-cravata-argint","21":"product_tag-set-butoni-si-cravata","22":"product_tag-silver-tie-pin","23":"product_tag-surf-jewellery","24":"product_tag-tie-pin","25":"product_tag-tie-pin-silver","26":"product_tag-tie-pin-sterling-silver","28":"first","29":"instock","30":"taxable","31":"shipping-taxable","32":"purchasable","33":"product-type-simple"},"yoast_head":"<!-- This site is optimized with the Yoast SEO plugin v27.3 - https:\/\/yoast.com\/product\/yoast-seo-wordpress\/ -->\n<title>Set butoni si ac de cravata Surf - Mihail Jewellery - Handcrafted<\/title>\n<meta name=\"description\" content=\"Set butoni si ac de cravata, unicat, realizat exclusiv manual din argint 925, de autor Mihail Constantinescu. Contact: 0731.778.776\" \/>\n<meta name=\"robots\" content=\"index, follow, max-snippet:-1, max-image-preview:large, max-video-preview:-1\" \/>\n<link rel=\"canonical\" href=\"https:\/\/mihailjewellery.com\/fr\/produit\/set-butoni-si-ac-de-cravata-surf\/\" \/>\n<meta property=\"og:locale\" content=\"fr_FR\" \/>\n<meta property=\"og:type\" content=\"article\" \/>\n<meta property=\"og:title\" content=\"Set butoni si ac de cravata Surf - Mihail Jewellery - Handcrafted\" \/>\n<meta property=\"og:description\" content=\"Set butoni si ac de cravata, unicat, realizat exclusiv manual din argint 925, de autor Mihail Constantinescu. Contact: 0731.778.776\" \/>\n<meta property=\"og:url\" content=\"https:\/\/mihailjewellery.com\/fr\/produit\/set-butoni-si-ac-de-cravata-surf\/\" \/>\n<meta property=\"og:site_name\" content=\"Mihail Jewellery\" \/>\n<meta property=\"article:publisher\" content=\"https:\/\/www.facebook.com\/MihailJewellerycom\" \/>\n<meta property=\"article:modified_time\" content=\"2026-02-05T12:47:27+00:00\" \/>\n<meta property=\"og:image\" content=\"https:\/\/mihailjewellery.com\/wp-content\/uploads\/2020\/12\/DSCF2090-scaled.jpg\" \/>\n\t<meta property=\"og:image:width\" content=\"2560\" \/>\n\t<meta property=\"og:image:height\" content=\"1920\" \/>\n\t<meta property=\"og:image:type\" content=\"image\/jpeg\" \/>\n<meta name=\"twitter:card\" content=\"summary_large_image\" \/>\n<meta name=\"twitter:label1\" content=\"Dur\u00e9e de lecture estim\u00e9e\" \/>\n\t<meta name=\"twitter:data1\" content=\"1 minute\" \/>\n<script type=\"application\/ld+json\" class=\"yoast-schema-graph\">{\"@context\":\"https:\\\/\\\/schema.org\",\"@graph\":[{\"@type\":\"WebPage\",\"@id\":\"https:\\\/\\\/mihailjewellery.com\\\/product\\\/set-butoni-si-ac-de-cravata-surf\\\/\",\"url\":\"https:\\\/\\\/mihailjewellery.com\\\/product\\\/set-butoni-si-ac-de-cravata-surf\\\/\",\"name\":\"Set butoni si ac de cravata Surf - Mihail Jewellery - Handcrafted\",\"isPartOf\":{\"@id\":\"https:\\\/\\\/mihailjewellery.com\\\/#website\"},\"primaryImageOfPage\":{\"@id\":\"https:\\\/\\\/mihailjewellery.com\\\/product\\\/set-butoni-si-ac-de-cravata-surf\\\/#primaryimage\"},\"image\":{\"@id\":\"https:\\\/\\\/mihailjewellery.com\\\/product\\\/set-butoni-si-ac-de-cravata-surf\\\/#primaryimage\"},\"thumbnailUrl\":\"https:\\\/\\\/mihailjewellery.com\\\/wp-content\\\/uploads\\\/2020\\\/12\\\/DSCF2090-scaled.jpg\",\"datePublished\":\"2020-12-03T18:03:49+00:00\",\"dateModified\":\"2026-02-05T12:47:27+00:00\",\"description\":\"Set butoni si ac de cravata, unicat, realizat exclusiv manual din argint 925, de autor Mihail Constantinescu. Contact: 0731.778.776\",\"breadcrumb\":{\"@id\":\"https:\\\/\\\/mihailjewellery.com\\\/product\\\/set-butoni-si-ac-de-cravata-surf\\\/#breadcrumb\"},\"inLanguage\":\"fr-FR\",\"potentialAction\":[{\"@type\":\"ReadAction\",\"target\":[\"https:\\\/\\\/mihailjewellery.com\\\/product\\\/set-butoni-si-ac-de-cravata-surf\\\/\"]}]},{\"@type\":\"ImageObject\",\"inLanguage\":\"fr-FR\",\"@id\":\"https:\\\/\\\/mihailjewellery.com\\\/product\\\/set-butoni-si-ac-de-cravata-surf\\\/#primaryimage\",\"url\":\"https:\\\/\\\/mihailjewellery.com\\\/wp-content\\\/uploads\\\/2020\\\/12\\\/DSCF2090-scaled.jpg\",\"contentUrl\":\"https:\\\/\\\/mihailjewellery.com\\\/wp-content\\\/uploads\\\/2020\\\/12\\\/DSCF2090-scaled.jpg\",\"width\":2560,\"height\":1920,\"caption\":\"www.mihailjewellery.com\"},{\"@type\":\"BreadcrumbList\",\"@id\":\"https:\\\/\\\/mihailjewellery.com\\\/product\\\/set-butoni-si-ac-de-cravata-surf\\\/#breadcrumb\",\"itemListElement\":[{\"@type\":\"ListItem\",\"position\":1,\"name\":\"Home\",\"item\":\"https:\\\/\\\/mihailjewellery.com\\\/\"},{\"@type\":\"ListItem\",\"position\":2,\"name\":\"Shop\",\"item\":\"https:\\\/\\\/mihailjewellery.com\\\/shop\\\/\"},{\"@type\":\"ListItem\",\"position\":3,\"name\":\"Set butoni si ac de cravata Surf\"}]},{\"@type\":\"WebSite\",\"@id\":\"https:\\\/\\\/mihailjewellery.com\\\/#website\",\"url\":\"https:\\\/\\\/mihailjewellery.com\\\/\",\"name\":\"Mihail Jewellery\",\"description\":\"Custom and unique jewellery\",\"publisher\":{\"@id\":\"https:\\\/\\\/mihailjewellery.com\\\/#organization\"},\"potentialAction\":[{\"@type\":\"SearchAction\",\"target\":{\"@type\":\"EntryPoint\",\"urlTemplate\":\"https:\\\/\\\/mihailjewellery.com\\\/?s={search_term_string}\"},\"query-input\":{\"@type\":\"PropertyValueSpecification\",\"valueRequired\":true,\"valueName\":\"search_term_string\"}}],\"inLanguage\":\"fr-FR\"},{\"@type\":\"Organization\",\"@id\":\"https:\\\/\\\/mihailjewellery.com\\\/#organization\",\"name\":\"Mihail Jewellery\",\"url\":\"https:\\\/\\\/mihailjewellery.com\\\/\",\"logo\":{\"@type\":\"ImageObject\",\"inLanguage\":\"fr-FR\",\"@id\":\"https:\\\/\\\/mihailjewellery.com\\\/#\\\/schema\\\/logo\\\/image\\\/\",\"url\":\"https:\\\/\\\/mihailjewellery.com\\\/wp-content\\\/uploads\\\/2020\\\/08\\\/vertical_on_transparent_by_logaster.png\",\"contentUrl\":\"https:\\\/\\\/mihailjewellery.com\\\/wp-content\\\/uploads\\\/2020\\\/08\\\/vertical_on_transparent_by_logaster.png\",\"width\":2000,\"height\":2000,\"caption\":\"Mihail Jewellery\"},\"image\":{\"@id\":\"https:\\\/\\\/mihailjewellery.com\\\/#\\\/schema\\\/logo\\\/image\\\/\"},\"sameAs\":[\"https:\\\/\\\/www.facebook.com\\\/MihailJewellerycom\"]}]}<\/script>\n<!-- \/ Yoast SEO plugin. -->","yoast_head_json":{"title":"Set butoni si ac de cravata Surf - Mihail Jewellery - Handcrafted","description":"Set butoni si ac de cravata, unicat, realizat exclusiv manual din argint 925, de autor Mihail Constantinescu. Contact: 0731.778.776","robots":{"index":"index","follow":"follow","max-snippet":"max-snippet:-1","max-image-preview":"max-image-preview:large","max-video-preview":"max-video-preview:-1"},"canonical":"https:\/\/mihailjewellery.com\/fr\/produit\/set-butoni-si-ac-de-cravata-surf\/","og_locale":"fr_FR","og_type":"article","og_title":"Set butoni si ac de cravata Surf - Mihail Jewellery - Handcrafted","og_description":"Set butoni si ac de cravata, unicat, realizat exclusiv manual din argint 925, de autor Mihail Constantinescu. Contact: 0731.778.776","og_url":"https:\/\/mihailjewellery.com\/fr\/produit\/set-butoni-si-ac-de-cravata-surf\/","og_site_name":"Mihail Jewellery","article_publisher":"https:\/\/www.facebook.com\/MihailJewellerycom","article_modified_time":"2026-02-05T12:47:27+00:00","og_image":[{"width":2560,"height":1920,"url":"https:\/\/mihailjewellery.com\/wp-content\/uploads\/2020\/12\/DSCF2090-scaled.jpg","type":"image\/jpeg"}],"twitter_card":"summary_large_image","twitter_misc":{"Dur\u00e9e de lecture estim\u00e9e":"1 minute"},"schema":{"@context":"https:\/\/schema.org","@graph":[{"@type":"WebPage","@id":"https:\/\/mihailjewellery.com\/product\/set-butoni-si-ac-de-cravata-surf\/","url":"https:\/\/mihailjewellery.com\/product\/set-butoni-si-ac-de-cravata-surf\/","name":"Set butoni si ac de cravata Surf - Mihail Jewellery - Handcrafted","isPartOf":{"@id":"https:\/\/mihailjewellery.com\/#website"},"primaryImageOfPage":{"@id":"https:\/\/mihailjewellery.com\/product\/set-butoni-si-ac-de-cravata-surf\/#primaryimage"},"image":{"@id":"https:\/\/mihailjewellery.com\/product\/set-butoni-si-ac-de-cravata-surf\/#primaryimage"},"thumbnailUrl":"https:\/\/mihailjewellery.com\/wp-content\/uploads\/2020\/12\/DSCF2090-scaled.jpg","datePublished":"2020-12-03T18:03:49+00:00","dateModified":"2026-02-05T12:47:27+00:00","description":"Set butoni si ac de cravata, unicat, realizat exclusiv manual din argint 925, de autor Mihail Constantinescu. Contact: 0731.778.776","breadcrumb":{"@id":"https:\/\/mihailjewellery.com\/product\/set-butoni-si-ac-de-cravata-surf\/#breadcrumb"},"inLanguage":"fr-FR","potentialAction":[{"@type":"ReadAction","target":["https:\/\/mihailjewellery.com\/product\/set-butoni-si-ac-de-cravata-surf\/"]}]},{"@type":"ImageObject","inLanguage":"fr-FR","@id":"https:\/\/mihailjewellery.com\/product\/set-butoni-si-ac-de-cravata-surf\/#primaryimage","url":"https:\/\/mihailjewellery.com\/wp-content\/uploads\/2020\/12\/DSCF2090-scaled.jpg","contentUrl":"https:\/\/mihailjewellery.com\/wp-content\/uploads\/2020\/12\/DSCF2090-scaled.jpg","width":2560,"height":1920,"caption":"www.mihailjewellery.com"},{"@type":"BreadcrumbList","@id":"https:\/\/mihailjewellery.com\/product\/set-butoni-si-ac-de-cravata-surf\/#breadcrumb","itemListElement":[{"@type":"ListItem","position":1,"name":"Home","item":"https:\/\/mihailjewellery.com\/"},{"@type":"ListItem","position":2,"name":"Shop","item":"https:\/\/mihailjewellery.com\/shop\/"},{"@type":"ListItem","position":3,"name":"Set butoni si ac de cravata Surf"}]},{"@type":"WebSite","@id":"https:\/\/mihailjewellery.com\/#website","url":"https:\/\/mihailjewellery.com\/","name":"Mihail Jewellery","description":"Custom and unique jewellery","publisher":{"@id":"https:\/\/mihailjewellery.com\/#organization"},"potentialAction":[{"@type":"SearchAction","target":{"@type":"EntryPoint","urlTemplate":"https:\/\/mihailjewellery.com\/?s={search_term_string}"},"query-input":{"@type":"PropertyValueSpecification","valueRequired":true,"valueName":"search_term_string"}}],"inLanguage":"fr-FR"},{"@type":"Organization","@id":"https:\/\/mihailjewellery.com\/#organization","name":"Mihail Jewellery","url":"https:\/\/mihailjewellery.com\/","logo":{"@type":"ImageObject","inLanguage":"fr-FR","@id":"https:\/\/mihailjewellery.com\/#\/schema\/logo\/image\/","url":"https:\/\/mihailjewellery.com\/wp-content\/uploads\/2020\/08\/vertical_on_transparent_by_logaster.png","contentUrl":"https:\/\/mihailjewellery.com\/wp-content\/uploads\/2020\/08\/vertical_on_transparent_by_logaster.png","width":2000,"height":2000,"caption":"Mihail Jewellery"},"image":{"@id":"https:\/\/mihailjewellery.com\/#\/schema\/logo\/image\/"},"sameAs":["https:\/\/www.facebook.com\/MihailJewellerycom"]}]}},"_links":{"self":[{"href":"https:\/\/mihailjewellery.com\/fr\/wp-json\/wp\/v2\/product\/2345","targetHints":{"allow":["GET"]}}],"collection":[{"href":"https:\/\/mihailjewellery.com\/fr\/wp-json\/wp\/v2\/product"}],"about":[{"href":"https:\/\/mihailjewellery.com\/fr\/wp-json\/wp\/v2\/types\/product"}],"replies":[{"embeddable":true,"href":"https:\/\/mihailjewellery.com\/fr\/wp-json\/wp\/v2\/comments?post=2345"}],"wp:featuredmedia":[{"embeddable":true,"href":"https:\/\/mihailjewellery.com\/fr\/wp-json\/wp\/v2\/media\/2346"}],"wp:attachment":[{"href":"https:\/\/mihailjewellery.com\/fr\/wp-json\/wp\/v2\/media?parent=2345"}],"wp:term":[{"taxonomy":"product_brand","embeddable":true,"href":"https:\/\/mihailjewellery.com\/fr\/wp-json\/wp\/v2\/product_brand?post=2345"},{"taxonomy":"product_cat","embeddable":true,"href":"https:\/\/mihailjewellery.com\/fr\/wp-json\/wp\/v2\/product_cat?post=2345"},{"taxonomy":"product_tag","embeddable":true,"href":"https:\/\/mihailjewellery.com\/fr\/wp-json\/wp\/v2\/product_tag?post=2345"}],"curies":[{"name":"wp","href":"https:\/\/api.w.org\/{rel}","templated":true}]}}