{"id":2377,"date":"2020-12-09T17:28:00","date_gmt":"2020-12-09T15:28:00","guid":{"rendered":"https:\/\/mihailjewellery.com\/?post_type=product&#038;p=2377"},"modified":"2025-11-06T15:01:30","modified_gmt":"2025-11-06T13:01:30","slug":"bratara-impletita-aur","status":"publish","type":"product","link":"https:\/\/mihailjewellery.com\/fr\/product\/bratara-impletita-aur\/","title":{"rendered":"Bracelet tress\u00e9 en or, argent et cuivre"},"content":{"rendered":"<p>Bracelet Tress\u00e9 Or, Argent et Cuivre \u2013 Pi\u00e8ce unique, enti\u00e8rement r\u00e9alis\u00e9e \u00e0 la main \u00e0 partir de trois m\u00e9taux purs d\u2019inspiration viking : or jaune 18K, argent 999 et cuivre pur. Ce bracelet torsad\u00e9 en spirale est massif et peut \u00eatre personnalis\u00e9 selon vos souhaits.<\/p>\n<p>Sur demande, il peut \u00eatre enti\u00e8rement r\u00e9alis\u00e9 en argent, en or ou en cuivre pur.<\/p>\n<p>Le bracelet Tress\u00e9 Or, Argent et Cuivre est enti\u00e8rement travaill\u00e9 \u00e0 la main, sur commande, en s\u00e9rie limit\u00e9e ou en pi\u00e8ce unique. Les \u00e9ventuelles petites imperfections sont la preuve d\u2019un travail enti\u00e8rement artisanal utilisant des techniques traditionnelles.<\/p>\n<p>En m\u00eame temps, elles conf\u00e8rent originalit\u00e9 et authenticit\u00e9 \u00e0 chaque pi\u00e8ce. Ainsi, chaque bijou que je cr\u00e9e poss\u00e8de des \u00e9l\u00e9ments distincts et uniques, ce qui lui donne une valeur sup\u00e9rieure par rapport aux bijoux produits en masse en usine.<\/p>\n<p>Tous mes bijoux faits main sont accompagn\u00e9s d\u2019un certificat d\u2019authenticit\u00e9 et d\u2019une garantie.<\/p>","protected":false},"excerpt":{"rendered":"<p>Bracelet unique enti\u00e8rement r\u00e9alis\u00e9 \u00e0 la main par torsion, d'inspiration viking. Compos\u00e9 de trois m\u00e9taux purs : or jaune 18 carats, argent pur 999 et cuivre pur. Le bracelet peut \u00eatre personnalis\u00e9 sur demande.<\/p>\n<p>Taille : r\u00e9glable<\/p>\n<p>Circonf\u00e9rence : 60-65 mm r\u00e9glable<\/p>\n<p>Poids : 10 g d'or 18 carats, 14 g d'argent 999, 12 g de cuivre pur<\/p>","protected":false},"featured_media":2378,"comment_status":"open","ping_status":"closed","template":"","meta":{"neve_meta_sidebar":"","neve_meta_container":"","neve_meta_enable_content_width":"off","neve_meta_content_width":70,"neve_meta_title_alignment":"","neve_meta_author_avatar":"","neve_post_elements_order":"","neve_meta_disable_header":"","neve_meta_disable_footer":"","neve_meta_disable_title":"","neve_meta_reading_time":""},"product_brand":[],"product_cat":[16,115],"product_tag":[435,53,425,181,106,74,437,431,432,430,428,429,438,179,436,82,95,35,208,439,433],"class_list":{"0":"post-2377","1":"product","2":"type-product","3":"status-publish","4":"has-post-thumbnail","6":"product_cat-bijuterii-barbati","7":"product_cat-bratari","8":"product_tag-accesorii-yoga","9":"product_tag-bijuterie-lucrata-manual","10":"product_tag-bijuterie-unicat","11":"product_tag-bijuterii-aur-si-argint-online","12":"product_tag-bijuterii-din-cupru-handmade","13":"product_tag-bijuterii-handmade-unicat","14":"product_tag-bijuterii-pentru-sanatate","15":"product_tag-bijuterii-yoga","16":"product_tag-bijuterii-yoga-bucuresti","17":"product_tag-bratara-astrologica","18":"product_tag-bratara-astrologica-aur-argint-cupru","19":"product_tag-bratara-astrologica-handmade","20":"product_tag-bratara-impletita-aur-argint-si-cupru","21":"product_tag-bratara-vikinga","22":"product_tag-bratara-yoga","23":"product_tag-cadouri-de-lux","24":"product_tag-cadouri-pentru-ea","25":"product_tag-cadouri-speciale","26":"product_tag-site-uri-bijuterii-handmade","27":"product_tag-torque-bracelet","28":"product_tag-yoga-jewellery","30":"first","31":"instock","32":"taxable","33":"shipping-taxable","34":"purchasable","35":"product-type-simple"},"yoast_head":"<!-- This site is optimized with the Yoast SEO plugin v27.3 - https:\/\/yoast.com\/product\/yoast-seo-wordpress\/ -->\n<title>Bratara Impletita Aur, Argint si Cupru - Mihail Jewellery<\/title>\n<meta name=\"description\" content=\"Bratara impletita aur,argint si cupru!Model unicat de bratara realizata integral manual din argint 999, aur 24k si cupru pur.TEL: 0731.778.776\" \/>\n<meta name=\"robots\" content=\"index, follow, max-snippet:-1, max-image-preview:large, max-video-preview:-1\" \/>\n<link rel=\"canonical\" href=\"https:\/\/mihailjewellery.com\/fr\/produit\/bratara-impletita-aur\/\" \/>\n<meta property=\"og:locale\" content=\"fr_FR\" \/>\n<meta property=\"og:type\" content=\"article\" \/>\n<meta property=\"og:title\" content=\"Bratara Impletita Aur, Argint si Cupru - Mihail Jewellery\" \/>\n<meta property=\"og:description\" content=\"Bratara impletita aur,argint si cupru!Model unicat de bratara realizata integral manual din argint 999, aur 24k si cupru pur.TEL: 0731.778.776\" \/>\n<meta property=\"og:url\" content=\"https:\/\/mihailjewellery.com\/fr\/produit\/bratara-impletita-aur\/\" \/>\n<meta property=\"og:site_name\" content=\"Mihail Jewellery\" \/>\n<meta property=\"article:publisher\" content=\"https:\/\/www.facebook.com\/MihailJewellerycom\" \/>\n<meta property=\"article:modified_time\" content=\"2025-11-06T13:01:30+00:00\" \/>\n<meta property=\"og:image\" content=\"https:\/\/mihailjewellery.com\/wp-content\/uploads\/2020\/12\/P5280559-scaled.jpg\" \/>\n\t<meta property=\"og:image:width\" content=\"2560\" \/>\n\t<meta property=\"og:image:height\" content=\"1920\" \/>\n\t<meta property=\"og:image:type\" content=\"image\/jpeg\" \/>\n<meta name=\"twitter:card\" content=\"summary_large_image\" \/>\n<meta name=\"twitter:label1\" content=\"Dur\u00e9e de lecture estim\u00e9e\" \/>\n\t<meta name=\"twitter:data1\" content=\"1 minute\" \/>\n<script type=\"application\/ld+json\" class=\"yoast-schema-graph\">{\"@context\":\"https:\\\/\\\/schema.org\",\"@graph\":[{\"@type\":\"WebPage\",\"@id\":\"https:\\\/\\\/mihailjewellery.com\\\/product\\\/bratara-impletita-aur\\\/\",\"url\":\"https:\\\/\\\/mihailjewellery.com\\\/product\\\/bratara-impletita-aur\\\/\",\"name\":\"Bratara Impletita Aur, Argint si Cupru - Mihail Jewellery\",\"isPartOf\":{\"@id\":\"https:\\\/\\\/mihailjewellery.com\\\/#website\"},\"primaryImageOfPage\":{\"@id\":\"https:\\\/\\\/mihailjewellery.com\\\/product\\\/bratara-impletita-aur\\\/#primaryimage\"},\"image\":{\"@id\":\"https:\\\/\\\/mihailjewellery.com\\\/product\\\/bratara-impletita-aur\\\/#primaryimage\"},\"thumbnailUrl\":\"https:\\\/\\\/mihailjewellery.com\\\/wp-content\\\/uploads\\\/2020\\\/12\\\/P5280559-scaled.jpg\",\"datePublished\":\"2020-12-09T15:28:00+00:00\",\"dateModified\":\"2025-11-06T13:01:30+00:00\",\"description\":\"Bratara impletita aur,argint si cupru!Model unicat de bratara realizata integral manual din argint 999, aur 24k si cupru pur.TEL: 0731.778.776\",\"breadcrumb\":{\"@id\":\"https:\\\/\\\/mihailjewellery.com\\\/product\\\/bratara-impletita-aur\\\/#breadcrumb\"},\"inLanguage\":\"fr-FR\",\"potentialAction\":[{\"@type\":\"ReadAction\",\"target\":[\"https:\\\/\\\/mihailjewellery.com\\\/product\\\/bratara-impletita-aur\\\/\"]}]},{\"@type\":\"ImageObject\",\"inLanguage\":\"fr-FR\",\"@id\":\"https:\\\/\\\/mihailjewellery.com\\\/product\\\/bratara-impletita-aur\\\/#primaryimage\",\"url\":\"https:\\\/\\\/mihailjewellery.com\\\/wp-content\\\/uploads\\\/2020\\\/12\\\/P5280559-scaled.jpg\",\"contentUrl\":\"https:\\\/\\\/mihailjewellery.com\\\/wp-content\\\/uploads\\\/2020\\\/12\\\/P5280559-scaled.jpg\",\"width\":2560,\"height\":1920,\"caption\":\"www.mihailjewellery.com\"},{\"@type\":\"BreadcrumbList\",\"@id\":\"https:\\\/\\\/mihailjewellery.com\\\/product\\\/bratara-impletita-aur\\\/#breadcrumb\",\"itemListElement\":[{\"@type\":\"ListItem\",\"position\":1,\"name\":\"Home\",\"item\":\"https:\\\/\\\/mihailjewellery.com\\\/\"},{\"@type\":\"ListItem\",\"position\":2,\"name\":\"Shop\",\"item\":\"https:\\\/\\\/mihailjewellery.com\\\/shop\\\/\"},{\"@type\":\"ListItem\",\"position\":3,\"name\":\"Bratara Impletita Aur, Argint si Cupru\"}]},{\"@type\":\"WebSite\",\"@id\":\"https:\\\/\\\/mihailjewellery.com\\\/#website\",\"url\":\"https:\\\/\\\/mihailjewellery.com\\\/\",\"name\":\"Mihail Jewellery\",\"description\":\"Custom and unique jewellery\",\"publisher\":{\"@id\":\"https:\\\/\\\/mihailjewellery.com\\\/#organization\"},\"potentialAction\":[{\"@type\":\"SearchAction\",\"target\":{\"@type\":\"EntryPoint\",\"urlTemplate\":\"https:\\\/\\\/mihailjewellery.com\\\/?s={search_term_string}\"},\"query-input\":{\"@type\":\"PropertyValueSpecification\",\"valueRequired\":true,\"valueName\":\"search_term_string\"}}],\"inLanguage\":\"fr-FR\"},{\"@type\":\"Organization\",\"@id\":\"https:\\\/\\\/mihailjewellery.com\\\/#organization\",\"name\":\"Mihail Jewellery\",\"url\":\"https:\\\/\\\/mihailjewellery.com\\\/\",\"logo\":{\"@type\":\"ImageObject\",\"inLanguage\":\"fr-FR\",\"@id\":\"https:\\\/\\\/mihailjewellery.com\\\/#\\\/schema\\\/logo\\\/image\\\/\",\"url\":\"https:\\\/\\\/mihailjewellery.com\\\/wp-content\\\/uploads\\\/2020\\\/08\\\/vertical_on_transparent_by_logaster.png\",\"contentUrl\":\"https:\\\/\\\/mihailjewellery.com\\\/wp-content\\\/uploads\\\/2020\\\/08\\\/vertical_on_transparent_by_logaster.png\",\"width\":2000,\"height\":2000,\"caption\":\"Mihail Jewellery\"},\"image\":{\"@id\":\"https:\\\/\\\/mihailjewellery.com\\\/#\\\/schema\\\/logo\\\/image\\\/\"},\"sameAs\":[\"https:\\\/\\\/www.facebook.com\\\/MihailJewellerycom\"]}]}<\/script>\n<!-- \/ Yoast SEO plugin. -->","yoast_head_json":{"title":"Bratara Impletita Aur, Argint si Cupru - Mihail Jewellery","description":"Bratara impletita aur,argint si cupru!Model unicat de bratara realizata integral manual din argint 999, aur 24k si cupru pur.TEL: 0731.778.776","robots":{"index":"index","follow":"follow","max-snippet":"max-snippet:-1","max-image-preview":"max-image-preview:large","max-video-preview":"max-video-preview:-1"},"canonical":"https:\/\/mihailjewellery.com\/fr\/produit\/bratara-impletita-aur\/","og_locale":"fr_FR","og_type":"article","og_title":"Bratara Impletita Aur, Argint si Cupru - Mihail Jewellery","og_description":"Bratara impletita aur,argint si cupru!Model unicat de bratara realizata integral manual din argint 999, aur 24k si cupru pur.TEL: 0731.778.776","og_url":"https:\/\/mihailjewellery.com\/fr\/produit\/bratara-impletita-aur\/","og_site_name":"Mihail Jewellery","article_publisher":"https:\/\/www.facebook.com\/MihailJewellerycom","article_modified_time":"2025-11-06T13:01:30+00:00","og_image":[{"width":2560,"height":1920,"url":"https:\/\/mihailjewellery.com\/wp-content\/uploads\/2020\/12\/P5280559-scaled.jpg","type":"image\/jpeg"}],"twitter_card":"summary_large_image","twitter_misc":{"Dur\u00e9e de lecture estim\u00e9e":"1 minute"},"schema":{"@context":"https:\/\/schema.org","@graph":[{"@type":"WebPage","@id":"https:\/\/mihailjewellery.com\/product\/bratara-impletita-aur\/","url":"https:\/\/mihailjewellery.com\/product\/bratara-impletita-aur\/","name":"Bratara Impletita Aur, Argint si Cupru - Mihail Jewellery","isPartOf":{"@id":"https:\/\/mihailjewellery.com\/#website"},"primaryImageOfPage":{"@id":"https:\/\/mihailjewellery.com\/product\/bratara-impletita-aur\/#primaryimage"},"image":{"@id":"https:\/\/mihailjewellery.com\/product\/bratara-impletita-aur\/#primaryimage"},"thumbnailUrl":"https:\/\/mihailjewellery.com\/wp-content\/uploads\/2020\/12\/P5280559-scaled.jpg","datePublished":"2020-12-09T15:28:00+00:00","dateModified":"2025-11-06T13:01:30+00:00","description":"Bratara impletita aur,argint si cupru!Model unicat de bratara realizata integral manual din argint 999, aur 24k si cupru pur.TEL: 0731.778.776","breadcrumb":{"@id":"https:\/\/mihailjewellery.com\/product\/bratara-impletita-aur\/#breadcrumb"},"inLanguage":"fr-FR","potentialAction":[{"@type":"ReadAction","target":["https:\/\/mihailjewellery.com\/product\/bratara-impletita-aur\/"]}]},{"@type":"ImageObject","inLanguage":"fr-FR","@id":"https:\/\/mihailjewellery.com\/product\/bratara-impletita-aur\/#primaryimage","url":"https:\/\/mihailjewellery.com\/wp-content\/uploads\/2020\/12\/P5280559-scaled.jpg","contentUrl":"https:\/\/mihailjewellery.com\/wp-content\/uploads\/2020\/12\/P5280559-scaled.jpg","width":2560,"height":1920,"caption":"www.mihailjewellery.com"},{"@type":"BreadcrumbList","@id":"https:\/\/mihailjewellery.com\/product\/bratara-impletita-aur\/#breadcrumb","itemListElement":[{"@type":"ListItem","position":1,"name":"Home","item":"https:\/\/mihailjewellery.com\/"},{"@type":"ListItem","position":2,"name":"Shop","item":"https:\/\/mihailjewellery.com\/shop\/"},{"@type":"ListItem","position":3,"name":"Bratara Impletita Aur, Argint si Cupru"}]},{"@type":"WebSite","@id":"https:\/\/mihailjewellery.com\/#website","url":"https:\/\/mihailjewellery.com\/","name":"Mihail Jewellery","description":"Custom and unique jewellery","publisher":{"@id":"https:\/\/mihailjewellery.com\/#organization"},"potentialAction":[{"@type":"SearchAction","target":{"@type":"EntryPoint","urlTemplate":"https:\/\/mihailjewellery.com\/?s={search_term_string}"},"query-input":{"@type":"PropertyValueSpecification","valueRequired":true,"valueName":"search_term_string"}}],"inLanguage":"fr-FR"},{"@type":"Organization","@id":"https:\/\/mihailjewellery.com\/#organization","name":"Mihail Jewellery","url":"https:\/\/mihailjewellery.com\/","logo":{"@type":"ImageObject","inLanguage":"fr-FR","@id":"https:\/\/mihailjewellery.com\/#\/schema\/logo\/image\/","url":"https:\/\/mihailjewellery.com\/wp-content\/uploads\/2020\/08\/vertical_on_transparent_by_logaster.png","contentUrl":"https:\/\/mihailjewellery.com\/wp-content\/uploads\/2020\/08\/vertical_on_transparent_by_logaster.png","width":2000,"height":2000,"caption":"Mihail Jewellery"},"image":{"@id":"https:\/\/mihailjewellery.com\/#\/schema\/logo\/image\/"},"sameAs":["https:\/\/www.facebook.com\/MihailJewellerycom"]}]}},"_links":{"self":[{"href":"https:\/\/mihailjewellery.com\/fr\/wp-json\/wp\/v2\/product\/2377","targetHints":{"allow":["GET"]}}],"collection":[{"href":"https:\/\/mihailjewellery.com\/fr\/wp-json\/wp\/v2\/product"}],"about":[{"href":"https:\/\/mihailjewellery.com\/fr\/wp-json\/wp\/v2\/types\/product"}],"replies":[{"embeddable":true,"href":"https:\/\/mihailjewellery.com\/fr\/wp-json\/wp\/v2\/comments?post=2377"}],"wp:featuredmedia":[{"embeddable":true,"href":"https:\/\/mihailjewellery.com\/fr\/wp-json\/wp\/v2\/media\/2378"}],"wp:attachment":[{"href":"https:\/\/mihailjewellery.com\/fr\/wp-json\/wp\/v2\/media?parent=2377"}],"wp:term":[{"taxonomy":"product_brand","embeddable":true,"href":"https:\/\/mihailjewellery.com\/fr\/wp-json\/wp\/v2\/product_brand?post=2377"},{"taxonomy":"product_cat","embeddable":true,"href":"https:\/\/mihailjewellery.com\/fr\/wp-json\/wp\/v2\/product_cat?post=2377"},{"taxonomy":"product_tag","embeddable":true,"href":"https:\/\/mihailjewellery.com\/fr\/wp-json\/wp\/v2\/product_tag?post=2377"}],"curies":[{"name":"wp","href":"https:\/\/api.w.org\/{rel}","templated":true}]}}