{"id":2859,"date":"2021-02-02T17:11:14","date_gmt":"2021-02-02T15:11:14","guid":{"rendered":"https:\/\/mihailjewellery.com\/?post_type=product&#038;p=2859"},"modified":"2026-02-05T14:28:51","modified_gmt":"2026-02-05T12:28:51","slug":"inel-jad","status":"publish","type":"product","link":"https:\/\/mihailjewellery.com\/fr\/product\/inel-jad\/","title":{"rendered":"Bague Jade Plume"},"content":{"rendered":"<p>Bague Plume \u2013 R\u00e9alis\u00e9e \u00e0 la main en s\u00e9rie limit\u00e9e en argent 925 avec une pierre semi-pr\u00e9cieuse cabochon en jade bleu. Cette bague est une cr\u00e9ation fashion au design unique inspir\u00e9 de la culture des tribus am\u00e9rindiennes.\nIl s\u2019agit d\u2019une bijouterie contemporaine enti\u00e8rement travaill\u00e9e \u00e0 la main, sur commande. Cela signifie qu\u2019il peut y avoir de l\u00e9g\u00e8res diff\u00e9rences \u00e0 chaque reproduction. Une copie identique n\u2019est pas possible, vous recevrez donc une bague unique \u00e0 chaque fois. Cette bijouterie contemporaine peut \u00e9galement \u00eatre personnalis\u00e9e en choisissant le mat\u00e9riau ou en y gravant un message personnel, ou encore en combinant des \u00e9l\u00e9ments en or avec l\u2019argent 925.\nLa bague Jad Plume est livr\u00e9e avec un certificat d\u2019authenticit\u00e9, une garantie et un emballage personnalis\u00e9.<\/p>","protected":false},"excerpt":{"rendered":"<p>Bague \u00e0 plumes en argent 925 enti\u00e8rement travaill\u00e9e \u00e0 la main avec une pierre semi-pr\u00e9cieuse en jade bleu. Sur demande, cette bague peut \u00eatre personnalis\u00e9e avec un message ou un nom grav\u00e9 \u00e0 l'int\u00e9rieur. Cette bague peut \u00e9galement \u00eatre r\u00e9alis\u00e9e en or jaune 14k ou 18k.<\/p>\n<p>Largeur : 10 mm<\/p>\n<p>Pentru acest model, embosarea pe interior cost\u0103 50 RON.<\/p>","protected":false},"featured_media":2860,"comment_status":"open","ping_status":"closed","template":"","meta":{"neve_meta_sidebar":"","neve_meta_container":"","neve_meta_enable_content_width":"off","neve_meta_content_width":70,"neve_meta_title_alignment":"","neve_meta_author_avatar":"","neve_post_elements_order":"","neve_meta_disable_header":"","neve_meta_disable_footer":"","neve_meta_disable_title":"","neve_meta_reading_time":""},"product_brand":[],"product_cat":[27,225],"product_tag":[447,30,425,628,240,234,458,35,328,31,651,649,652,476,650,477,417,209],"class_list":{"0":"post-2859","1":"product","2":"type-product","3":"status-publish","4":"has-post-thumbnail","6":"product_cat-inele","7":"product_cat-inele-logodna","8":"product_tag-atelier-bijuterie","9":"product_tag-bijuterie-de-autor","10":"product_tag-bijuterie-unicat","11":"product_tag-bijuterii-argint-925-handmade","12":"product_tag-bijuterii-cadou","13":"product_tag-bijuterii-la-comanda-argint","14":"product_tag-cadou-pentru-cea-mai-buna-prietena","15":"product_tag-cadouri-speciale","16":"product_tag-inel","17":"product_tag-inel-argint","18":"product_tag-inel-cu-jad-natural","19":"product_tag-inel-jad","20":"product_tag-inel-pana","21":"product_tag-inel-personalizat","22":"product_tag-inele-jad","23":"product_tag-inele-personalizate-cu-nume","24":"product_tag-magazin-online-bijuterii","25":"product_tag-site-uri-bijuterii-argint","26":"wcpa_has_options","28":"first","29":"instock","30":"taxable","31":"shipping-taxable","32":"purchasable","33":"product-type-simple"},"yoast_head":"<!-- This site is optimized with the Yoast SEO plugin v27.3 - https:\/\/yoast.com\/product\/yoast-seo-wordpress\/ -->\n<title>Inel Jad Pana - Mihail Jewellery - Bijuterie handmade!!!<\/title>\n<meta name=\"description\" content=\"Inel Jad Pana lucrat integral manual din argint925, produs in serie limitata.La cerere acest model se poate personaliza.Bijutier:0731.778.776\" \/>\n<meta name=\"robots\" content=\"index, follow, max-snippet:-1, max-image-preview:large, max-video-preview:-1\" \/>\n<link rel=\"canonical\" href=\"https:\/\/mihailjewellery.com\/fr\/produit\/inel-jad\/\" \/>\n<meta property=\"og:locale\" content=\"fr_FR\" \/>\n<meta property=\"og:type\" content=\"article\" \/>\n<meta property=\"og:title\" content=\"Inel Jad Pana - Mihail Jewellery - Bijuterie handmade!!!\" \/>\n<meta property=\"og:description\" content=\"Inel Jad Pana lucrat integral manual din argint925, produs in serie limitata.La cerere acest model se poate personaliza.Bijutier:0731.778.776\" \/>\n<meta property=\"og:url\" content=\"https:\/\/mihailjewellery.com\/fr\/produit\/inel-jad\/\" \/>\n<meta property=\"og:site_name\" content=\"Mihail Jewellery\" \/>\n<meta property=\"article:publisher\" content=\"https:\/\/www.facebook.com\/MihailJewellerycom\" \/>\n<meta property=\"article:modified_time\" content=\"2026-02-05T12:28:51+00:00\" \/>\n<meta property=\"og:image\" content=\"https:\/\/mihailjewellery.com\/wp-content\/uploads\/2021\/02\/DSCF2203-scaled.jpg\" \/>\n\t<meta property=\"og:image:width\" content=\"2560\" \/>\n\t<meta property=\"og:image:height\" content=\"1920\" \/>\n\t<meta property=\"og:image:type\" content=\"image\/jpeg\" \/>\n<meta name=\"twitter:card\" content=\"summary_large_image\" \/>\n<meta name=\"twitter:label1\" content=\"Dur\u00e9e de lecture estim\u00e9e\" \/>\n\t<meta name=\"twitter:data1\" content=\"1 minute\" \/>\n<script type=\"application\/ld+json\" class=\"yoast-schema-graph\">{\"@context\":\"https:\\\/\\\/schema.org\",\"@graph\":[{\"@type\":\"WebPage\",\"@id\":\"https:\\\/\\\/mihailjewellery.com\\\/product\\\/inel-jad\\\/\",\"url\":\"https:\\\/\\\/mihailjewellery.com\\\/product\\\/inel-jad\\\/\",\"name\":\"Inel Jad Pana - Mihail Jewellery - Bijuterie handmade!!!\",\"isPartOf\":{\"@id\":\"https:\\\/\\\/mihailjewellery.com\\\/#website\"},\"primaryImageOfPage\":{\"@id\":\"https:\\\/\\\/mihailjewellery.com\\\/product\\\/inel-jad\\\/#primaryimage\"},\"image\":{\"@id\":\"https:\\\/\\\/mihailjewellery.com\\\/product\\\/inel-jad\\\/#primaryimage\"},\"thumbnailUrl\":\"https:\\\/\\\/mihailjewellery.com\\\/wp-content\\\/uploads\\\/2021\\\/02\\\/DSCF2203-scaled.jpg\",\"datePublished\":\"2021-02-02T15:11:14+00:00\",\"dateModified\":\"2026-02-05T12:28:51+00:00\",\"description\":\"Inel Jad Pana lucrat integral manual din argint925, produs in serie limitata.La cerere acest model se poate personaliza.Bijutier:0731.778.776\",\"breadcrumb\":{\"@id\":\"https:\\\/\\\/mihailjewellery.com\\\/product\\\/inel-jad\\\/#breadcrumb\"},\"inLanguage\":\"fr-FR\",\"potentialAction\":[{\"@type\":\"ReadAction\",\"target\":[\"https:\\\/\\\/mihailjewellery.com\\\/product\\\/inel-jad\\\/\"]}]},{\"@type\":\"ImageObject\",\"inLanguage\":\"fr-FR\",\"@id\":\"https:\\\/\\\/mihailjewellery.com\\\/product\\\/inel-jad\\\/#primaryimage\",\"url\":\"https:\\\/\\\/mihailjewellery.com\\\/wp-content\\\/uploads\\\/2021\\\/02\\\/DSCF2203-scaled.jpg\",\"contentUrl\":\"https:\\\/\\\/mihailjewellery.com\\\/wp-content\\\/uploads\\\/2021\\\/02\\\/DSCF2203-scaled.jpg\",\"width\":2560,\"height\":1920,\"caption\":\"www.mihailjewellery.com\"},{\"@type\":\"BreadcrumbList\",\"@id\":\"https:\\\/\\\/mihailjewellery.com\\\/product\\\/inel-jad\\\/#breadcrumb\",\"itemListElement\":[{\"@type\":\"ListItem\",\"position\":1,\"name\":\"Home\",\"item\":\"https:\\\/\\\/mihailjewellery.com\\\/\"},{\"@type\":\"ListItem\",\"position\":2,\"name\":\"Shop\",\"item\":\"https:\\\/\\\/mihailjewellery.com\\\/shop\\\/\"},{\"@type\":\"ListItem\",\"position\":3,\"name\":\"Inel Jad Pana\"}]},{\"@type\":\"WebSite\",\"@id\":\"https:\\\/\\\/mihailjewellery.com\\\/#website\",\"url\":\"https:\\\/\\\/mihailjewellery.com\\\/\",\"name\":\"Mihail Jewellery\",\"description\":\"Custom and unique jewellery\",\"publisher\":{\"@id\":\"https:\\\/\\\/mihailjewellery.com\\\/#organization\"},\"potentialAction\":[{\"@type\":\"SearchAction\",\"target\":{\"@type\":\"EntryPoint\",\"urlTemplate\":\"https:\\\/\\\/mihailjewellery.com\\\/?s={search_term_string}\"},\"query-input\":{\"@type\":\"PropertyValueSpecification\",\"valueRequired\":true,\"valueName\":\"search_term_string\"}}],\"inLanguage\":\"fr-FR\"},{\"@type\":\"Organization\",\"@id\":\"https:\\\/\\\/mihailjewellery.com\\\/#organization\",\"name\":\"Mihail Jewellery\",\"url\":\"https:\\\/\\\/mihailjewellery.com\\\/\",\"logo\":{\"@type\":\"ImageObject\",\"inLanguage\":\"fr-FR\",\"@id\":\"https:\\\/\\\/mihailjewellery.com\\\/#\\\/schema\\\/logo\\\/image\\\/\",\"url\":\"https:\\\/\\\/mihailjewellery.com\\\/wp-content\\\/uploads\\\/2020\\\/08\\\/vertical_on_transparent_by_logaster.png\",\"contentUrl\":\"https:\\\/\\\/mihailjewellery.com\\\/wp-content\\\/uploads\\\/2020\\\/08\\\/vertical_on_transparent_by_logaster.png\",\"width\":2000,\"height\":2000,\"caption\":\"Mihail Jewellery\"},\"image\":{\"@id\":\"https:\\\/\\\/mihailjewellery.com\\\/#\\\/schema\\\/logo\\\/image\\\/\"},\"sameAs\":[\"https:\\\/\\\/www.facebook.com\\\/MihailJewellerycom\"]}]}<\/script>\n<!-- \/ Yoast SEO plugin. -->","yoast_head_json":{"title":"Inel Jad Pana - Mihail Jewellery - Bijuterie handmade!!!","description":"Inel Jad Pana lucrat integral manual din argint925, produs in serie limitata.La cerere acest model se poate personaliza.Bijutier:0731.778.776","robots":{"index":"index","follow":"follow","max-snippet":"max-snippet:-1","max-image-preview":"max-image-preview:large","max-video-preview":"max-video-preview:-1"},"canonical":"https:\/\/mihailjewellery.com\/fr\/produit\/inel-jad\/","og_locale":"fr_FR","og_type":"article","og_title":"Inel Jad Pana - Mihail Jewellery - Bijuterie handmade!!!","og_description":"Inel Jad Pana lucrat integral manual din argint925, produs in serie limitata.La cerere acest model se poate personaliza.Bijutier:0731.778.776","og_url":"https:\/\/mihailjewellery.com\/fr\/produit\/inel-jad\/","og_site_name":"Mihail Jewellery","article_publisher":"https:\/\/www.facebook.com\/MihailJewellerycom","article_modified_time":"2026-02-05T12:28:51+00:00","og_image":[{"width":2560,"height":1920,"url":"https:\/\/mihailjewellery.com\/wp-content\/uploads\/2021\/02\/DSCF2203-scaled.jpg","type":"image\/jpeg"}],"twitter_card":"summary_large_image","twitter_misc":{"Dur\u00e9e de lecture estim\u00e9e":"1 minute"},"schema":{"@context":"https:\/\/schema.org","@graph":[{"@type":"WebPage","@id":"https:\/\/mihailjewellery.com\/product\/inel-jad\/","url":"https:\/\/mihailjewellery.com\/product\/inel-jad\/","name":"Inel Jad Pana - Mihail Jewellery - Bijuterie handmade!!!","isPartOf":{"@id":"https:\/\/mihailjewellery.com\/#website"},"primaryImageOfPage":{"@id":"https:\/\/mihailjewellery.com\/product\/inel-jad\/#primaryimage"},"image":{"@id":"https:\/\/mihailjewellery.com\/product\/inel-jad\/#primaryimage"},"thumbnailUrl":"https:\/\/mihailjewellery.com\/wp-content\/uploads\/2021\/02\/DSCF2203-scaled.jpg","datePublished":"2021-02-02T15:11:14+00:00","dateModified":"2026-02-05T12:28:51+00:00","description":"Inel Jad Pana lucrat integral manual din argint925, produs in serie limitata.La cerere acest model se poate personaliza.Bijutier:0731.778.776","breadcrumb":{"@id":"https:\/\/mihailjewellery.com\/product\/inel-jad\/#breadcrumb"},"inLanguage":"fr-FR","potentialAction":[{"@type":"ReadAction","target":["https:\/\/mihailjewellery.com\/product\/inel-jad\/"]}]},{"@type":"ImageObject","inLanguage":"fr-FR","@id":"https:\/\/mihailjewellery.com\/product\/inel-jad\/#primaryimage","url":"https:\/\/mihailjewellery.com\/wp-content\/uploads\/2021\/02\/DSCF2203-scaled.jpg","contentUrl":"https:\/\/mihailjewellery.com\/wp-content\/uploads\/2021\/02\/DSCF2203-scaled.jpg","width":2560,"height":1920,"caption":"www.mihailjewellery.com"},{"@type":"BreadcrumbList","@id":"https:\/\/mihailjewellery.com\/product\/inel-jad\/#breadcrumb","itemListElement":[{"@type":"ListItem","position":1,"name":"Home","item":"https:\/\/mihailjewellery.com\/"},{"@type":"ListItem","position":2,"name":"Shop","item":"https:\/\/mihailjewellery.com\/shop\/"},{"@type":"ListItem","position":3,"name":"Inel Jad Pana"}]},{"@type":"WebSite","@id":"https:\/\/mihailjewellery.com\/#website","url":"https:\/\/mihailjewellery.com\/","name":"Mihail Jewellery","description":"Custom and unique jewellery","publisher":{"@id":"https:\/\/mihailjewellery.com\/#organization"},"potentialAction":[{"@type":"SearchAction","target":{"@type":"EntryPoint","urlTemplate":"https:\/\/mihailjewellery.com\/?s={search_term_string}"},"query-input":{"@type":"PropertyValueSpecification","valueRequired":true,"valueName":"search_term_string"}}],"inLanguage":"fr-FR"},{"@type":"Organization","@id":"https:\/\/mihailjewellery.com\/#organization","name":"Mihail Jewellery","url":"https:\/\/mihailjewellery.com\/","logo":{"@type":"ImageObject","inLanguage":"fr-FR","@id":"https:\/\/mihailjewellery.com\/#\/schema\/logo\/image\/","url":"https:\/\/mihailjewellery.com\/wp-content\/uploads\/2020\/08\/vertical_on_transparent_by_logaster.png","contentUrl":"https:\/\/mihailjewellery.com\/wp-content\/uploads\/2020\/08\/vertical_on_transparent_by_logaster.png","width":2000,"height":2000,"caption":"Mihail Jewellery"},"image":{"@id":"https:\/\/mihailjewellery.com\/#\/schema\/logo\/image\/"},"sameAs":["https:\/\/www.facebook.com\/MihailJewellerycom"]}]}},"_links":{"self":[{"href":"https:\/\/mihailjewellery.com\/fr\/wp-json\/wp\/v2\/product\/2859","targetHints":{"allow":["GET"]}}],"collection":[{"href":"https:\/\/mihailjewellery.com\/fr\/wp-json\/wp\/v2\/product"}],"about":[{"href":"https:\/\/mihailjewellery.com\/fr\/wp-json\/wp\/v2\/types\/product"}],"replies":[{"embeddable":true,"href":"https:\/\/mihailjewellery.com\/fr\/wp-json\/wp\/v2\/comments?post=2859"}],"wp:featuredmedia":[{"embeddable":true,"href":"https:\/\/mihailjewellery.com\/fr\/wp-json\/wp\/v2\/media\/2860"}],"wp:attachment":[{"href":"https:\/\/mihailjewellery.com\/fr\/wp-json\/wp\/v2\/media?parent=2859"}],"wp:term":[{"taxonomy":"product_brand","embeddable":true,"href":"https:\/\/mihailjewellery.com\/fr\/wp-json\/wp\/v2\/product_brand?post=2859"},{"taxonomy":"product_cat","embeddable":true,"href":"https:\/\/mihailjewellery.com\/fr\/wp-json\/wp\/v2\/product_cat?post=2859"},{"taxonomy":"product_tag","embeddable":true,"href":"https:\/\/mihailjewellery.com\/fr\/wp-json\/wp\/v2\/product_tag?post=2859"}],"curies":[{"name":"wp","href":"https:\/\/api.w.org\/{rel}","templated":true}]}}