{"id":3058,"date":"2021-06-07T12:44:44","date_gmt":"2021-06-07T09:44:44","guid":{"rendered":"https:\/\/mihailjewellery.com\/?post_type=product&#038;p=3058"},"modified":"2025-11-06T15:08:29","modified_gmt":"2025-11-06T13:08:29","slug":"cercei-argint-925-meteorit","status":"publish","type":"product","link":"https:\/\/mihailjewellery.com\/fr\/product\/cercei-argint-925-meteorit\/","title":{"rendered":"Boucles d'oreilles en argent 925 M\u00e9t\u00e9orite"},"content":{"rendered":"<p>Boucles d\u2019oreilles en argent 925 \u2013 Pi\u00e8ce unique, sculpt\u00e9es \u00e0 la main dans la cire et coul\u00e9es en argent 925. La technique utilis\u00e9e pour ce set de boucles d\u2019oreilles ear stud s\u2019appelle la cire perdue (lost wax casting).<\/p>\n<p>Il s\u2019agit d\u2019un set de bijoux contemporains enti\u00e8rement travaill\u00e9 \u00e0 la main, sur commande. Cela signifie qu\u2019il peut y avoir de l\u00e9g\u00e8res diff\u00e9rences \u00e0 chaque r\u00e9alisation. Une copie identique n\u2019est pas possible, vous recevrez donc une paire unique \u00e0 chaque fois. Celle-ci peut \u00e9galement \u00eatre personnalis\u00e9e en choisissant le mat\u00e9riau dans lequel elle sera r\u00e9alis\u00e9e. Par exemple, les boucles d\u2019oreilles Cercei Argint 925 Meteorit peuvent \u00eatre enti\u00e8rement fabriqu\u00e9es en or jaune 14K ou 18K, ou en argent 925 combin\u00e9 avec des \u00e9l\u00e9ments en or.<\/p>\n<p>Cette paire de boucles d\u2019oreilles est livr\u00e9e avec un certificat d\u2019authenticit\u00e9, une garantie et un emballage personnalis\u00e9.<\/p>","protected":false},"excerpt":{"rendered":"<p>Boucles d'oreilles en argent 925 enti\u00e8rement r\u00e9alis\u00e9es \u00e0 la main en argent avec patine noire vieillie. Boucles d'oreilles uniques sculpt\u00e9es \u00e0 la main en forme de m\u00e9t\u00e9orite.<\/p>\n<p>Sur demande, elles peuvent \u00eatre enti\u00e8rement r\u00e9alis\u00e9es en or jaune 14k ou 18k.<\/p>","protected":false},"featured_media":3065,"comment_status":"open","ping_status":"closed","template":"","meta":{"neve_meta_sidebar":"","neve_meta_container":"","neve_meta_enable_content_width":"off","neve_meta_content_width":70,"neve_meta_title_alignment":"","neve_meta_author_avatar":"","neve_post_elements_order":"","neve_meta_disable_header":"","neve_meta_disable_footer":"","neve_meta_disable_title":"","neve_meta_reading_time":""},"product_brand":[],"product_cat":[1140,68],"product_tag":[240,231,234,95,285,460,69,826,836,833,827,80,834,830,831,462,835,837,71,828,832,72,415,829,208],"class_list":{"0":"post-3058","1":"product","2":"type-product","3":"status-publish","4":"has-post-thumbnail","6":"product_cat-argint","7":"product_cat-cercei","8":"product_tag-bijuterii-cadou","9":"product_tag-bijuterii-la-comanda","10":"product_tag-bijuterii-la-comanda-argint","11":"product_tag-cadouri-pentru-ea","12":"product_tag-cadouri-personalizate-pentru-iubita","13":"product_tag-cercei","14":"product_tag-cercei-argint-925","15":"product_tag-cercei-argint-925-dama","16":"product_tag-cercei-argint-bucuresti","17":"product_tag-cercei-argint-lucrati-manual","18":"product_tag-cercei-argint-rotunzi","19":"product_tag-cercei-aur","20":"product_tag-cercei-aur-lucrati-manual","21":"product_tag-cercei-aur-unicat","22":"product_tag-cercei-cadou","23":"product_tag-cercei-de-argint","24":"product_tag-cercei-de-autor","25":"product_tag-cercei-ear-stud","26":"product_tag-cercei-lucrati-manual","27":"product_tag-cercei-meteorit","28":"product_tag-cercei-pt-cadou","29":"product_tag-cercei-unicat","30":"product_tag-magazin-online-bijuterii-argint","31":"product_tag-set-cercei-argint","32":"product_tag-site-uri-bijuterii-handmade","34":"first","35":"instock","36":"taxable","37":"shipping-taxable","38":"purchasable","39":"product-type-simple"},"yoast_head":"<!-- This site is optimized with the Yoast SEO plugin v27.3 - https:\/\/yoast.com\/product\/yoast-seo-wordpress\/ -->\n<title>Cercei Argint 925 Meteorit - Mihail Jewellery - Bijuterie de autor<\/title>\n<meta name=\"description\" content=\"Cercei Argint 925 Meteorit lucrati integral manual din argint 925, finisati cu patina neagra de invechire . Bijutier Mihail Constantinescu.\" \/>\n<meta name=\"robots\" content=\"index, follow, max-snippet:-1, max-image-preview:large, max-video-preview:-1\" \/>\n<link rel=\"canonical\" href=\"https:\/\/mihailjewellery.com\/fr\/produit\/cercei-argint-925-meteorit\/\" \/>\n<meta property=\"og:locale\" content=\"fr_FR\" \/>\n<meta property=\"og:type\" content=\"article\" \/>\n<meta property=\"og:title\" content=\"Cercei Argint 925 Meteorit - Mihail Jewellery - Bijuterie de autor\" \/>\n<meta property=\"og:description\" content=\"Cercei Argint 925 Meteorit lucrati integral manual din argint 925, finisati cu patina neagra de invechire . Bijutier Mihail Constantinescu.\" \/>\n<meta property=\"og:url\" content=\"https:\/\/mihailjewellery.com\/fr\/produit\/cercei-argint-925-meteorit\/\" \/>\n<meta property=\"og:site_name\" content=\"Mihail Jewellery\" \/>\n<meta property=\"article:publisher\" content=\"https:\/\/www.facebook.com\/MihailJewellerycom\" \/>\n<meta property=\"article:modified_time\" content=\"2025-11-06T13:08:29+00:00\" \/>\n<meta property=\"og:image\" content=\"https:\/\/mihailjewellery.com\/wp-content\/uploads\/2021\/06\/P2140276-scaled.jpg\" \/>\n\t<meta property=\"og:image:width\" content=\"1920\" \/>\n\t<meta property=\"og:image:height\" content=\"2560\" \/>\n\t<meta property=\"og:image:type\" content=\"image\/jpeg\" \/>\n<meta name=\"twitter:card\" content=\"summary_large_image\" \/>\n<meta name=\"twitter:label1\" content=\"Dur\u00e9e de lecture estim\u00e9e\" \/>\n\t<meta name=\"twitter:data1\" content=\"1 minute\" \/>\n<script type=\"application\/ld+json\" class=\"yoast-schema-graph\">{\"@context\":\"https:\\\/\\\/schema.org\",\"@graph\":[{\"@type\":\"WebPage\",\"@id\":\"https:\\\/\\\/mihailjewellery.com\\\/product\\\/cercei-argint-925-meteorit\\\/\",\"url\":\"https:\\\/\\\/mihailjewellery.com\\\/product\\\/cercei-argint-925-meteorit\\\/\",\"name\":\"Cercei Argint 925 Meteorit - Mihail Jewellery - Bijuterie de autor\",\"isPartOf\":{\"@id\":\"https:\\\/\\\/mihailjewellery.com\\\/#website\"},\"primaryImageOfPage\":{\"@id\":\"https:\\\/\\\/mihailjewellery.com\\\/product\\\/cercei-argint-925-meteorit\\\/#primaryimage\"},\"image\":{\"@id\":\"https:\\\/\\\/mihailjewellery.com\\\/product\\\/cercei-argint-925-meteorit\\\/#primaryimage\"},\"thumbnailUrl\":\"https:\\\/\\\/mihailjewellery.com\\\/wp-content\\\/uploads\\\/2021\\\/06\\\/P2140276-scaled.jpg\",\"datePublished\":\"2021-06-07T09:44:44+00:00\",\"dateModified\":\"2025-11-06T13:08:29+00:00\",\"description\":\"Cercei Argint 925 Meteorit lucrati integral manual din argint 925, finisati cu patina neagra de invechire . Bijutier Mihail Constantinescu.\",\"breadcrumb\":{\"@id\":\"https:\\\/\\\/mihailjewellery.com\\\/product\\\/cercei-argint-925-meteorit\\\/#breadcrumb\"},\"inLanguage\":\"fr-FR\",\"potentialAction\":[{\"@type\":\"ReadAction\",\"target\":[\"https:\\\/\\\/mihailjewellery.com\\\/product\\\/cercei-argint-925-meteorit\\\/\"]}]},{\"@type\":\"ImageObject\",\"inLanguage\":\"fr-FR\",\"@id\":\"https:\\\/\\\/mihailjewellery.com\\\/product\\\/cercei-argint-925-meteorit\\\/#primaryimage\",\"url\":\"https:\\\/\\\/mihailjewellery.com\\\/wp-content\\\/uploads\\\/2021\\\/06\\\/P2140276-scaled.jpg\",\"contentUrl\":\"https:\\\/\\\/mihailjewellery.com\\\/wp-content\\\/uploads\\\/2021\\\/06\\\/P2140276-scaled.jpg\",\"width\":1920,\"height\":2560,\"caption\":\"www.mihailjewellery.com\"},{\"@type\":\"BreadcrumbList\",\"@id\":\"https:\\\/\\\/mihailjewellery.com\\\/product\\\/cercei-argint-925-meteorit\\\/#breadcrumb\",\"itemListElement\":[{\"@type\":\"ListItem\",\"position\":1,\"name\":\"Home\",\"item\":\"https:\\\/\\\/mihailjewellery.com\\\/\"},{\"@type\":\"ListItem\",\"position\":2,\"name\":\"Shop\",\"item\":\"https:\\\/\\\/mihailjewellery.com\\\/shop\\\/\"},{\"@type\":\"ListItem\",\"position\":3,\"name\":\"Cercei Argint 925 Meteorit\"}]},{\"@type\":\"WebSite\",\"@id\":\"https:\\\/\\\/mihailjewellery.com\\\/#website\",\"url\":\"https:\\\/\\\/mihailjewellery.com\\\/\",\"name\":\"Mihail Jewellery\",\"description\":\"Custom and unique jewellery\",\"publisher\":{\"@id\":\"https:\\\/\\\/mihailjewellery.com\\\/#organization\"},\"potentialAction\":[{\"@type\":\"SearchAction\",\"target\":{\"@type\":\"EntryPoint\",\"urlTemplate\":\"https:\\\/\\\/mihailjewellery.com\\\/?s={search_term_string}\"},\"query-input\":{\"@type\":\"PropertyValueSpecification\",\"valueRequired\":true,\"valueName\":\"search_term_string\"}}],\"inLanguage\":\"fr-FR\"},{\"@type\":\"Organization\",\"@id\":\"https:\\\/\\\/mihailjewellery.com\\\/#organization\",\"name\":\"Mihail Jewellery\",\"url\":\"https:\\\/\\\/mihailjewellery.com\\\/\",\"logo\":{\"@type\":\"ImageObject\",\"inLanguage\":\"fr-FR\",\"@id\":\"https:\\\/\\\/mihailjewellery.com\\\/#\\\/schema\\\/logo\\\/image\\\/\",\"url\":\"https:\\\/\\\/mihailjewellery.com\\\/wp-content\\\/uploads\\\/2020\\\/08\\\/vertical_on_transparent_by_logaster.png\",\"contentUrl\":\"https:\\\/\\\/mihailjewellery.com\\\/wp-content\\\/uploads\\\/2020\\\/08\\\/vertical_on_transparent_by_logaster.png\",\"width\":2000,\"height\":2000,\"caption\":\"Mihail Jewellery\"},\"image\":{\"@id\":\"https:\\\/\\\/mihailjewellery.com\\\/#\\\/schema\\\/logo\\\/image\\\/\"},\"sameAs\":[\"https:\\\/\\\/www.facebook.com\\\/MihailJewellerycom\"]}]}<\/script>\n<!-- \/ Yoast SEO plugin. -->","yoast_head_json":{"title":"Cercei Argint 925 Meteorit - Mihail Jewellery - Bijuterie de autor","description":"Cercei Argint 925 Meteorit lucrati integral manual din argint 925, finisati cu patina neagra de invechire . Bijutier Mihail Constantinescu.","robots":{"index":"index","follow":"follow","max-snippet":"max-snippet:-1","max-image-preview":"max-image-preview:large","max-video-preview":"max-video-preview:-1"},"canonical":"https:\/\/mihailjewellery.com\/fr\/produit\/cercei-argint-925-meteorit\/","og_locale":"fr_FR","og_type":"article","og_title":"Cercei Argint 925 Meteorit - Mihail Jewellery - Bijuterie de autor","og_description":"Cercei Argint 925 Meteorit lucrati integral manual din argint 925, finisati cu patina neagra de invechire . Bijutier Mihail Constantinescu.","og_url":"https:\/\/mihailjewellery.com\/fr\/produit\/cercei-argint-925-meteorit\/","og_site_name":"Mihail Jewellery","article_publisher":"https:\/\/www.facebook.com\/MihailJewellerycom","article_modified_time":"2025-11-06T13:08:29+00:00","og_image":[{"width":1920,"height":2560,"url":"https:\/\/mihailjewellery.com\/wp-content\/uploads\/2021\/06\/P2140276-scaled.jpg","type":"image\/jpeg"}],"twitter_card":"summary_large_image","twitter_misc":{"Dur\u00e9e de lecture estim\u00e9e":"1 minute"},"schema":{"@context":"https:\/\/schema.org","@graph":[{"@type":"WebPage","@id":"https:\/\/mihailjewellery.com\/product\/cercei-argint-925-meteorit\/","url":"https:\/\/mihailjewellery.com\/product\/cercei-argint-925-meteorit\/","name":"Cercei Argint 925 Meteorit - Mihail Jewellery - Bijuterie de autor","isPartOf":{"@id":"https:\/\/mihailjewellery.com\/#website"},"primaryImageOfPage":{"@id":"https:\/\/mihailjewellery.com\/product\/cercei-argint-925-meteorit\/#primaryimage"},"image":{"@id":"https:\/\/mihailjewellery.com\/product\/cercei-argint-925-meteorit\/#primaryimage"},"thumbnailUrl":"https:\/\/mihailjewellery.com\/wp-content\/uploads\/2021\/06\/P2140276-scaled.jpg","datePublished":"2021-06-07T09:44:44+00:00","dateModified":"2025-11-06T13:08:29+00:00","description":"Cercei Argint 925 Meteorit lucrati integral manual din argint 925, finisati cu patina neagra de invechire . Bijutier Mihail Constantinescu.","breadcrumb":{"@id":"https:\/\/mihailjewellery.com\/product\/cercei-argint-925-meteorit\/#breadcrumb"},"inLanguage":"fr-FR","potentialAction":[{"@type":"ReadAction","target":["https:\/\/mihailjewellery.com\/product\/cercei-argint-925-meteorit\/"]}]},{"@type":"ImageObject","inLanguage":"fr-FR","@id":"https:\/\/mihailjewellery.com\/product\/cercei-argint-925-meteorit\/#primaryimage","url":"https:\/\/mihailjewellery.com\/wp-content\/uploads\/2021\/06\/P2140276-scaled.jpg","contentUrl":"https:\/\/mihailjewellery.com\/wp-content\/uploads\/2021\/06\/P2140276-scaled.jpg","width":1920,"height":2560,"caption":"www.mihailjewellery.com"},{"@type":"BreadcrumbList","@id":"https:\/\/mihailjewellery.com\/product\/cercei-argint-925-meteorit\/#breadcrumb","itemListElement":[{"@type":"ListItem","position":1,"name":"Home","item":"https:\/\/mihailjewellery.com\/"},{"@type":"ListItem","position":2,"name":"Shop","item":"https:\/\/mihailjewellery.com\/shop\/"},{"@type":"ListItem","position":3,"name":"Cercei Argint 925 Meteorit"}]},{"@type":"WebSite","@id":"https:\/\/mihailjewellery.com\/#website","url":"https:\/\/mihailjewellery.com\/","name":"Mihail Jewellery","description":"Custom and unique jewellery","publisher":{"@id":"https:\/\/mihailjewellery.com\/#organization"},"potentialAction":[{"@type":"SearchAction","target":{"@type":"EntryPoint","urlTemplate":"https:\/\/mihailjewellery.com\/?s={search_term_string}"},"query-input":{"@type":"PropertyValueSpecification","valueRequired":true,"valueName":"search_term_string"}}],"inLanguage":"fr-FR"},{"@type":"Organization","@id":"https:\/\/mihailjewellery.com\/#organization","name":"Mihail Jewellery","url":"https:\/\/mihailjewellery.com\/","logo":{"@type":"ImageObject","inLanguage":"fr-FR","@id":"https:\/\/mihailjewellery.com\/#\/schema\/logo\/image\/","url":"https:\/\/mihailjewellery.com\/wp-content\/uploads\/2020\/08\/vertical_on_transparent_by_logaster.png","contentUrl":"https:\/\/mihailjewellery.com\/wp-content\/uploads\/2020\/08\/vertical_on_transparent_by_logaster.png","width":2000,"height":2000,"caption":"Mihail Jewellery"},"image":{"@id":"https:\/\/mihailjewellery.com\/#\/schema\/logo\/image\/"},"sameAs":["https:\/\/www.facebook.com\/MihailJewellerycom"]}]}},"_links":{"self":[{"href":"https:\/\/mihailjewellery.com\/fr\/wp-json\/wp\/v2\/product\/3058","targetHints":{"allow":["GET"]}}],"collection":[{"href":"https:\/\/mihailjewellery.com\/fr\/wp-json\/wp\/v2\/product"}],"about":[{"href":"https:\/\/mihailjewellery.com\/fr\/wp-json\/wp\/v2\/types\/product"}],"replies":[{"embeddable":true,"href":"https:\/\/mihailjewellery.com\/fr\/wp-json\/wp\/v2\/comments?post=3058"}],"wp:featuredmedia":[{"embeddable":true,"href":"https:\/\/mihailjewellery.com\/fr\/wp-json\/wp\/v2\/media\/3065"}],"wp:attachment":[{"href":"https:\/\/mihailjewellery.com\/fr\/wp-json\/wp\/v2\/media?parent=3058"}],"wp:term":[{"taxonomy":"product_brand","embeddable":true,"href":"https:\/\/mihailjewellery.com\/fr\/wp-json\/wp\/v2\/product_brand?post=3058"},{"taxonomy":"product_cat","embeddable":true,"href":"https:\/\/mihailjewellery.com\/fr\/wp-json\/wp\/v2\/product_cat?post=3058"},{"taxonomy":"product_tag","embeddable":true,"href":"https:\/\/mihailjewellery.com\/fr\/wp-json\/wp\/v2\/product_tag?post=3058"}],"curies":[{"name":"wp","href":"https:\/\/api.w.org\/{rel}","templated":true}]}}