{"id":3134,"date":"2021-08-27T18:28:21","date_gmt":"2021-08-27T15:28:21","guid":{"rendered":"https:\/\/mihailjewellery.com\/?post_type=product&#038;p=3134"},"modified":"2025-05-31T17:53:39","modified_gmt":"2025-05-31T14:53:39","slug":"verighete-aur-galben","status":"publish","type":"product","link":"https:\/\/mihailjewellery.com\/fr\/product\/verighete-aur-galben\/","title":{"rendered":"Alliances en Or Jaune"},"content":{"rendered":"<p>Alliances en or jaune \u2013 R\u00e9alis\u00e9es \u00e0 la main selon la technique de la cire perdue (lost wax casting). Cette m\u00e9thode implique une sculpture manuelle dans la cire, suivie d\u2019une coul\u00e9e en m\u00e9tal.<\/p>\n<p>Les alliances sont coul\u00e9es en or jaune 18K et grav\u00e9es \u00e0 la main.<\/p>\n<p>Sur demande, elles peuvent \u00e9galement \u00eatre r\u00e9alis\u00e9es en or jaune 14K.<\/p>\n<p>Chaque paire est enti\u00e8rement fabriqu\u00e9e \u00e0 la main, ce qui peut entra\u00eener de l\u00e9g\u00e8res variations d\u2019une r\u00e9alisation \u00e0 l\u2019autre. Une copie identique n\u2019est pas possible : vous recevrez une paire unique \u00e0 chaque fois.<\/p>\n<p>Tous les bijoux que je r\u00e9alise \u00e0 la main sont accompagn\u00e9s d\u2019un certificat d\u2019authenticit\u00e9 et d\u2019une garantie, dans un emballage personnalis\u00e9. Les bijoux en m\u00e9tal pr\u00e9cieux portent la marque de responsabilit\u00e9 du bijoutier, le poin\u00e7on de titre et la marque d\u2019\u00c9tat.<\/p>\n<p>&nbsp;<\/p>","protected":false},"excerpt":{"rendered":"<p>Alliances en or jaune, uniques, sculpt\u00e9es \u00e0 la main dans la cire et coul\u00e9es en or jaune 18 carats.<\/p>\n<p>Largeur : 6 mm<\/p>\n<p>Poids : environ 15 g\/ensemble<\/p>\n<p><span style=\"text-decoration: underline;\">Le prix affich\u00e9 est pour l\u2019ensemble des alliances.<\/span><\/p>","protected":false},"featured_media":3135,"comment_status":"open","ping_status":"closed","template":"","meta":{"neve_meta_sidebar":"","neve_meta_container":"","neve_meta_enable_content_width":"off","neve_meta_content_width":70,"neve_meta_title_alignment":"","neve_meta_author_avatar":"","neve_post_elements_order":"","neve_meta_disable_header":"","neve_meta_disable_footer":"","neve_meta_disable_title":"","neve_meta_reading_time":""},"product_brand":[],"product_cat":[1139,38],"product_tag":[47,883,885,884,887,775,43,889,886,888,890,891,46,40,892],"class_list":{"0":"post-3134","1":"product","2":"type-product","3":"status-publish","4":"has-post-thumbnail","6":"product_cat-aur","7":"product_cat-verighete","8":"product_tag-bijuterii-aur","9":"product_tag-inele-aur","10":"product_tag-model-verighete","11":"product_tag-modele-verighete","12":"product_tag-modele-verighete-aur","13":"product_tag-verighete","14":"product_tag-verighete-aur","15":"product_tag-verighete-aur-18k","16":"product_tag-verighete-aur-simple","17":"product_tag-verighete-barbati","18":"product_tag-verighete-bucuresti","19":"product_tag-verighete-lucrate-manual","20":"product_tag-verighete-nunta","21":"product_tag-verighete-unicat","22":"product_tag-verighete-unicat-bucuresti","23":"wcpa_has_options","25":"first","26":"instock","27":"taxable","28":"shipping-taxable","29":"purchasable","30":"product-type-simple"},"yoast_head":"<!-- This site is optimized with the Yoast SEO plugin v27.3 - https:\/\/yoast.com\/product\/yoast-seo-wordpress\/ -->\n<title>Verighete Aur Galben - Mihail Jewellery - Bijuterie de autor<\/title>\n<meta name=\"description\" content=\"Verighete Aur Galben, unicat, realizate manual in tehnica Lost Wax Casting, de bijutier Dan-Mihail Constantinescu. 0731.778.776\" \/>\n<meta name=\"robots\" content=\"index, follow, max-snippet:-1, max-image-preview:large, max-video-preview:-1\" \/>\n<link rel=\"canonical\" href=\"https:\/\/mihailjewellery.com\/fr\/produit\/verighete-aur-galben\/\" \/>\n<meta property=\"og:locale\" content=\"fr_FR\" \/>\n<meta property=\"og:type\" content=\"article\" \/>\n<meta property=\"og:title\" content=\"Verighete Aur Galben - Mihail Jewellery - Bijuterie de autor\" \/>\n<meta property=\"og:description\" content=\"Verighete Aur Galben, unicat, realizate manual in tehnica Lost Wax Casting, de bijutier Dan-Mihail Constantinescu. 0731.778.776\" \/>\n<meta property=\"og:url\" content=\"https:\/\/mihailjewellery.com\/fr\/produit\/verighete-aur-galben\/\" \/>\n<meta property=\"og:site_name\" content=\"Mihail Jewellery\" \/>\n<meta property=\"article:publisher\" content=\"https:\/\/www.facebook.com\/MihailJewellerycom\" \/>\n<meta property=\"article:modified_time\" content=\"2025-05-31T14:53:39+00:00\" \/>\n<meta property=\"og:image\" content=\"https:\/\/mihailjewellery.com\/wp-content\/uploads\/2021\/08\/P8240193-scaled.jpg\" \/>\n\t<meta property=\"og:image:width\" content=\"2560\" \/>\n\t<meta property=\"og:image:height\" content=\"1920\" \/>\n\t<meta property=\"og:image:type\" content=\"image\/jpeg\" \/>\n<meta name=\"twitter:card\" content=\"summary_large_image\" \/>\n<meta name=\"twitter:label1\" content=\"Dur\u00e9e de lecture estim\u00e9e\" \/>\n\t<meta name=\"twitter:data1\" content=\"1 minute\" \/>\n<script type=\"application\/ld+json\" class=\"yoast-schema-graph\">{\"@context\":\"https:\\\/\\\/schema.org\",\"@graph\":[{\"@type\":\"WebPage\",\"@id\":\"https:\\\/\\\/mihailjewellery.com\\\/product\\\/verighete-aur-galben\\\/\",\"url\":\"https:\\\/\\\/mihailjewellery.com\\\/product\\\/verighete-aur-galben\\\/\",\"name\":\"Verighete Aur Galben - Mihail Jewellery - Bijuterie de autor\",\"isPartOf\":{\"@id\":\"https:\\\/\\\/mihailjewellery.com\\\/#website\"},\"primaryImageOfPage\":{\"@id\":\"https:\\\/\\\/mihailjewellery.com\\\/product\\\/verighete-aur-galben\\\/#primaryimage\"},\"image\":{\"@id\":\"https:\\\/\\\/mihailjewellery.com\\\/product\\\/verighete-aur-galben\\\/#primaryimage\"},\"thumbnailUrl\":\"https:\\\/\\\/mihailjewellery.com\\\/wp-content\\\/uploads\\\/2021\\\/08\\\/P8240193-scaled.jpg\",\"datePublished\":\"2021-08-27T15:28:21+00:00\",\"dateModified\":\"2025-05-31T14:53:39+00:00\",\"description\":\"Verighete Aur Galben, unicat, realizate manual in tehnica Lost Wax Casting, de bijutier Dan-Mihail Constantinescu. 0731.778.776\",\"breadcrumb\":{\"@id\":\"https:\\\/\\\/mihailjewellery.com\\\/product\\\/verighete-aur-galben\\\/#breadcrumb\"},\"inLanguage\":\"fr-FR\",\"potentialAction\":[{\"@type\":\"ReadAction\",\"target\":[\"https:\\\/\\\/mihailjewellery.com\\\/product\\\/verighete-aur-galben\\\/\"]}]},{\"@type\":\"ImageObject\",\"inLanguage\":\"fr-FR\",\"@id\":\"https:\\\/\\\/mihailjewellery.com\\\/product\\\/verighete-aur-galben\\\/#primaryimage\",\"url\":\"https:\\\/\\\/mihailjewellery.com\\\/wp-content\\\/uploads\\\/2021\\\/08\\\/P8240193-scaled.jpg\",\"contentUrl\":\"https:\\\/\\\/mihailjewellery.com\\\/wp-content\\\/uploads\\\/2021\\\/08\\\/P8240193-scaled.jpg\",\"width\":2560,\"height\":1920,\"caption\":\"www.mihailjewellery.com\"},{\"@type\":\"BreadcrumbList\",\"@id\":\"https:\\\/\\\/mihailjewellery.com\\\/product\\\/verighete-aur-galben\\\/#breadcrumb\",\"itemListElement\":[{\"@type\":\"ListItem\",\"position\":1,\"name\":\"Home\",\"item\":\"https:\\\/\\\/mihailjewellery.com\\\/\"},{\"@type\":\"ListItem\",\"position\":2,\"name\":\"Shop\",\"item\":\"https:\\\/\\\/mihailjewellery.com\\\/shop\\\/\"},{\"@type\":\"ListItem\",\"position\":3,\"name\":\"Verighete Aur Galben\"}]},{\"@type\":\"WebSite\",\"@id\":\"https:\\\/\\\/mihailjewellery.com\\\/#website\",\"url\":\"https:\\\/\\\/mihailjewellery.com\\\/\",\"name\":\"Mihail Jewellery\",\"description\":\"Custom and unique jewellery\",\"publisher\":{\"@id\":\"https:\\\/\\\/mihailjewellery.com\\\/#organization\"},\"potentialAction\":[{\"@type\":\"SearchAction\",\"target\":{\"@type\":\"EntryPoint\",\"urlTemplate\":\"https:\\\/\\\/mihailjewellery.com\\\/?s={search_term_string}\"},\"query-input\":{\"@type\":\"PropertyValueSpecification\",\"valueRequired\":true,\"valueName\":\"search_term_string\"}}],\"inLanguage\":\"fr-FR\"},{\"@type\":\"Organization\",\"@id\":\"https:\\\/\\\/mihailjewellery.com\\\/#organization\",\"name\":\"Mihail Jewellery\",\"url\":\"https:\\\/\\\/mihailjewellery.com\\\/\",\"logo\":{\"@type\":\"ImageObject\",\"inLanguage\":\"fr-FR\",\"@id\":\"https:\\\/\\\/mihailjewellery.com\\\/#\\\/schema\\\/logo\\\/image\\\/\",\"url\":\"https:\\\/\\\/mihailjewellery.com\\\/wp-content\\\/uploads\\\/2020\\\/08\\\/vertical_on_transparent_by_logaster.png\",\"contentUrl\":\"https:\\\/\\\/mihailjewellery.com\\\/wp-content\\\/uploads\\\/2020\\\/08\\\/vertical_on_transparent_by_logaster.png\",\"width\":2000,\"height\":2000,\"caption\":\"Mihail Jewellery\"},\"image\":{\"@id\":\"https:\\\/\\\/mihailjewellery.com\\\/#\\\/schema\\\/logo\\\/image\\\/\"},\"sameAs\":[\"https:\\\/\\\/www.facebook.com\\\/MihailJewellerycom\"]}]}<\/script>\n<!-- \/ Yoast SEO plugin. -->","yoast_head_json":{"title":"Verighete Aur Galben - Mihail Jewellery - Bijuterie de autor","description":"Verighete Aur Galben, unicat, realizate manual in tehnica Lost Wax Casting, de bijutier Dan-Mihail Constantinescu. 0731.778.776","robots":{"index":"index","follow":"follow","max-snippet":"max-snippet:-1","max-image-preview":"max-image-preview:large","max-video-preview":"max-video-preview:-1"},"canonical":"https:\/\/mihailjewellery.com\/fr\/produit\/verighete-aur-galben\/","og_locale":"fr_FR","og_type":"article","og_title":"Verighete Aur Galben - Mihail Jewellery - Bijuterie de autor","og_description":"Verighete Aur Galben, unicat, realizate manual in tehnica Lost Wax Casting, de bijutier Dan-Mihail Constantinescu. 0731.778.776","og_url":"https:\/\/mihailjewellery.com\/fr\/produit\/verighete-aur-galben\/","og_site_name":"Mihail Jewellery","article_publisher":"https:\/\/www.facebook.com\/MihailJewellerycom","article_modified_time":"2025-05-31T14:53:39+00:00","og_image":[{"width":2560,"height":1920,"url":"https:\/\/mihailjewellery.com\/wp-content\/uploads\/2021\/08\/P8240193-scaled.jpg","type":"image\/jpeg"}],"twitter_card":"summary_large_image","twitter_misc":{"Dur\u00e9e de lecture estim\u00e9e":"1 minute"},"schema":{"@context":"https:\/\/schema.org","@graph":[{"@type":"WebPage","@id":"https:\/\/mihailjewellery.com\/product\/verighete-aur-galben\/","url":"https:\/\/mihailjewellery.com\/product\/verighete-aur-galben\/","name":"Verighete Aur Galben - Mihail Jewellery - Bijuterie de autor","isPartOf":{"@id":"https:\/\/mihailjewellery.com\/#website"},"primaryImageOfPage":{"@id":"https:\/\/mihailjewellery.com\/product\/verighete-aur-galben\/#primaryimage"},"image":{"@id":"https:\/\/mihailjewellery.com\/product\/verighete-aur-galben\/#primaryimage"},"thumbnailUrl":"https:\/\/mihailjewellery.com\/wp-content\/uploads\/2021\/08\/P8240193-scaled.jpg","datePublished":"2021-08-27T15:28:21+00:00","dateModified":"2025-05-31T14:53:39+00:00","description":"Verighete Aur Galben, unicat, realizate manual in tehnica Lost Wax Casting, de bijutier Dan-Mihail Constantinescu. 0731.778.776","breadcrumb":{"@id":"https:\/\/mihailjewellery.com\/product\/verighete-aur-galben\/#breadcrumb"},"inLanguage":"fr-FR","potentialAction":[{"@type":"ReadAction","target":["https:\/\/mihailjewellery.com\/product\/verighete-aur-galben\/"]}]},{"@type":"ImageObject","inLanguage":"fr-FR","@id":"https:\/\/mihailjewellery.com\/product\/verighete-aur-galben\/#primaryimage","url":"https:\/\/mihailjewellery.com\/wp-content\/uploads\/2021\/08\/P8240193-scaled.jpg","contentUrl":"https:\/\/mihailjewellery.com\/wp-content\/uploads\/2021\/08\/P8240193-scaled.jpg","width":2560,"height":1920,"caption":"www.mihailjewellery.com"},{"@type":"BreadcrumbList","@id":"https:\/\/mihailjewellery.com\/product\/verighete-aur-galben\/#breadcrumb","itemListElement":[{"@type":"ListItem","position":1,"name":"Home","item":"https:\/\/mihailjewellery.com\/"},{"@type":"ListItem","position":2,"name":"Shop","item":"https:\/\/mihailjewellery.com\/shop\/"},{"@type":"ListItem","position":3,"name":"Verighete Aur Galben"}]},{"@type":"WebSite","@id":"https:\/\/mihailjewellery.com\/#website","url":"https:\/\/mihailjewellery.com\/","name":"Mihail Jewellery","description":"Custom and unique jewellery","publisher":{"@id":"https:\/\/mihailjewellery.com\/#organization"},"potentialAction":[{"@type":"SearchAction","target":{"@type":"EntryPoint","urlTemplate":"https:\/\/mihailjewellery.com\/?s={search_term_string}"},"query-input":{"@type":"PropertyValueSpecification","valueRequired":true,"valueName":"search_term_string"}}],"inLanguage":"fr-FR"},{"@type":"Organization","@id":"https:\/\/mihailjewellery.com\/#organization","name":"Mihail Jewellery","url":"https:\/\/mihailjewellery.com\/","logo":{"@type":"ImageObject","inLanguage":"fr-FR","@id":"https:\/\/mihailjewellery.com\/#\/schema\/logo\/image\/","url":"https:\/\/mihailjewellery.com\/wp-content\/uploads\/2020\/08\/vertical_on_transparent_by_logaster.png","contentUrl":"https:\/\/mihailjewellery.com\/wp-content\/uploads\/2020\/08\/vertical_on_transparent_by_logaster.png","width":2000,"height":2000,"caption":"Mihail Jewellery"},"image":{"@id":"https:\/\/mihailjewellery.com\/#\/schema\/logo\/image\/"},"sameAs":["https:\/\/www.facebook.com\/MihailJewellerycom"]}]}},"_links":{"self":[{"href":"https:\/\/mihailjewellery.com\/fr\/wp-json\/wp\/v2\/product\/3134","targetHints":{"allow":["GET"]}}],"collection":[{"href":"https:\/\/mihailjewellery.com\/fr\/wp-json\/wp\/v2\/product"}],"about":[{"href":"https:\/\/mihailjewellery.com\/fr\/wp-json\/wp\/v2\/types\/product"}],"replies":[{"embeddable":true,"href":"https:\/\/mihailjewellery.com\/fr\/wp-json\/wp\/v2\/comments?post=3134"}],"wp:featuredmedia":[{"embeddable":true,"href":"https:\/\/mihailjewellery.com\/fr\/wp-json\/wp\/v2\/media\/3135"}],"wp:attachment":[{"href":"https:\/\/mihailjewellery.com\/fr\/wp-json\/wp\/v2\/media?parent=3134"}],"wp:term":[{"taxonomy":"product_brand","embeddable":true,"href":"https:\/\/mihailjewellery.com\/fr\/wp-json\/wp\/v2\/product_brand?post=3134"},{"taxonomy":"product_cat","embeddable":true,"href":"https:\/\/mihailjewellery.com\/fr\/wp-json\/wp\/v2\/product_cat?post=3134"},{"taxonomy":"product_tag","embeddable":true,"href":"https:\/\/mihailjewellery.com\/fr\/wp-json\/wp\/v2\/product_tag?post=3134"}],"curies":[{"name":"wp","href":"https:\/\/api.w.org\/{rel}","templated":true}]}}