{"id":3292,"date":"2021-11-18T08:12:10","date_gmt":"2021-11-18T06:12:10","guid":{"rendered":"https:\/\/mihailjewellery.com\/?post_type=product&#038;p=3292"},"modified":"2026-02-05T14:42:41","modified_gmt":"2026-02-05T12:42:41","slug":"nod-algerian-al-iubirii-cercei","status":"publish","type":"product","link":"https:\/\/mihailjewellery.com\/fr\/product\/nod-algerian-al-iubirii-cercei\/","title":{"rendered":"N\u0153ud alg\u00e9rien de l'amour \u2013 Boucles d'oreilles"},"content":{"rendered":"<p>N\u0153ud Alg\u00e9rien de l\u2019Amour \u2013 Boucles d\u2019oreilles, pi\u00e8ces uniques, enti\u00e8rement r\u00e9alis\u00e9es \u00e0 la main en argent 925.<\/p>\n<p>Ces boucles d\u2019oreilles sont cr\u00e9\u00e9es selon la technique de la cire perdue (lost wax casting). Le processus implique une sculpture manuelle dans la cire, suivie d\u2019une coul\u00e9e en argent.<\/p>\n<p class=\"translation-block\">Boucles d\u2019oreilles du soir, id\u00e9ales pour une occasion sp\u00e9ciale, elles peuvent \u00eatre assorties \u00e0 ce collier, reprenant le m\u00eame symbole alg\u00e9rien de l\u2019amour.<\/p>\n<p>Ce set de boucles d\u2019oreilles est livr\u00e9 avec un certificat d\u2019authenticit\u00e9, une garantie et un emballage personnalis\u00e9.<\/p>","protected":false},"excerpt":{"rendered":"<p>Boucles d'oreilles symbolisant le n\u0153ud alg\u00e9rien de l'amour, enti\u00e8rement r\u00e9alis\u00e9es \u00e0 la main en argent 925.<\/p>\n<p>Dimensions : 20 mm<\/p>\n<p>Poids : environ 7 grammes<\/p>","protected":false},"featured_media":3293,"comment_status":"open","ping_status":"closed","template":"","meta":{"neve_meta_sidebar":"","neve_meta_container":"","neve_meta_enable_content_width":"off","neve_meta_content_width":100,"neve_meta_title_alignment":"","neve_meta_author_avatar":"","neve_post_elements_order":"","neve_meta_disable_header":"","neve_meta_disable_footer":"","neve_meta_disable_title":"","neve_meta_reading_time":""},"product_brand":[],"product_cat":[68],"product_tag":[37,30,759,953,954,461,69,826,833,827,831,835,464,952,453,454,72,951,267,268,269,829],"class_list":{"0":"post-3292","1":"product","2":"type-product","3":"status-publish","4":"has-post-thumbnail","6":"product_cat-cercei","7":"product_tag-bijuterie-contemporana","8":"product_tag-bijuterie-de-autor","9":"product_tag-bijuterii-nodul-algerian-al-iubirii","10":"product_tag-cadouri-de-craciun","11":"product_tag-cadouri-de-craciun-pentru-iubita","12":"product_tag-cercei-argint","13":"product_tag-cercei-argint-925","14":"product_tag-cercei-argint-925-dama","15":"product_tag-cercei-argint-lucrati-manual","16":"product_tag-cercei-argint-rotunzi","17":"product_tag-cercei-cadou","18":"product_tag-cercei-de-autor","19":"product_tag-cercei-de-craciun","20":"product_tag-cercei-de-craciun-din-argint","21":"product_tag-cercei-de-seara","22":"product_tag-cercei-eleganti-de-seara","23":"product_tag-cercei-unicat","24":"product_tag-nod-algerian-al-iubirii-cercei","25":"product_tag-nodul-algerian","26":"product_tag-nodul-algerian-al-dragostei","27":"product_tag-nodul-algerian-al-iubirii","28":"product_tag-set-cercei-argint","30":"first","31":"instock","32":"taxable","33":"shipping-taxable","34":"purchasable","35":"product-type-simple"},"yoast_head":"<!-- This site is optimized with the Yoast SEO plugin v27.3 - https:\/\/yoast.com\/product\/yoast-seo-wordpress\/ -->\n<title>Nod algerian al iubirii - Cercei - Mihail Jewellery - Handmade<\/title>\n<meta name=\"description\" content=\"Nod Algerian al Iubirii Cercei, unicat, realizati manual din argint 925, de bijutier Dan-Mihail Constantinescu. contact@mihailjewellery.com\" \/>\n<meta name=\"robots\" content=\"index, follow, max-snippet:-1, max-image-preview:large, max-video-preview:-1\" \/>\n<link rel=\"canonical\" href=\"https:\/\/mihailjewellery.com\/fr\/produit\/nod-algerian-al-iubirii-cercei\/\" \/>\n<meta property=\"og:locale\" content=\"fr_FR\" \/>\n<meta property=\"og:type\" content=\"article\" \/>\n<meta property=\"og:title\" content=\"Nod algerian al iubirii - Cercei - Mihail Jewellery - Handmade\" \/>\n<meta property=\"og:description\" content=\"Nod Algerian al Iubirii Cercei, unicat, realizati manual din argint 925, de bijutier Dan-Mihail Constantinescu. contact@mihailjewellery.com\" \/>\n<meta property=\"og:url\" content=\"https:\/\/mihailjewellery.com\/fr\/produit\/nod-algerian-al-iubirii-cercei\/\" \/>\n<meta property=\"og:site_name\" content=\"Mihail Jewellery\" \/>\n<meta property=\"article:publisher\" content=\"https:\/\/www.facebook.com\/MihailJewellerycom\" \/>\n<meta property=\"article:modified_time\" content=\"2026-02-05T12:42:41+00:00\" \/>\n<meta property=\"og:image\" content=\"https:\/\/mihailjewellery.com\/wp-content\/uploads\/2021\/11\/PB100072-scaled.jpg\" \/>\n\t<meta property=\"og:image:width\" content=\"2560\" \/>\n\t<meta property=\"og:image:height\" content=\"1920\" \/>\n\t<meta property=\"og:image:type\" content=\"image\/jpeg\" \/>\n<meta name=\"twitter:card\" content=\"summary_large_image\" \/>\n<meta name=\"twitter:label1\" content=\"Dur\u00e9e de lecture estim\u00e9e\" \/>\n\t<meta name=\"twitter:data1\" content=\"1 minute\" \/>\n<script type=\"application\/ld+json\" class=\"yoast-schema-graph\">{\"@context\":\"https:\\\/\\\/schema.org\",\"@graph\":[{\"@type\":\"WebPage\",\"@id\":\"https:\\\/\\\/mihailjewellery.com\\\/product\\\/nod-algerian-al-iubirii-cercei\\\/\",\"url\":\"https:\\\/\\\/mihailjewellery.com\\\/product\\\/nod-algerian-al-iubirii-cercei\\\/\",\"name\":\"Nod algerian al iubirii - Cercei - Mihail Jewellery - Handmade\",\"isPartOf\":{\"@id\":\"https:\\\/\\\/mihailjewellery.com\\\/#website\"},\"primaryImageOfPage\":{\"@id\":\"https:\\\/\\\/mihailjewellery.com\\\/product\\\/nod-algerian-al-iubirii-cercei\\\/#primaryimage\"},\"image\":{\"@id\":\"https:\\\/\\\/mihailjewellery.com\\\/product\\\/nod-algerian-al-iubirii-cercei\\\/#primaryimage\"},\"thumbnailUrl\":\"https:\\\/\\\/mihailjewellery.com\\\/wp-content\\\/uploads\\\/2021\\\/11\\\/PB100072-scaled.jpg\",\"datePublished\":\"2021-11-18T06:12:10+00:00\",\"dateModified\":\"2026-02-05T12:42:41+00:00\",\"description\":\"Nod Algerian al Iubirii Cercei, unicat, realizati manual din argint 925, de bijutier Dan-Mihail Constantinescu. contact@mihailjewellery.com\",\"breadcrumb\":{\"@id\":\"https:\\\/\\\/mihailjewellery.com\\\/product\\\/nod-algerian-al-iubirii-cercei\\\/#breadcrumb\"},\"inLanguage\":\"fr-FR\",\"potentialAction\":[{\"@type\":\"ReadAction\",\"target\":[\"https:\\\/\\\/mihailjewellery.com\\\/product\\\/nod-algerian-al-iubirii-cercei\\\/\"]}]},{\"@type\":\"ImageObject\",\"inLanguage\":\"fr-FR\",\"@id\":\"https:\\\/\\\/mihailjewellery.com\\\/product\\\/nod-algerian-al-iubirii-cercei\\\/#primaryimage\",\"url\":\"https:\\\/\\\/mihailjewellery.com\\\/wp-content\\\/uploads\\\/2021\\\/11\\\/PB100072-scaled.jpg\",\"contentUrl\":\"https:\\\/\\\/mihailjewellery.com\\\/wp-content\\\/uploads\\\/2021\\\/11\\\/PB100072-scaled.jpg\",\"width\":2560,\"height\":1920,\"caption\":\"www.mhailjewellery.com\"},{\"@type\":\"BreadcrumbList\",\"@id\":\"https:\\\/\\\/mihailjewellery.com\\\/product\\\/nod-algerian-al-iubirii-cercei\\\/#breadcrumb\",\"itemListElement\":[{\"@type\":\"ListItem\",\"position\":1,\"name\":\"Home\",\"item\":\"https:\\\/\\\/mihailjewellery.com\\\/\"},{\"@type\":\"ListItem\",\"position\":2,\"name\":\"Shop\",\"item\":\"https:\\\/\\\/mihailjewellery.com\\\/shop\\\/\"},{\"@type\":\"ListItem\",\"position\":3,\"name\":\"Nod algerian al iubirii &#8211; Cercei\"}]},{\"@type\":\"WebSite\",\"@id\":\"https:\\\/\\\/mihailjewellery.com\\\/#website\",\"url\":\"https:\\\/\\\/mihailjewellery.com\\\/\",\"name\":\"Mihail Jewellery\",\"description\":\"Custom and unique jewellery\",\"publisher\":{\"@id\":\"https:\\\/\\\/mihailjewellery.com\\\/#organization\"},\"potentialAction\":[{\"@type\":\"SearchAction\",\"target\":{\"@type\":\"EntryPoint\",\"urlTemplate\":\"https:\\\/\\\/mihailjewellery.com\\\/?s={search_term_string}\"},\"query-input\":{\"@type\":\"PropertyValueSpecification\",\"valueRequired\":true,\"valueName\":\"search_term_string\"}}],\"inLanguage\":\"fr-FR\"},{\"@type\":\"Organization\",\"@id\":\"https:\\\/\\\/mihailjewellery.com\\\/#organization\",\"name\":\"Mihail Jewellery\",\"url\":\"https:\\\/\\\/mihailjewellery.com\\\/\",\"logo\":{\"@type\":\"ImageObject\",\"inLanguage\":\"fr-FR\",\"@id\":\"https:\\\/\\\/mihailjewellery.com\\\/#\\\/schema\\\/logo\\\/image\\\/\",\"url\":\"https:\\\/\\\/mihailjewellery.com\\\/wp-content\\\/uploads\\\/2020\\\/08\\\/vertical_on_transparent_by_logaster.png\",\"contentUrl\":\"https:\\\/\\\/mihailjewellery.com\\\/wp-content\\\/uploads\\\/2020\\\/08\\\/vertical_on_transparent_by_logaster.png\",\"width\":2000,\"height\":2000,\"caption\":\"Mihail Jewellery\"},\"image\":{\"@id\":\"https:\\\/\\\/mihailjewellery.com\\\/#\\\/schema\\\/logo\\\/image\\\/\"},\"sameAs\":[\"https:\\\/\\\/www.facebook.com\\\/MihailJewellerycom\"]}]}<\/script>\n<!-- \/ Yoast SEO plugin. -->","yoast_head_json":{"title":"Nod algerian al iubirii - Cercei - Mihail Jewellery - Handmade","description":"Nod Algerian al Iubirii Cercei, unicat, realizati manual din argint 925, de bijutier Dan-Mihail Constantinescu. contact@mihailjewellery.com","robots":{"index":"index","follow":"follow","max-snippet":"max-snippet:-1","max-image-preview":"max-image-preview:large","max-video-preview":"max-video-preview:-1"},"canonical":"https:\/\/mihailjewellery.com\/fr\/produit\/nod-algerian-al-iubirii-cercei\/","og_locale":"fr_FR","og_type":"article","og_title":"Nod algerian al iubirii - Cercei - Mihail Jewellery - Handmade","og_description":"Nod Algerian al Iubirii Cercei, unicat, realizati manual din argint 925, de bijutier Dan-Mihail Constantinescu. contact@mihailjewellery.com","og_url":"https:\/\/mihailjewellery.com\/fr\/produit\/nod-algerian-al-iubirii-cercei\/","og_site_name":"Mihail Jewellery","article_publisher":"https:\/\/www.facebook.com\/MihailJewellerycom","article_modified_time":"2026-02-05T12:42:41+00:00","og_image":[{"width":2560,"height":1920,"url":"https:\/\/mihailjewellery.com\/wp-content\/uploads\/2021\/11\/PB100072-scaled.jpg","type":"image\/jpeg"}],"twitter_card":"summary_large_image","twitter_misc":{"Dur\u00e9e de lecture estim\u00e9e":"1 minute"},"schema":{"@context":"https:\/\/schema.org","@graph":[{"@type":"WebPage","@id":"https:\/\/mihailjewellery.com\/product\/nod-algerian-al-iubirii-cercei\/","url":"https:\/\/mihailjewellery.com\/product\/nod-algerian-al-iubirii-cercei\/","name":"Nod algerian al iubirii - Cercei - Mihail Jewellery - Handmade","isPartOf":{"@id":"https:\/\/mihailjewellery.com\/#website"},"primaryImageOfPage":{"@id":"https:\/\/mihailjewellery.com\/product\/nod-algerian-al-iubirii-cercei\/#primaryimage"},"image":{"@id":"https:\/\/mihailjewellery.com\/product\/nod-algerian-al-iubirii-cercei\/#primaryimage"},"thumbnailUrl":"https:\/\/mihailjewellery.com\/wp-content\/uploads\/2021\/11\/PB100072-scaled.jpg","datePublished":"2021-11-18T06:12:10+00:00","dateModified":"2026-02-05T12:42:41+00:00","description":"Nod Algerian al Iubirii Cercei, unicat, realizati manual din argint 925, de bijutier Dan-Mihail Constantinescu. contact@mihailjewellery.com","breadcrumb":{"@id":"https:\/\/mihailjewellery.com\/product\/nod-algerian-al-iubirii-cercei\/#breadcrumb"},"inLanguage":"fr-FR","potentialAction":[{"@type":"ReadAction","target":["https:\/\/mihailjewellery.com\/product\/nod-algerian-al-iubirii-cercei\/"]}]},{"@type":"ImageObject","inLanguage":"fr-FR","@id":"https:\/\/mihailjewellery.com\/product\/nod-algerian-al-iubirii-cercei\/#primaryimage","url":"https:\/\/mihailjewellery.com\/wp-content\/uploads\/2021\/11\/PB100072-scaled.jpg","contentUrl":"https:\/\/mihailjewellery.com\/wp-content\/uploads\/2021\/11\/PB100072-scaled.jpg","width":2560,"height":1920,"caption":"www.mhailjewellery.com"},{"@type":"BreadcrumbList","@id":"https:\/\/mihailjewellery.com\/product\/nod-algerian-al-iubirii-cercei\/#breadcrumb","itemListElement":[{"@type":"ListItem","position":1,"name":"Home","item":"https:\/\/mihailjewellery.com\/"},{"@type":"ListItem","position":2,"name":"Shop","item":"https:\/\/mihailjewellery.com\/shop\/"},{"@type":"ListItem","position":3,"name":"Nod algerian al iubirii &#8211; Cercei"}]},{"@type":"WebSite","@id":"https:\/\/mihailjewellery.com\/#website","url":"https:\/\/mihailjewellery.com\/","name":"Mihail Jewellery","description":"Custom and unique jewellery","publisher":{"@id":"https:\/\/mihailjewellery.com\/#organization"},"potentialAction":[{"@type":"SearchAction","target":{"@type":"EntryPoint","urlTemplate":"https:\/\/mihailjewellery.com\/?s={search_term_string}"},"query-input":{"@type":"PropertyValueSpecification","valueRequired":true,"valueName":"search_term_string"}}],"inLanguage":"fr-FR"},{"@type":"Organization","@id":"https:\/\/mihailjewellery.com\/#organization","name":"Mihail Jewellery","url":"https:\/\/mihailjewellery.com\/","logo":{"@type":"ImageObject","inLanguage":"fr-FR","@id":"https:\/\/mihailjewellery.com\/#\/schema\/logo\/image\/","url":"https:\/\/mihailjewellery.com\/wp-content\/uploads\/2020\/08\/vertical_on_transparent_by_logaster.png","contentUrl":"https:\/\/mihailjewellery.com\/wp-content\/uploads\/2020\/08\/vertical_on_transparent_by_logaster.png","width":2000,"height":2000,"caption":"Mihail Jewellery"},"image":{"@id":"https:\/\/mihailjewellery.com\/#\/schema\/logo\/image\/"},"sameAs":["https:\/\/www.facebook.com\/MihailJewellerycom"]}]}},"_links":{"self":[{"href":"https:\/\/mihailjewellery.com\/fr\/wp-json\/wp\/v2\/product\/3292","targetHints":{"allow":["GET"]}}],"collection":[{"href":"https:\/\/mihailjewellery.com\/fr\/wp-json\/wp\/v2\/product"}],"about":[{"href":"https:\/\/mihailjewellery.com\/fr\/wp-json\/wp\/v2\/types\/product"}],"replies":[{"embeddable":true,"href":"https:\/\/mihailjewellery.com\/fr\/wp-json\/wp\/v2\/comments?post=3292"}],"wp:featuredmedia":[{"embeddable":true,"href":"https:\/\/mihailjewellery.com\/fr\/wp-json\/wp\/v2\/media\/3293"}],"wp:attachment":[{"href":"https:\/\/mihailjewellery.com\/fr\/wp-json\/wp\/v2\/media?parent=3292"}],"wp:term":[{"taxonomy":"product_brand","embeddable":true,"href":"https:\/\/mihailjewellery.com\/fr\/wp-json\/wp\/v2\/product_brand?post=3292"},{"taxonomy":"product_cat","embeddable":true,"href":"https:\/\/mihailjewellery.com\/fr\/wp-json\/wp\/v2\/product_cat?post=3292"},{"taxonomy":"product_tag","embeddable":true,"href":"https:\/\/mihailjewellery.com\/fr\/wp-json\/wp\/v2\/product_tag?post=3292"}],"curies":[{"name":"wp","href":"https:\/\/api.w.org\/{rel}","templated":true}]}}