{"id":3545,"date":"2023-04-02T21:17:22","date_gmt":"2023-04-02T18:17:22","guid":{"rendered":"https:\/\/mihailjewellery.com\/?post_type=product&#038;p=3545"},"modified":"2025-05-31T18:06:30","modified_gmt":"2025-05-31T15:06:30","slug":"inel-din-aur-si-platina-cu-safir-albastru-violet","status":"publish","type":"product","link":"https:\/\/mihailjewellery.com\/fr\/product\/inel-din-aur-si-platina-cu-safir-albastru-violet\/","title":{"rendered":"Bague en or et platine avec saphir bleu-violet"},"content":{"rendered":"<p>Bague en or et platine avec saphir bleu-violet, pi\u00e8ce unique, enti\u00e8rement r\u00e9alis\u00e9e \u00e0 la main en platine 950 et or 585 (14K). La pierre centrale est un saphir bleu-violet naturel, en forme de poire.<\/p>\n<p>Chaque bague est fabriqu\u00e9e sur commande, en s\u00e9rie limit\u00e9e. Les \u00e9ventuelles l\u00e9g\u00e8res imperfections t\u00e9moignent d\u2019une r\u00e9alisation enti\u00e8rement artisanale selon des techniques traditionnelles.<\/p>\n<p>Elles conf\u00e8rent \u00e9galement originalit\u00e9 et authenticit\u00e9 \u00e0 chaque pi\u00e8ce, ainsi qu\u2019une valeur sup\u00e9rieure \u00e0 celle des bijoux produits en s\u00e9rie en usine.<\/p>\n<p>La bague en or et platine avec saphir est livr\u00e9e avec un certificat d\u2019authenticit\u00e9 et une garantie, et porte le poin\u00e7on de responsabilit\u00e9 de l\u2019artisan ainsi que le poin\u00e7on d\u2019\u00c9tat.<\/p>","protected":false},"excerpt":{"rendered":"<p>Bague en or et platine avec saphir bleu-violet, pi\u00e8ce unique, enti\u00e8rement r\u00e9alis\u00e9e \u00e0 la main en platine 950 et or 585 (14K). La pierre centrale est un saphir bleu-violet naturel, en forme de poire.<\/p>\n<p>Poids : Environ 4,5 grammes<\/p>\n<p>Dimensions de la pierre : 6,90 \u00d7 4,80 mm,\nPoids des carats : 0,70 ct<\/p>","protected":false},"featured_media":3546,"comment_status":"open","ping_status":"closed","template":"","meta":{"neve_meta_sidebar":"","neve_meta_container":"","neve_meta_enable_content_width":"off","neve_meta_content_width":100,"neve_meta_title_alignment":"","neve_meta_author_avatar":"","neve_post_elements_order":"","neve_meta_disable_header":"","neve_meta_disable_footer":"","neve_meta_disable_title":"","neve_meta_reading_time":""},"product_brand":[],"product_cat":[1139,225,226,1147,1141],"product_tag":[447,37,30,47,796,758,897,896,1045,28,1044,1042,1043,955,956,898],"class_list":{"0":"post-3545","1":"product","2":"type-product","3":"status-publish","4":"has-post-thumbnail","6":"product_cat-aur","7":"product_cat-inele-logodna","8":"product_cat-noutati","9":"product_cat-pietre-pretioase","10":"product_cat-platina","11":"product_tag-atelier-bijuterie","12":"product_tag-bijuterie-contemporana","13":"product_tag-bijuterie-de-autor","14":"product_tag-bijuterii-aur","15":"product_tag-bijuterii-aur-lucrate-manual","16":"product_tag-bijuterii-dama-din-aur","17":"product_tag-bijuterii-din-platina","18":"product_tag-bijuterii-platina","19":"product_tag-bijuterii-platina-lucrate-manual","20":"product_tag-inel-de-logodna","21":"product_tag-inel-de-logodna-din-platina","22":"product_tag-inel-din-aur-si-platina-cu-safir","23":"product_tag-inel-din-aur-si-platina-cu-safir-albastru-violet","24":"product_tag-inel-platina","25":"product_tag-inel-platina-femei","26":"product_tag-inele-din-platina","27":"wcpa_has_options","29":"first","30":"instock","31":"taxable","32":"shipping-taxable","33":"purchasable","34":"product-type-simple"},"yoast_head":"<!-- This site is optimized with the Yoast SEO plugin v27.3 - https:\/\/yoast.com\/product\/yoast-seo-wordpress\/ -->\n<title>Inel din aur si platina cu safir albastru-violet - Mihail Jewellery - Unic<\/title>\n<meta name=\"description\" content=\"Inel din aur si platina cu safir albastru-violet realizat exclusiv manual din platina 950 si aur 585 cu safir natural de bijutier Dan-Mihail Constantinescu.\" \/>\n<meta name=\"robots\" content=\"index, follow, max-snippet:-1, max-image-preview:large, max-video-preview:-1\" \/>\n<link rel=\"canonical\" href=\"https:\/\/mihailjewellery.com\/fr\/produit\/inel-din-aur-si-platina-cu-safir-albastru-violet\/\" \/>\n<meta property=\"og:locale\" content=\"fr_FR\" \/>\n<meta property=\"og:type\" content=\"article\" \/>\n<meta property=\"og:title\" content=\"Inel din aur si platina cu safir albastru-violet - Mihail Jewellery - Unic\" \/>\n<meta property=\"og:description\" content=\"Inel din aur si platina cu safir albastru-violet realizat exclusiv manual din platina 950 si aur 585 cu safir natural de bijutier Dan-Mihail Constantinescu.\" \/>\n<meta property=\"og:url\" content=\"https:\/\/mihailjewellery.com\/fr\/produit\/inel-din-aur-si-platina-cu-safir-albastru-violet\/\" \/>\n<meta property=\"og:site_name\" content=\"Mihail Jewellery\" \/>\n<meta property=\"article:publisher\" content=\"https:\/\/www.facebook.com\/MihailJewellerycom\" \/>\n<meta property=\"article:modified_time\" content=\"2025-05-31T15:06:30+00:00\" \/>\n<meta property=\"og:image\" content=\"https:\/\/mihailjewellery.com\/wp-content\/uploads\/2023\/04\/P3240102-scaled.jpg\" \/>\n\t<meta property=\"og:image:width\" content=\"2560\" \/>\n\t<meta property=\"og:image:height\" content=\"1920\" \/>\n\t<meta property=\"og:image:type\" content=\"image\/jpeg\" \/>\n<meta name=\"twitter:card\" content=\"summary_large_image\" \/>\n<meta name=\"twitter:label1\" content=\"Dur\u00e9e de lecture estim\u00e9e\" \/>\n\t<meta name=\"twitter:data1\" content=\"1 minute\" \/>\n<script type=\"application\/ld+json\" class=\"yoast-schema-graph\">{\"@context\":\"https:\\\/\\\/schema.org\",\"@graph\":[{\"@type\":\"WebPage\",\"@id\":\"https:\\\/\\\/mihailjewellery.com\\\/product\\\/inel-din-aur-si-platina-cu-safir-albastru-violet\\\/\",\"url\":\"https:\\\/\\\/mihailjewellery.com\\\/product\\\/inel-din-aur-si-platina-cu-safir-albastru-violet\\\/\",\"name\":\"Inel din aur si platina cu safir albastru-violet - Mihail Jewellery - Unic\",\"isPartOf\":{\"@id\":\"https:\\\/\\\/mihailjewellery.com\\\/#website\"},\"primaryImageOfPage\":{\"@id\":\"https:\\\/\\\/mihailjewellery.com\\\/product\\\/inel-din-aur-si-platina-cu-safir-albastru-violet\\\/#primaryimage\"},\"image\":{\"@id\":\"https:\\\/\\\/mihailjewellery.com\\\/product\\\/inel-din-aur-si-platina-cu-safir-albastru-violet\\\/#primaryimage\"},\"thumbnailUrl\":\"https:\\\/\\\/mihailjewellery.com\\\/wp-content\\\/uploads\\\/2023\\\/04\\\/P3240102-scaled.jpg\",\"datePublished\":\"2023-04-02T18:17:22+00:00\",\"dateModified\":\"2025-05-31T15:06:30+00:00\",\"description\":\"Inel din aur si platina cu safir albastru-violet realizat exclusiv manual din platina 950 si aur 585 cu safir natural de bijutier Dan-Mihail Constantinescu.\",\"breadcrumb\":{\"@id\":\"https:\\\/\\\/mihailjewellery.com\\\/product\\\/inel-din-aur-si-platina-cu-safir-albastru-violet\\\/#breadcrumb\"},\"inLanguage\":\"fr-FR\",\"potentialAction\":[{\"@type\":\"ReadAction\",\"target\":[\"https:\\\/\\\/mihailjewellery.com\\\/product\\\/inel-din-aur-si-platina-cu-safir-albastru-violet\\\/\"]}]},{\"@type\":\"ImageObject\",\"inLanguage\":\"fr-FR\",\"@id\":\"https:\\\/\\\/mihailjewellery.com\\\/product\\\/inel-din-aur-si-platina-cu-safir-albastru-violet\\\/#primaryimage\",\"url\":\"https:\\\/\\\/mihailjewellery.com\\\/wp-content\\\/uploads\\\/2023\\\/04\\\/P3240102-scaled.jpg\",\"contentUrl\":\"https:\\\/\\\/mihailjewellery.com\\\/wp-content\\\/uploads\\\/2023\\\/04\\\/P3240102-scaled.jpg\",\"width\":2560,\"height\":1920,\"caption\":\"www.mihailjewellery.com\"},{\"@type\":\"BreadcrumbList\",\"@id\":\"https:\\\/\\\/mihailjewellery.com\\\/product\\\/inel-din-aur-si-platina-cu-safir-albastru-violet\\\/#breadcrumb\",\"itemListElement\":[{\"@type\":\"ListItem\",\"position\":1,\"name\":\"Home\",\"item\":\"https:\\\/\\\/mihailjewellery.com\\\/\"},{\"@type\":\"ListItem\",\"position\":2,\"name\":\"Shop\",\"item\":\"https:\\\/\\\/mihailjewellery.com\\\/shop\\\/\"},{\"@type\":\"ListItem\",\"position\":3,\"name\":\"Inel din aur si platina cu safir albastru-violet\"}]},{\"@type\":\"WebSite\",\"@id\":\"https:\\\/\\\/mihailjewellery.com\\\/#website\",\"url\":\"https:\\\/\\\/mihailjewellery.com\\\/\",\"name\":\"Mihail Jewellery\",\"description\":\"Custom and unique jewellery\",\"publisher\":{\"@id\":\"https:\\\/\\\/mihailjewellery.com\\\/#organization\"},\"potentialAction\":[{\"@type\":\"SearchAction\",\"target\":{\"@type\":\"EntryPoint\",\"urlTemplate\":\"https:\\\/\\\/mihailjewellery.com\\\/?s={search_term_string}\"},\"query-input\":{\"@type\":\"PropertyValueSpecification\",\"valueRequired\":true,\"valueName\":\"search_term_string\"}}],\"inLanguage\":\"fr-FR\"},{\"@type\":\"Organization\",\"@id\":\"https:\\\/\\\/mihailjewellery.com\\\/#organization\",\"name\":\"Mihail Jewellery\",\"url\":\"https:\\\/\\\/mihailjewellery.com\\\/\",\"logo\":{\"@type\":\"ImageObject\",\"inLanguage\":\"fr-FR\",\"@id\":\"https:\\\/\\\/mihailjewellery.com\\\/#\\\/schema\\\/logo\\\/image\\\/\",\"url\":\"https:\\\/\\\/mihailjewellery.com\\\/wp-content\\\/uploads\\\/2020\\\/08\\\/vertical_on_transparent_by_logaster.png\",\"contentUrl\":\"https:\\\/\\\/mihailjewellery.com\\\/wp-content\\\/uploads\\\/2020\\\/08\\\/vertical_on_transparent_by_logaster.png\",\"width\":2000,\"height\":2000,\"caption\":\"Mihail Jewellery\"},\"image\":{\"@id\":\"https:\\\/\\\/mihailjewellery.com\\\/#\\\/schema\\\/logo\\\/image\\\/\"},\"sameAs\":[\"https:\\\/\\\/www.facebook.com\\\/MihailJewellerycom\"]}]}<\/script>\n<!-- \/ Yoast SEO plugin. -->","yoast_head_json":{"title":"Inel din aur si platina cu safir albastru-violet - Mihail Jewellery - Unic","description":"Inel din aur si platina cu safir albastru-violet realizat exclusiv manual din platina 950 si aur 585 cu safir natural de bijutier Dan-Mihail Constantinescu.","robots":{"index":"index","follow":"follow","max-snippet":"max-snippet:-1","max-image-preview":"max-image-preview:large","max-video-preview":"max-video-preview:-1"},"canonical":"https:\/\/mihailjewellery.com\/fr\/produit\/inel-din-aur-si-platina-cu-safir-albastru-violet\/","og_locale":"fr_FR","og_type":"article","og_title":"Inel din aur si platina cu safir albastru-violet - Mihail Jewellery - Unic","og_description":"Inel din aur si platina cu safir albastru-violet realizat exclusiv manual din platina 950 si aur 585 cu safir natural de bijutier Dan-Mihail Constantinescu.","og_url":"https:\/\/mihailjewellery.com\/fr\/produit\/inel-din-aur-si-platina-cu-safir-albastru-violet\/","og_site_name":"Mihail Jewellery","article_publisher":"https:\/\/www.facebook.com\/MihailJewellerycom","article_modified_time":"2025-05-31T15:06:30+00:00","og_image":[{"width":2560,"height":1920,"url":"https:\/\/mihailjewellery.com\/wp-content\/uploads\/2023\/04\/P3240102-scaled.jpg","type":"image\/jpeg"}],"twitter_card":"summary_large_image","twitter_misc":{"Dur\u00e9e de lecture estim\u00e9e":"1 minute"},"schema":{"@context":"https:\/\/schema.org","@graph":[{"@type":"WebPage","@id":"https:\/\/mihailjewellery.com\/product\/inel-din-aur-si-platina-cu-safir-albastru-violet\/","url":"https:\/\/mihailjewellery.com\/product\/inel-din-aur-si-platina-cu-safir-albastru-violet\/","name":"Inel din aur si platina cu safir albastru-violet - Mihail Jewellery - Unic","isPartOf":{"@id":"https:\/\/mihailjewellery.com\/#website"},"primaryImageOfPage":{"@id":"https:\/\/mihailjewellery.com\/product\/inel-din-aur-si-platina-cu-safir-albastru-violet\/#primaryimage"},"image":{"@id":"https:\/\/mihailjewellery.com\/product\/inel-din-aur-si-platina-cu-safir-albastru-violet\/#primaryimage"},"thumbnailUrl":"https:\/\/mihailjewellery.com\/wp-content\/uploads\/2023\/04\/P3240102-scaled.jpg","datePublished":"2023-04-02T18:17:22+00:00","dateModified":"2025-05-31T15:06:30+00:00","description":"Inel din aur si platina cu safir albastru-violet realizat exclusiv manual din platina 950 si aur 585 cu safir natural de bijutier Dan-Mihail Constantinescu.","breadcrumb":{"@id":"https:\/\/mihailjewellery.com\/product\/inel-din-aur-si-platina-cu-safir-albastru-violet\/#breadcrumb"},"inLanguage":"fr-FR","potentialAction":[{"@type":"ReadAction","target":["https:\/\/mihailjewellery.com\/product\/inel-din-aur-si-platina-cu-safir-albastru-violet\/"]}]},{"@type":"ImageObject","inLanguage":"fr-FR","@id":"https:\/\/mihailjewellery.com\/product\/inel-din-aur-si-platina-cu-safir-albastru-violet\/#primaryimage","url":"https:\/\/mihailjewellery.com\/wp-content\/uploads\/2023\/04\/P3240102-scaled.jpg","contentUrl":"https:\/\/mihailjewellery.com\/wp-content\/uploads\/2023\/04\/P3240102-scaled.jpg","width":2560,"height":1920,"caption":"www.mihailjewellery.com"},{"@type":"BreadcrumbList","@id":"https:\/\/mihailjewellery.com\/product\/inel-din-aur-si-platina-cu-safir-albastru-violet\/#breadcrumb","itemListElement":[{"@type":"ListItem","position":1,"name":"Home","item":"https:\/\/mihailjewellery.com\/"},{"@type":"ListItem","position":2,"name":"Shop","item":"https:\/\/mihailjewellery.com\/shop\/"},{"@type":"ListItem","position":3,"name":"Inel din aur si platina cu safir albastru-violet"}]},{"@type":"WebSite","@id":"https:\/\/mihailjewellery.com\/#website","url":"https:\/\/mihailjewellery.com\/","name":"Mihail Jewellery","description":"Custom and unique jewellery","publisher":{"@id":"https:\/\/mihailjewellery.com\/#organization"},"potentialAction":[{"@type":"SearchAction","target":{"@type":"EntryPoint","urlTemplate":"https:\/\/mihailjewellery.com\/?s={search_term_string}"},"query-input":{"@type":"PropertyValueSpecification","valueRequired":true,"valueName":"search_term_string"}}],"inLanguage":"fr-FR"},{"@type":"Organization","@id":"https:\/\/mihailjewellery.com\/#organization","name":"Mihail Jewellery","url":"https:\/\/mihailjewellery.com\/","logo":{"@type":"ImageObject","inLanguage":"fr-FR","@id":"https:\/\/mihailjewellery.com\/#\/schema\/logo\/image\/","url":"https:\/\/mihailjewellery.com\/wp-content\/uploads\/2020\/08\/vertical_on_transparent_by_logaster.png","contentUrl":"https:\/\/mihailjewellery.com\/wp-content\/uploads\/2020\/08\/vertical_on_transparent_by_logaster.png","width":2000,"height":2000,"caption":"Mihail Jewellery"},"image":{"@id":"https:\/\/mihailjewellery.com\/#\/schema\/logo\/image\/"},"sameAs":["https:\/\/www.facebook.com\/MihailJewellerycom"]}]}},"_links":{"self":[{"href":"https:\/\/mihailjewellery.com\/fr\/wp-json\/wp\/v2\/product\/3545","targetHints":{"allow":["GET"]}}],"collection":[{"href":"https:\/\/mihailjewellery.com\/fr\/wp-json\/wp\/v2\/product"}],"about":[{"href":"https:\/\/mihailjewellery.com\/fr\/wp-json\/wp\/v2\/types\/product"}],"replies":[{"embeddable":true,"href":"https:\/\/mihailjewellery.com\/fr\/wp-json\/wp\/v2\/comments?post=3545"}],"wp:featuredmedia":[{"embeddable":true,"href":"https:\/\/mihailjewellery.com\/fr\/wp-json\/wp\/v2\/media\/3546"}],"wp:attachment":[{"href":"https:\/\/mihailjewellery.com\/fr\/wp-json\/wp\/v2\/media?parent=3545"}],"wp:term":[{"taxonomy":"product_brand","embeddable":true,"href":"https:\/\/mihailjewellery.com\/fr\/wp-json\/wp\/v2\/product_brand?post=3545"},{"taxonomy":"product_cat","embeddable":true,"href":"https:\/\/mihailjewellery.com\/fr\/wp-json\/wp\/v2\/product_cat?post=3545"},{"taxonomy":"product_tag","embeddable":true,"href":"https:\/\/mihailjewellery.com\/fr\/wp-json\/wp\/v2\/product_tag?post=3545"}],"curies":[{"name":"wp","href":"https:\/\/api.w.org\/{rel}","templated":true}]}}