{"id":3653,"date":"2023-09-22T15:49:57","date_gmt":"2023-09-22T12:49:57","guid":{"rendered":"https:\/\/mihailjewellery.com\/?post_type=product&#038;p=3653"},"modified":"2025-06-19T13:05:39","modified_gmt":"2025-06-19T10:05:39","slug":"verighete-munti-argint-si-cupru","status":"publish","type":"product","link":"https:\/\/mihailjewellery.com\/fr\/product\/verighete-munti-argint-si-cupru\/","title":{"rendered":"Alliances Munti Argent et Cuivre"},"content":{"rendered":"<p>Alliances \u00ab Montagnes \u00bb en argent, mod\u00e8le unique travaill\u00e9 \u00e0 la main selon des techniques traditionnelles.<\/p>\n<p>Cette paire d\u2019alliances, inspir\u00e9e par les montagnes, se distingue par son design unique. La base en argent 925 est grav\u00e9e manuellement en relief avec des motifs montagneux et patin\u00e9e, tandis que des applications d\u00e9coratives en cuivre, au fini noir\/brillant, cr\u00e9ent un contraste saisissant entre les m\u00e9taux. Le contraste produit par ces deux m\u00e9taux est spectaculaire \u00e0 l\u2019\u0153il nu.<\/p>\n<p>Sur demande, elles peuvent \u00eatre r\u00e9alis\u00e9es enti\u00e8rement en or 14K ou 18K, ainsi qu\u2019en platine. Chaque set d\u2019alliances poss\u00e8de un caract\u00e8re sp\u00e9cial et unique, impossible \u00e0 reproduire \u00e0 l\u2019identique.<\/p>\n<p>Cette bague est enti\u00e8rement fabriqu\u00e9e \u00e0 la main, en s\u00e9rie limit\u00e9e et sur commande. Les \u00e9ventuelles l\u00e9g\u00e8res imperfections t\u00e9moignent d\u2019un travail artisanal traditionnel.<\/p>\n<p>Elles conf\u00e8rent \u00e9galement originalit\u00e9 et authenticit\u00e9 \u00e0 chaque set. Ainsi, chaque paire d\u2019alliances que je cr\u00e9e pr\u00e9sente des \u00e9l\u00e9ments distincts et uniques, leur donnant une valeur sup\u00e9rieure \u00e0 celle des bijoux produits en s\u00e9rie en usine.<\/p>\n<p>Tous mes bijoux faits main sont accompagn\u00e9s d\u2019un certificat d\u2019authenticit\u00e9 et d\u2019une garantie. Les bijoux en m\u00e9tal pr\u00e9cieux portent le poin\u00e7on de responsabilit\u00e9 du bijoutier ainsi que le poin\u00e7on d\u2019\u00c9tat.<\/p>","protected":false},"excerpt":{"rendered":"<p><strong>Alliances \u00ab Montagnes \u00bb en argent<\/strong>, enti\u00e8rement travaill\u00e9es \u00e0 la main en argent 925 et cuivre. Pi\u00e8ces uniques, inspir\u00e9es par les montagnes, avec un mod\u00e8le en relief et des gravures manuelles.<\/p>\n<p>Sur commande, ce set peut \u00eatre r\u00e9alis\u00e9 enti\u00e8rement en or ou dans d\u2019autres combinaisons de m\u00e9taux.<\/p>\n<p>Largeur des alliances : Environ 6 mm<\/p>\n<p><span style=\"text-decoration: underline;\">Le prix affich\u00e9 est pour l\u2019ensemble des alliances.<\/span><\/p>","protected":false},"featured_media":3656,"comment_status":"open","ping_status":"closed","template":"","meta":{"neve_meta_sidebar":"","neve_meta_container":"","neve_meta_enable_content_width":"off","neve_meta_content_width":100,"neve_meta_title_alignment":"","neve_meta_author_avatar":"","neve_post_elements_order":"","neve_meta_disable_header":"","neve_meta_disable_footer":"","neve_meta_disable_title":"","neve_meta_reading_time":""},"product_brand":[],"product_cat":[1140,38],"product_tag":[30,101,76,75,884,329,332,114,824,41,891,811,1091,1056,40,1092],"class_list":{"0":"post-3653","1":"product","2":"type-product","3":"status-publish","4":"has-post-thumbnail","6":"product_cat-argint","7":"product_cat-verighete","8":"product_tag-bijuterie-de-autor","9":"product_tag-bijuterii-lucrate-manual","10":"product_tag-bijuterii-personalizate","11":"product_tag-bijuterii-unicat","12":"product_tag-modele-verighete","13":"product_tag-set-verighete-argint","14":"product_tag-verighete-argint-925","15":"product_tag-verighete-argint-cuplu","16":"product_tag-verighete-de-autor","17":"product_tag-verighete-handmade","18":"product_tag-verighete-lucrate-manual","19":"product_tag-verighete-munti","20":"product_tag-verighete-munti-argint","21":"product_tag-verighete-personalizate","22":"product_tag-verighete-unicat","23":"product_tag-verighte-cu-munti","24":"wcpa_has_options","26":"first","27":"instock","28":"taxable","29":"shipping-taxable","30":"purchasable","31":"product-type-simple"},"yoast_head":"<!-- This site is optimized with the Yoast SEO plugin v27.3 - https:\/\/yoast.com\/product\/yoast-seo-wordpress\/ -->\n<title>Verighete Munti Argint si Cupru - Mihail Jewellery<\/title>\n<meta name=\"description\" content=\"Verighete munti argint, unicat realizate manual din argint 925, cu elemente din cupru, de bijutier Dan-Mihail Constantinescu. contact@mihailjewellery.com\" \/>\n<meta name=\"robots\" content=\"index, follow, max-snippet:-1, max-image-preview:large, max-video-preview:-1\" \/>\n<link rel=\"canonical\" href=\"https:\/\/mihailjewellery.com\/fr\/produit\/verighete-munti-argint-si-cupru\/\" \/>\n<meta property=\"og:locale\" content=\"fr_FR\" \/>\n<meta property=\"og:type\" content=\"article\" \/>\n<meta property=\"og:title\" content=\"Verighete Munti Argint si Cupru - Mihail Jewellery\" \/>\n<meta property=\"og:description\" content=\"Verighete munti argint, unicat realizate manual din argint 925, cu elemente din cupru, de bijutier Dan-Mihail Constantinescu. contact@mihailjewellery.com\" \/>\n<meta property=\"og:url\" content=\"https:\/\/mihailjewellery.com\/fr\/produit\/verighete-munti-argint-si-cupru\/\" \/>\n<meta property=\"og:site_name\" content=\"Mihail Jewellery\" \/>\n<meta property=\"article:publisher\" content=\"https:\/\/www.facebook.com\/MihailJewellerycom\" \/>\n<meta property=\"article:modified_time\" content=\"2025-06-19T10:05:39+00:00\" \/>\n<meta property=\"og:image\" content=\"https:\/\/mihailjewellery.com\/wp-content\/uploads\/2023\/09\/P9280363-scaled.jpg\" \/>\n\t<meta property=\"og:image:width\" content=\"2560\" \/>\n\t<meta property=\"og:image:height\" content=\"1920\" \/>\n\t<meta property=\"og:image:type\" content=\"image\/jpeg\" \/>\n<meta name=\"twitter:card\" content=\"summary_large_image\" \/>\n<meta name=\"twitter:label1\" content=\"Dur\u00e9e de lecture estim\u00e9e\" \/>\n\t<meta name=\"twitter:data1\" content=\"2 minutes\" \/>\n<script type=\"application\/ld+json\" class=\"yoast-schema-graph\">{\"@context\":\"https:\\\/\\\/schema.org\",\"@graph\":[{\"@type\":\"WebPage\",\"@id\":\"https:\\\/\\\/mihailjewellery.com\\\/product\\\/verighete-munti-argint-si-cupru\\\/\",\"url\":\"https:\\\/\\\/mihailjewellery.com\\\/product\\\/verighete-munti-argint-si-cupru\\\/\",\"name\":\"Verighete Munti Argint si Cupru - Mihail Jewellery\",\"isPartOf\":{\"@id\":\"https:\\\/\\\/mihailjewellery.com\\\/#website\"},\"primaryImageOfPage\":{\"@id\":\"https:\\\/\\\/mihailjewellery.com\\\/product\\\/verighete-munti-argint-si-cupru\\\/#primaryimage\"},\"image\":{\"@id\":\"https:\\\/\\\/mihailjewellery.com\\\/product\\\/verighete-munti-argint-si-cupru\\\/#primaryimage\"},\"thumbnailUrl\":\"https:\\\/\\\/mihailjewellery.com\\\/wp-content\\\/uploads\\\/2023\\\/09\\\/P9280363-scaled.jpg\",\"datePublished\":\"2023-09-22T12:49:57+00:00\",\"dateModified\":\"2025-06-19T10:05:39+00:00\",\"description\":\"Verighete munti argint, unicat realizate manual din argint 925, cu elemente din cupru, de bijutier Dan-Mihail Constantinescu. contact@mihailjewellery.com\",\"breadcrumb\":{\"@id\":\"https:\\\/\\\/mihailjewellery.com\\\/product\\\/verighete-munti-argint-si-cupru\\\/#breadcrumb\"},\"inLanguage\":\"fr-FR\",\"potentialAction\":[{\"@type\":\"ReadAction\",\"target\":[\"https:\\\/\\\/mihailjewellery.com\\\/product\\\/verighete-munti-argint-si-cupru\\\/\"]}]},{\"@type\":\"ImageObject\",\"inLanguage\":\"fr-FR\",\"@id\":\"https:\\\/\\\/mihailjewellery.com\\\/product\\\/verighete-munti-argint-si-cupru\\\/#primaryimage\",\"url\":\"https:\\\/\\\/mihailjewellery.com\\\/wp-content\\\/uploads\\\/2023\\\/09\\\/P9280363-scaled.jpg\",\"contentUrl\":\"https:\\\/\\\/mihailjewellery.com\\\/wp-content\\\/uploads\\\/2023\\\/09\\\/P9280363-scaled.jpg\",\"width\":2560,\"height\":1920,\"caption\":\"www.mihailjewellery.com\"},{\"@type\":\"BreadcrumbList\",\"@id\":\"https:\\\/\\\/mihailjewellery.com\\\/product\\\/verighete-munti-argint-si-cupru\\\/#breadcrumb\",\"itemListElement\":[{\"@type\":\"ListItem\",\"position\":1,\"name\":\"Home\",\"item\":\"https:\\\/\\\/mihailjewellery.com\\\/\"},{\"@type\":\"ListItem\",\"position\":2,\"name\":\"Shop\",\"item\":\"https:\\\/\\\/mihailjewellery.com\\\/shop\\\/\"},{\"@type\":\"ListItem\",\"position\":3,\"name\":\"Verighete Munti Argint si Cupru\"}]},{\"@type\":\"WebSite\",\"@id\":\"https:\\\/\\\/mihailjewellery.com\\\/#website\",\"url\":\"https:\\\/\\\/mihailjewellery.com\\\/\",\"name\":\"Mihail Jewellery\",\"description\":\"Custom and unique jewellery\",\"publisher\":{\"@id\":\"https:\\\/\\\/mihailjewellery.com\\\/#organization\"},\"potentialAction\":[{\"@type\":\"SearchAction\",\"target\":{\"@type\":\"EntryPoint\",\"urlTemplate\":\"https:\\\/\\\/mihailjewellery.com\\\/?s={search_term_string}\"},\"query-input\":{\"@type\":\"PropertyValueSpecification\",\"valueRequired\":true,\"valueName\":\"search_term_string\"}}],\"inLanguage\":\"fr-FR\"},{\"@type\":\"Organization\",\"@id\":\"https:\\\/\\\/mihailjewellery.com\\\/#organization\",\"name\":\"Mihail Jewellery\",\"url\":\"https:\\\/\\\/mihailjewellery.com\\\/\",\"logo\":{\"@type\":\"ImageObject\",\"inLanguage\":\"fr-FR\",\"@id\":\"https:\\\/\\\/mihailjewellery.com\\\/#\\\/schema\\\/logo\\\/image\\\/\",\"url\":\"https:\\\/\\\/mihailjewellery.com\\\/wp-content\\\/uploads\\\/2020\\\/08\\\/vertical_on_transparent_by_logaster.png\",\"contentUrl\":\"https:\\\/\\\/mihailjewellery.com\\\/wp-content\\\/uploads\\\/2020\\\/08\\\/vertical_on_transparent_by_logaster.png\",\"width\":2000,\"height\":2000,\"caption\":\"Mihail Jewellery\"},\"image\":{\"@id\":\"https:\\\/\\\/mihailjewellery.com\\\/#\\\/schema\\\/logo\\\/image\\\/\"},\"sameAs\":[\"https:\\\/\\\/www.facebook.com\\\/MihailJewellerycom\"]}]}<\/script>\n<!-- \/ Yoast SEO plugin. -->","yoast_head_json":{"title":"Verighete Munti Argint si Cupru - Mihail Jewellery","description":"Verighete munti argint, unicat realizate manual din argint 925, cu elemente din cupru, de bijutier Dan-Mihail Constantinescu. contact@mihailjewellery.com","robots":{"index":"index","follow":"follow","max-snippet":"max-snippet:-1","max-image-preview":"max-image-preview:large","max-video-preview":"max-video-preview:-1"},"canonical":"https:\/\/mihailjewellery.com\/fr\/produit\/verighete-munti-argint-si-cupru\/","og_locale":"fr_FR","og_type":"article","og_title":"Verighete Munti Argint si Cupru - Mihail Jewellery","og_description":"Verighete munti argint, unicat realizate manual din argint 925, cu elemente din cupru, de bijutier Dan-Mihail Constantinescu. contact@mihailjewellery.com","og_url":"https:\/\/mihailjewellery.com\/fr\/produit\/verighete-munti-argint-si-cupru\/","og_site_name":"Mihail Jewellery","article_publisher":"https:\/\/www.facebook.com\/MihailJewellerycom","article_modified_time":"2025-06-19T10:05:39+00:00","og_image":[{"width":2560,"height":1920,"url":"https:\/\/mihailjewellery.com\/wp-content\/uploads\/2023\/09\/P9280363-scaled.jpg","type":"image\/jpeg"}],"twitter_card":"summary_large_image","twitter_misc":{"Dur\u00e9e de lecture estim\u00e9e":"2 minutes"},"schema":{"@context":"https:\/\/schema.org","@graph":[{"@type":"WebPage","@id":"https:\/\/mihailjewellery.com\/product\/verighete-munti-argint-si-cupru\/","url":"https:\/\/mihailjewellery.com\/product\/verighete-munti-argint-si-cupru\/","name":"Verighete Munti Argint si Cupru - Mihail Jewellery","isPartOf":{"@id":"https:\/\/mihailjewellery.com\/#website"},"primaryImageOfPage":{"@id":"https:\/\/mihailjewellery.com\/product\/verighete-munti-argint-si-cupru\/#primaryimage"},"image":{"@id":"https:\/\/mihailjewellery.com\/product\/verighete-munti-argint-si-cupru\/#primaryimage"},"thumbnailUrl":"https:\/\/mihailjewellery.com\/wp-content\/uploads\/2023\/09\/P9280363-scaled.jpg","datePublished":"2023-09-22T12:49:57+00:00","dateModified":"2025-06-19T10:05:39+00:00","description":"Verighete munti argint, unicat realizate manual din argint 925, cu elemente din cupru, de bijutier Dan-Mihail Constantinescu. contact@mihailjewellery.com","breadcrumb":{"@id":"https:\/\/mihailjewellery.com\/product\/verighete-munti-argint-si-cupru\/#breadcrumb"},"inLanguage":"fr-FR","potentialAction":[{"@type":"ReadAction","target":["https:\/\/mihailjewellery.com\/product\/verighete-munti-argint-si-cupru\/"]}]},{"@type":"ImageObject","inLanguage":"fr-FR","@id":"https:\/\/mihailjewellery.com\/product\/verighete-munti-argint-si-cupru\/#primaryimage","url":"https:\/\/mihailjewellery.com\/wp-content\/uploads\/2023\/09\/P9280363-scaled.jpg","contentUrl":"https:\/\/mihailjewellery.com\/wp-content\/uploads\/2023\/09\/P9280363-scaled.jpg","width":2560,"height":1920,"caption":"www.mihailjewellery.com"},{"@type":"BreadcrumbList","@id":"https:\/\/mihailjewellery.com\/product\/verighete-munti-argint-si-cupru\/#breadcrumb","itemListElement":[{"@type":"ListItem","position":1,"name":"Home","item":"https:\/\/mihailjewellery.com\/"},{"@type":"ListItem","position":2,"name":"Shop","item":"https:\/\/mihailjewellery.com\/shop\/"},{"@type":"ListItem","position":3,"name":"Verighete Munti Argint si Cupru"}]},{"@type":"WebSite","@id":"https:\/\/mihailjewellery.com\/#website","url":"https:\/\/mihailjewellery.com\/","name":"Mihail Jewellery","description":"Custom and unique jewellery","publisher":{"@id":"https:\/\/mihailjewellery.com\/#organization"},"potentialAction":[{"@type":"SearchAction","target":{"@type":"EntryPoint","urlTemplate":"https:\/\/mihailjewellery.com\/?s={search_term_string}"},"query-input":{"@type":"PropertyValueSpecification","valueRequired":true,"valueName":"search_term_string"}}],"inLanguage":"fr-FR"},{"@type":"Organization","@id":"https:\/\/mihailjewellery.com\/#organization","name":"Mihail Jewellery","url":"https:\/\/mihailjewellery.com\/","logo":{"@type":"ImageObject","inLanguage":"fr-FR","@id":"https:\/\/mihailjewellery.com\/#\/schema\/logo\/image\/","url":"https:\/\/mihailjewellery.com\/wp-content\/uploads\/2020\/08\/vertical_on_transparent_by_logaster.png","contentUrl":"https:\/\/mihailjewellery.com\/wp-content\/uploads\/2020\/08\/vertical_on_transparent_by_logaster.png","width":2000,"height":2000,"caption":"Mihail Jewellery"},"image":{"@id":"https:\/\/mihailjewellery.com\/#\/schema\/logo\/image\/"},"sameAs":["https:\/\/www.facebook.com\/MihailJewellerycom"]}]}},"_links":{"self":[{"href":"https:\/\/mihailjewellery.com\/fr\/wp-json\/wp\/v2\/product\/3653","targetHints":{"allow":["GET"]}}],"collection":[{"href":"https:\/\/mihailjewellery.com\/fr\/wp-json\/wp\/v2\/product"}],"about":[{"href":"https:\/\/mihailjewellery.com\/fr\/wp-json\/wp\/v2\/types\/product"}],"replies":[{"embeddable":true,"href":"https:\/\/mihailjewellery.com\/fr\/wp-json\/wp\/v2\/comments?post=3653"}],"wp:featuredmedia":[{"embeddable":true,"href":"https:\/\/mihailjewellery.com\/fr\/wp-json\/wp\/v2\/media\/3656"}],"wp:attachment":[{"href":"https:\/\/mihailjewellery.com\/fr\/wp-json\/wp\/v2\/media?parent=3653"}],"wp:term":[{"taxonomy":"product_brand","embeddable":true,"href":"https:\/\/mihailjewellery.com\/fr\/wp-json\/wp\/v2\/product_brand?post=3653"},{"taxonomy":"product_cat","embeddable":true,"href":"https:\/\/mihailjewellery.com\/fr\/wp-json\/wp\/v2\/product_cat?post=3653"},{"taxonomy":"product_tag","embeddable":true,"href":"https:\/\/mihailjewellery.com\/fr\/wp-json\/wp\/v2\/product_tag?post=3653"}],"curies":[{"name":"wp","href":"https:\/\/api.w.org\/{rel}","templated":true}]}}