{"id":4092,"date":"2025-05-31T14:46:21","date_gmt":"2025-05-31T11:46:21","guid":{"rendered":"https:\/\/mihailjewellery.com\/?post_type=product&#038;p=4092"},"modified":"2025-10-21T12:40:54","modified_gmt":"2025-10-21T09:40:54","slug":"verighete-aur-si-argint-infinit","status":"publish","type":"product","link":"https:\/\/mihailjewellery.com\/fr\/product\/verighete-aur-si-argint-infinit\/","title":{"rendered":"Alliances en or et argent Infinit"},"content":{"rendered":"<p>Ce set d\u2019alliances est r\u00e9alis\u00e9 \u00e0 la main en argent 925 et or 18K. Ces alliances conviennent parfaitement aux couples souhaitant c\u00e9l\u00e9brer leur amour et leur engagement. Le design textur\u00e9 de l\u2019argent offre un aspect moderne, tandis que les d\u00e9tails en or symbolisent l\u2019infini. Chaque alliance est finie manuellement pour garantir qualit\u00e9 et confort. Ce set d\u2019alliances est id\u00e9al pour marquer un moment sp\u00e9cial dans votre vie commune.<\/p>","protected":false},"excerpt":{"rendered":"<p>Set d\u2019alliances en argent 925 et or 18K. Design \u00e9l\u00e9gant et durable, avec des d\u00e9tails en or symbolisant l\u2019infini.<\/p>\n<p>Mat\u00e9riaux : Or 18K et argent 925<\/p>\n<p>Fabriqu\u00e9es \u00e0 la main<\/p>\n<p><span style=\"text-decoration: underline;\">Le prix affich\u00e9 est pour l\u2019ensemble des alliances.<\/span><\/p>","protected":false},"featured_media":4093,"comment_status":"open","ping_status":"closed","template":"","meta":{"neve_meta_sidebar":"","neve_meta_container":"","neve_meta_enable_content_width":"off","neve_meta_content_width":100,"neve_meta_title_alignment":"","neve_meta_author_avatar":"","neve_post_elements_order":"","neve_meta_disable_header":"","neve_meta_disable_footer":"","neve_meta_disable_title":"","neve_meta_reading_time":""},"product_brand":[],"product_cat":[1140,1139,226,38],"product_tag":[1144,775,42,43,1145,1146,825],"class_list":{"0":"post-4092","1":"product","2":"type-product","3":"status-publish","4":"has-post-thumbnail","6":"product_cat-argint","7":"product_cat-aur","8":"product_cat-noutati","9":"product_cat-verighete","10":"product_tag-mihail-jewellery","11":"product_tag-verighete","12":"product_tag-verighete-argint","13":"product_tag-verighete-aur","14":"product_tag-verighete-aur-si-argint-infinit","15":"product_tag-verighete-infinit","16":"product_tag-verighete-mihailjewellery","17":"wcpa_has_options","19":"first","20":"instock","21":"taxable","22":"shipping-taxable","23":"purchasable","24":"product-type-simple"},"yoast_head":"<!-- This site is optimized with the Yoast SEO plugin v27.3 - https:\/\/yoast.com\/product\/yoast-seo-wordpress\/ -->\n<title>Verighete Aur si Argint Infinit - Mihail Jewellery<\/title>\n<meta name=\"description\" content=\"Set de verighete din argint 925 si aur de 18k. Design elegant si durabil, cu detalii din aur care simbolizeaza infinitul.\" \/>\n<meta name=\"robots\" content=\"index, follow, max-snippet:-1, max-image-preview:large, max-video-preview:-1\" \/>\n<link rel=\"canonical\" href=\"https:\/\/mihailjewellery.com\/fr\/produit\/verighete-aur-si-argint-infinit\/\" \/>\n<meta property=\"og:locale\" content=\"fr_FR\" \/>\n<meta property=\"og:type\" content=\"article\" \/>\n<meta property=\"og:title\" content=\"Verighete Aur si Argint Infinit - Mihail Jewellery\" \/>\n<meta property=\"og:description\" content=\"Set de verighete din argint 925 si aur de 18k. Design elegant si durabil, cu detalii din aur care simbolizeaza infinitul.\" \/>\n<meta property=\"og:url\" content=\"https:\/\/mihailjewellery.com\/fr\/produit\/verighete-aur-si-argint-infinit\/\" \/>\n<meta property=\"og:site_name\" content=\"Mihail Jewellery\" \/>\n<meta property=\"article:publisher\" content=\"https:\/\/www.facebook.com\/MihailJewellerycom\" \/>\n<meta property=\"article:modified_time\" content=\"2025-10-21T09:40:54+00:00\" \/>\n<meta property=\"og:image\" content=\"https:\/\/mihailjewellery.com\/wp-content\/uploads\/2025\/05\/Verighete-Aur-si-Argint-Infinit-scaled.jpg\" \/>\n\t<meta property=\"og:image:width\" content=\"2560\" \/>\n\t<meta property=\"og:image:height\" content=\"1920\" \/>\n\t<meta property=\"og:image:type\" content=\"image\/jpeg\" \/>\n<meta name=\"twitter:card\" content=\"summary_large_image\" \/>\n<meta name=\"twitter:label1\" content=\"Dur\u00e9e de lecture estim\u00e9e\" \/>\n\t<meta name=\"twitter:data1\" content=\"1 minute\" \/>\n<script type=\"application\/ld+json\" class=\"yoast-schema-graph\">{\"@context\":\"https:\\\/\\\/schema.org\",\"@graph\":[{\"@type\":\"WebPage\",\"@id\":\"https:\\\/\\\/mihailjewellery.com\\\/product\\\/verighete-aur-si-argint-infinit\\\/\",\"url\":\"https:\\\/\\\/mihailjewellery.com\\\/product\\\/verighete-aur-si-argint-infinit\\\/\",\"name\":\"Verighete Aur si Argint Infinit - Mihail Jewellery\",\"isPartOf\":{\"@id\":\"https:\\\/\\\/mihailjewellery.com\\\/#website\"},\"primaryImageOfPage\":{\"@id\":\"https:\\\/\\\/mihailjewellery.com\\\/product\\\/verighete-aur-si-argint-infinit\\\/#primaryimage\"},\"image\":{\"@id\":\"https:\\\/\\\/mihailjewellery.com\\\/product\\\/verighete-aur-si-argint-infinit\\\/#primaryimage\"},\"thumbnailUrl\":\"https:\\\/\\\/mihailjewellery.com\\\/wp-content\\\/uploads\\\/2025\\\/05\\\/Verighete-Aur-si-Argint-Infinit-scaled.jpg\",\"datePublished\":\"2025-05-31T11:46:21+00:00\",\"dateModified\":\"2025-10-21T09:40:54+00:00\",\"description\":\"Set de verighete din argint 925 si aur de 18k. Design elegant si durabil, cu detalii din aur care simbolizeaza infinitul.\",\"breadcrumb\":{\"@id\":\"https:\\\/\\\/mihailjewellery.com\\\/product\\\/verighete-aur-si-argint-infinit\\\/#breadcrumb\"},\"inLanguage\":\"fr-FR\",\"potentialAction\":[{\"@type\":\"ReadAction\",\"target\":[\"https:\\\/\\\/mihailjewellery.com\\\/product\\\/verighete-aur-si-argint-infinit\\\/\"]}]},{\"@type\":\"ImageObject\",\"inLanguage\":\"fr-FR\",\"@id\":\"https:\\\/\\\/mihailjewellery.com\\\/product\\\/verighete-aur-si-argint-infinit\\\/#primaryimage\",\"url\":\"https:\\\/\\\/mihailjewellery.com\\\/wp-content\\\/uploads\\\/2025\\\/05\\\/Verighete-Aur-si-Argint-Infinit-scaled.jpg\",\"contentUrl\":\"https:\\\/\\\/mihailjewellery.com\\\/wp-content\\\/uploads\\\/2025\\\/05\\\/Verighete-Aur-si-Argint-Infinit-scaled.jpg\",\"width\":2560,\"height\":1920,\"caption\":\"Verighete Aur si Argint Infinit\"},{\"@type\":\"BreadcrumbList\",\"@id\":\"https:\\\/\\\/mihailjewellery.com\\\/product\\\/verighete-aur-si-argint-infinit\\\/#breadcrumb\",\"itemListElement\":[{\"@type\":\"ListItem\",\"position\":1,\"name\":\"Home\",\"item\":\"https:\\\/\\\/mihailjewellery.com\\\/\"},{\"@type\":\"ListItem\",\"position\":2,\"name\":\"Shop\",\"item\":\"https:\\\/\\\/mihailjewellery.com\\\/shop\\\/\"},{\"@type\":\"ListItem\",\"position\":3,\"name\":\"Verighete Aur si Argint Infinit\"}]},{\"@type\":\"WebSite\",\"@id\":\"https:\\\/\\\/mihailjewellery.com\\\/#website\",\"url\":\"https:\\\/\\\/mihailjewellery.com\\\/\",\"name\":\"Mihail Jewellery\",\"description\":\"Custom and unique jewellery\",\"publisher\":{\"@id\":\"https:\\\/\\\/mihailjewellery.com\\\/#organization\"},\"potentialAction\":[{\"@type\":\"SearchAction\",\"target\":{\"@type\":\"EntryPoint\",\"urlTemplate\":\"https:\\\/\\\/mihailjewellery.com\\\/?s={search_term_string}\"},\"query-input\":{\"@type\":\"PropertyValueSpecification\",\"valueRequired\":true,\"valueName\":\"search_term_string\"}}],\"inLanguage\":\"fr-FR\"},{\"@type\":\"Organization\",\"@id\":\"https:\\\/\\\/mihailjewellery.com\\\/#organization\",\"name\":\"Mihail Jewellery\",\"url\":\"https:\\\/\\\/mihailjewellery.com\\\/\",\"logo\":{\"@type\":\"ImageObject\",\"inLanguage\":\"fr-FR\",\"@id\":\"https:\\\/\\\/mihailjewellery.com\\\/#\\\/schema\\\/logo\\\/image\\\/\",\"url\":\"https:\\\/\\\/mihailjewellery.com\\\/wp-content\\\/uploads\\\/2020\\\/08\\\/vertical_on_transparent_by_logaster.png\",\"contentUrl\":\"https:\\\/\\\/mihailjewellery.com\\\/wp-content\\\/uploads\\\/2020\\\/08\\\/vertical_on_transparent_by_logaster.png\",\"width\":2000,\"height\":2000,\"caption\":\"Mihail Jewellery\"},\"image\":{\"@id\":\"https:\\\/\\\/mihailjewellery.com\\\/#\\\/schema\\\/logo\\\/image\\\/\"},\"sameAs\":[\"https:\\\/\\\/www.facebook.com\\\/MihailJewellerycom\"]}]}<\/script>\n<!-- \/ Yoast SEO plugin. -->","yoast_head_json":{"title":"Verighete Aur si Argint Infinit - Mihail Jewellery","description":"Set d\u2019alliances en argent 925 et or 18K. Design \u00e9l\u00e9gant et durable, avec des d\u00e9tails en or symbolisant l\u2019infini.","robots":{"index":"index","follow":"follow","max-snippet":"max-snippet:-1","max-image-preview":"max-image-preview:large","max-video-preview":"max-video-preview:-1"},"canonical":"https:\/\/mihailjewellery.com\/fr\/produit\/verighete-aur-si-argint-infinit\/","og_locale":"fr_FR","og_type":"article","og_title":"Verighete Aur si Argint Infinit - Mihail Jewellery","og_description":"Set de verighete din argint 925 si aur de 18k. Design elegant si durabil, cu detalii din aur care simbolizeaza infinitul.","og_url":"https:\/\/mihailjewellery.com\/fr\/produit\/verighete-aur-si-argint-infinit\/","og_site_name":"Mihail Jewellery","article_publisher":"https:\/\/www.facebook.com\/MihailJewellerycom","article_modified_time":"2025-10-21T09:40:54+00:00","og_image":[{"width":2560,"height":1920,"url":"https:\/\/mihailjewellery.com\/wp-content\/uploads\/2025\/05\/Verighete-Aur-si-Argint-Infinit-scaled.jpg","type":"image\/jpeg"}],"twitter_card":"summary_large_image","twitter_misc":{"Dur\u00e9e de lecture estim\u00e9e":"1 minute"},"schema":{"@context":"https:\/\/schema.org","@graph":[{"@type":"WebPage","@id":"https:\/\/mihailjewellery.com\/product\/verighete-aur-si-argint-infinit\/","url":"https:\/\/mihailjewellery.com\/product\/verighete-aur-si-argint-infinit\/","name":"Verighete Aur si Argint Infinit - Mihail Jewellery","isPartOf":{"@id":"https:\/\/mihailjewellery.com\/#website"},"primaryImageOfPage":{"@id":"https:\/\/mihailjewellery.com\/product\/verighete-aur-si-argint-infinit\/#primaryimage"},"image":{"@id":"https:\/\/mihailjewellery.com\/product\/verighete-aur-si-argint-infinit\/#primaryimage"},"thumbnailUrl":"https:\/\/mihailjewellery.com\/wp-content\/uploads\/2025\/05\/Verighete-Aur-si-Argint-Infinit-scaled.jpg","datePublished":"2025-05-31T11:46:21+00:00","dateModified":"2025-10-21T09:40:54+00:00","description":"Set d\u2019alliances en argent 925 et or 18K. Design \u00e9l\u00e9gant et durable, avec des d\u00e9tails en or symbolisant l\u2019infini.","breadcrumb":{"@id":"https:\/\/mihailjewellery.com\/product\/verighete-aur-si-argint-infinit\/#breadcrumb"},"inLanguage":"fr-FR","potentialAction":[{"@type":"ReadAction","target":["https:\/\/mihailjewellery.com\/product\/verighete-aur-si-argint-infinit\/"]}]},{"@type":"ImageObject","inLanguage":"fr-FR","@id":"https:\/\/mihailjewellery.com\/product\/verighete-aur-si-argint-infinit\/#primaryimage","url":"https:\/\/mihailjewellery.com\/wp-content\/uploads\/2025\/05\/Verighete-Aur-si-Argint-Infinit-scaled.jpg","contentUrl":"https:\/\/mihailjewellery.com\/wp-content\/uploads\/2025\/05\/Verighete-Aur-si-Argint-Infinit-scaled.jpg","width":2560,"height":1920,"caption":"Verighete Aur si Argint Infinit"},{"@type":"BreadcrumbList","@id":"https:\/\/mihailjewellery.com\/product\/verighete-aur-si-argint-infinit\/#breadcrumb","itemListElement":[{"@type":"ListItem","position":1,"name":"Home","item":"https:\/\/mihailjewellery.com\/"},{"@type":"ListItem","position":2,"name":"Shop","item":"https:\/\/mihailjewellery.com\/shop\/"},{"@type":"ListItem","position":3,"name":"Verighete Aur si Argint Infinit"}]},{"@type":"WebSite","@id":"https:\/\/mihailjewellery.com\/#website","url":"https:\/\/mihailjewellery.com\/","name":"Mihail Jewellery","description":"Custom and unique jewellery","publisher":{"@id":"https:\/\/mihailjewellery.com\/#organization"},"potentialAction":[{"@type":"SearchAction","target":{"@type":"EntryPoint","urlTemplate":"https:\/\/mihailjewellery.com\/?s={search_term_string}"},"query-input":{"@type":"PropertyValueSpecification","valueRequired":true,"valueName":"search_term_string"}}],"inLanguage":"fr-FR"},{"@type":"Organization","@id":"https:\/\/mihailjewellery.com\/#organization","name":"Mihail Jewellery","url":"https:\/\/mihailjewellery.com\/","logo":{"@type":"ImageObject","inLanguage":"fr-FR","@id":"https:\/\/mihailjewellery.com\/#\/schema\/logo\/image\/","url":"https:\/\/mihailjewellery.com\/wp-content\/uploads\/2020\/08\/vertical_on_transparent_by_logaster.png","contentUrl":"https:\/\/mihailjewellery.com\/wp-content\/uploads\/2020\/08\/vertical_on_transparent_by_logaster.png","width":2000,"height":2000,"caption":"Mihail Jewellery"},"image":{"@id":"https:\/\/mihailjewellery.com\/#\/schema\/logo\/image\/"},"sameAs":["https:\/\/www.facebook.com\/MihailJewellerycom"]}]}},"_links":{"self":[{"href":"https:\/\/mihailjewellery.com\/fr\/wp-json\/wp\/v2\/product\/4092","targetHints":{"allow":["GET"]}}],"collection":[{"href":"https:\/\/mihailjewellery.com\/fr\/wp-json\/wp\/v2\/product"}],"about":[{"href":"https:\/\/mihailjewellery.com\/fr\/wp-json\/wp\/v2\/types\/product"}],"replies":[{"embeddable":true,"href":"https:\/\/mihailjewellery.com\/fr\/wp-json\/wp\/v2\/comments?post=4092"}],"wp:featuredmedia":[{"embeddable":true,"href":"https:\/\/mihailjewellery.com\/fr\/wp-json\/wp\/v2\/media\/4093"}],"wp:attachment":[{"href":"https:\/\/mihailjewellery.com\/fr\/wp-json\/wp\/v2\/media?parent=4092"}],"wp:term":[{"taxonomy":"product_brand","embeddable":true,"href":"https:\/\/mihailjewellery.com\/fr\/wp-json\/wp\/v2\/product_brand?post=4092"},{"taxonomy":"product_cat","embeddable":true,"href":"https:\/\/mihailjewellery.com\/fr\/wp-json\/wp\/v2\/product_cat?post=4092"},{"taxonomy":"product_tag","embeddable":true,"href":"https:\/\/mihailjewellery.com\/fr\/wp-json\/wp\/v2\/product_tag?post=4092"}],"curies":[{"name":"wp","href":"https:\/\/api.w.org\/{rel}","templated":true}]}}