{"id":4160,"date":"2025-07-15T14:48:40","date_gmt":"2025-07-15T11:48:40","guid":{"rendered":"https:\/\/mihailjewellery.com\/?post_type=product&#038;p=4160"},"modified":"2026-02-05T14:20:17","modified_gmt":"2026-02-05T12:20:17","slug":"verighete-armonia","status":"publish","type":"product","link":"https:\/\/mihailjewellery.com\/fr\/product\/verighete-armonia\/","title":{"rendered":"Alliances Armonia"},"content":{"rendered":"<p dir=\"auto\">Ce set d\u2019alliances est parfait pour les couples souhaitant c\u00e9l\u00e9brer leur amour avec une pi\u00e8ce de joaillerie unique et \u00e9l\u00e9gante. L\u2019alliance pour lui est enti\u00e8rement r\u00e9alis\u00e9e en argent, offrant un aspect classique et raffin\u00e9. Celle pour elle est tout aussi \u00e9l\u00e9gante, mais avec une touche de brillance gr\u00e2ce \u00e0 la ligne d\u00e9corative en or 14K, qui ajoute un beau contraste et une note de luxe.<\/p>\n<p dir=\"auto\">La technique utilis\u00e9e pour les parties en argent des deux alliances est la r\u00e9ticulation, une m\u00e9thode traditionnelle consistant \u00e0 cr\u00e9er une texture en faisant fondre et refroidir le m\u00e9tal. Cette technique apporte une profondeur et une complexit\u00e9 au design, faisant ressortir chaque alliance.<\/p>\n<p dir=\"auto\">Le set d\u2019alliances est travaill\u00e9 \u00e0 la main avec une grande attention aux d\u00e9tails, garantissant une qualit\u00e9 sup\u00e9rieure et un design unique. Chaque alliance est r\u00e9alis\u00e9e avec soin pour refl\u00e9ter l\u2019amour et l\u2019engagement du couple. Si vous cherchez un set d\u2019alliances alliant \u00e9l\u00e9gance, qualit\u00e9 et design unique, celui-ci est le choix parfait.<\/p>","protected":false},"excerpt":{"rendered":"<p>Set d\u2019alliances en argent et or, au design unique et \u00e9l\u00e9gant. L\u2019alliance pour lui est enti\u00e8rement r\u00e9alis\u00e9e en argent, tandis que celle pour elle pr\u00e9sente une ligne d\u00e9corative en or 14K. La technique utilis\u00e9e pour les parties en argent des deux alliances est la r\u00e9ticulation, une m\u00e9thode organique qui apporte une texture et une profondeur suppl\u00e9mentaires.<\/p>","protected":false},"featured_media":4161,"comment_status":"open","ping_status":"closed","template":"","meta":{"neve_meta_sidebar":"","neve_meta_container":"","neve_meta_enable_content_width":"off","neve_meta_content_width":100,"neve_meta_title_alignment":"","neve_meta_author_avatar":"","neve_post_elements_order":"","neve_meta_disable_header":"","neve_meta_disable_footer":"","neve_meta_disable_title":"","neve_meta_reading_time":""},"product_brand":[],"product_cat":[1140,1139,226,38],"product_tag":[935,1160,1161,53,198,775,44],"class_list":{"0":"post-4160","1":"product","2":"type-product","3":"status-publish","4":"has-post-thumbnail","6":"product_cat-argint","7":"product_cat-aur","8":"product_cat-noutati","9":"product_cat-verighete","10":"product_tag-argint","11":"product_tag-aur","12":"product_tag-bijuterie-handmade","13":"product_tag-bijuterie-lucrata-manual","14":"product_tag-bijuterii-argint-si-aur","15":"product_tag-verighete","16":"product_tag-verighete-argint-si-aur","17":"wcpa_has_options","19":"first","20":"instock","21":"taxable","22":"shipping-taxable","23":"purchasable","24":"product-type-simple"},"yoast_head":"<!-- This site is optimized with the Yoast SEO plugin v27.3 - https:\/\/yoast.com\/product\/yoast-seo-wordpress\/ -->\n<title>Verighete Armonia - Mihail Jewellery<\/title>\n<meta name=\"description\" content=\"Set de verighete din argint si aur, cu un design unic si elegant. Tehnica folosita pentru partea de argint la ambele verighete este reticularea.\" \/>\n<meta name=\"robots\" content=\"index, follow, max-snippet:-1, max-image-preview:large, max-video-preview:-1\" \/>\n<link rel=\"canonical\" href=\"https:\/\/mihailjewellery.com\/fr\/produit\/verighete-armonia\/\" \/>\n<meta property=\"og:locale\" content=\"fr_FR\" \/>\n<meta property=\"og:type\" content=\"article\" \/>\n<meta property=\"og:title\" content=\"Verighete Armonia - Mihail Jewellery\" \/>\n<meta property=\"og:description\" content=\"Set de verighete din argint si aur, cu un design unic si elegant. Tehnica folosita pentru partea de argint la ambele verighete este reticularea.\" \/>\n<meta property=\"og:url\" content=\"https:\/\/mihailjewellery.com\/fr\/produit\/verighete-armonia\/\" \/>\n<meta property=\"og:site_name\" content=\"Mihail Jewellery\" \/>\n<meta property=\"article:publisher\" content=\"https:\/\/www.facebook.com\/MihailJewellerycom\" \/>\n<meta property=\"article:modified_time\" content=\"2026-02-05T12:20:17+00:00\" \/>\n<meta property=\"og:image\" content=\"https:\/\/mihailjewellery.com\/wp-content\/uploads\/2025\/07\/Verighete-Armonia-scaled.jpg\" \/>\n\t<meta property=\"og:image:width\" content=\"2560\" \/>\n\t<meta property=\"og:image:height\" content=\"1920\" \/>\n\t<meta property=\"og:image:type\" content=\"image\/jpeg\" \/>\n<meta name=\"twitter:card\" content=\"summary_large_image\" \/>\n<meta name=\"twitter:label1\" content=\"Dur\u00e9e de lecture estim\u00e9e\" \/>\n\t<meta name=\"twitter:data1\" content=\"2 minutes\" \/>\n<script type=\"application\/ld+json\" class=\"yoast-schema-graph\">{\"@context\":\"https:\\\/\\\/schema.org\",\"@graph\":[{\"@type\":\"WebPage\",\"@id\":\"https:\\\/\\\/mihailjewellery.com\\\/product\\\/verighete-armonia\\\/\",\"url\":\"https:\\\/\\\/mihailjewellery.com\\\/product\\\/verighete-armonia\\\/\",\"name\":\"Verighete Armonia - Mihail Jewellery\",\"isPartOf\":{\"@id\":\"https:\\\/\\\/mihailjewellery.com\\\/#website\"},\"primaryImageOfPage\":{\"@id\":\"https:\\\/\\\/mihailjewellery.com\\\/product\\\/verighete-armonia\\\/#primaryimage\"},\"image\":{\"@id\":\"https:\\\/\\\/mihailjewellery.com\\\/product\\\/verighete-armonia\\\/#primaryimage\"},\"thumbnailUrl\":\"https:\\\/\\\/mihailjewellery.com\\\/wp-content\\\/uploads\\\/2025\\\/07\\\/Verighete-Armonia-scaled.jpg\",\"datePublished\":\"2025-07-15T11:48:40+00:00\",\"dateModified\":\"2026-02-05T12:20:17+00:00\",\"description\":\"Set de verighete din argint si aur, cu un design unic si elegant. Tehnica folosita pentru partea de argint la ambele verighete este reticularea.\",\"breadcrumb\":{\"@id\":\"https:\\\/\\\/mihailjewellery.com\\\/product\\\/verighete-armonia\\\/#breadcrumb\"},\"inLanguage\":\"fr-FR\",\"potentialAction\":[{\"@type\":\"ReadAction\",\"target\":[\"https:\\\/\\\/mihailjewellery.com\\\/product\\\/verighete-armonia\\\/\"]}]},{\"@type\":\"ImageObject\",\"inLanguage\":\"fr-FR\",\"@id\":\"https:\\\/\\\/mihailjewellery.com\\\/product\\\/verighete-armonia\\\/#primaryimage\",\"url\":\"https:\\\/\\\/mihailjewellery.com\\\/wp-content\\\/uploads\\\/2025\\\/07\\\/Verighete-Armonia-scaled.jpg\",\"contentUrl\":\"https:\\\/\\\/mihailjewellery.com\\\/wp-content\\\/uploads\\\/2025\\\/07\\\/Verighete-Armonia-scaled.jpg\",\"width\":2560,\"height\":1920,\"caption\":\"Verighete Armonia\"},{\"@type\":\"BreadcrumbList\",\"@id\":\"https:\\\/\\\/mihailjewellery.com\\\/product\\\/verighete-armonia\\\/#breadcrumb\",\"itemListElement\":[{\"@type\":\"ListItem\",\"position\":1,\"name\":\"Home\",\"item\":\"https:\\\/\\\/mihailjewellery.com\\\/\"},{\"@type\":\"ListItem\",\"position\":2,\"name\":\"Shop\",\"item\":\"https:\\\/\\\/mihailjewellery.com\\\/shop\\\/\"},{\"@type\":\"ListItem\",\"position\":3,\"name\":\"Verighete Armonia\"}]},{\"@type\":\"WebSite\",\"@id\":\"https:\\\/\\\/mihailjewellery.com\\\/#website\",\"url\":\"https:\\\/\\\/mihailjewellery.com\\\/\",\"name\":\"Mihail Jewellery\",\"description\":\"Custom and unique jewellery\",\"publisher\":{\"@id\":\"https:\\\/\\\/mihailjewellery.com\\\/#organization\"},\"potentialAction\":[{\"@type\":\"SearchAction\",\"target\":{\"@type\":\"EntryPoint\",\"urlTemplate\":\"https:\\\/\\\/mihailjewellery.com\\\/?s={search_term_string}\"},\"query-input\":{\"@type\":\"PropertyValueSpecification\",\"valueRequired\":true,\"valueName\":\"search_term_string\"}}],\"inLanguage\":\"fr-FR\"},{\"@type\":\"Organization\",\"@id\":\"https:\\\/\\\/mihailjewellery.com\\\/#organization\",\"name\":\"Mihail Jewellery\",\"url\":\"https:\\\/\\\/mihailjewellery.com\\\/\",\"logo\":{\"@type\":\"ImageObject\",\"inLanguage\":\"fr-FR\",\"@id\":\"https:\\\/\\\/mihailjewellery.com\\\/#\\\/schema\\\/logo\\\/image\\\/\",\"url\":\"https:\\\/\\\/mihailjewellery.com\\\/wp-content\\\/uploads\\\/2020\\\/08\\\/vertical_on_transparent_by_logaster.png\",\"contentUrl\":\"https:\\\/\\\/mihailjewellery.com\\\/wp-content\\\/uploads\\\/2020\\\/08\\\/vertical_on_transparent_by_logaster.png\",\"width\":2000,\"height\":2000,\"caption\":\"Mihail Jewellery\"},\"image\":{\"@id\":\"https:\\\/\\\/mihailjewellery.com\\\/#\\\/schema\\\/logo\\\/image\\\/\"},\"sameAs\":[\"https:\\\/\\\/www.facebook.com\\\/MihailJewellerycom\"]}]}<\/script>\n<!-- \/ Yoast SEO plugin. -->","yoast_head_json":{"title":"Verighete Armonia - Mihail Jewellery","description":"Set de verighete din argint si aur, cu un design unic si elegant. Tehnica folosita pentru partea de argint la ambele verighete este reticularea.","robots":{"index":"index","follow":"follow","max-snippet":"max-snippet:-1","max-image-preview":"max-image-preview:large","max-video-preview":"max-video-preview:-1"},"canonical":"https:\/\/mihailjewellery.com\/fr\/produit\/verighete-armonia\/","og_locale":"fr_FR","og_type":"article","og_title":"Verighete Armonia - Mihail Jewellery","og_description":"Set de verighete din argint si aur, cu un design unic si elegant. Tehnica folosita pentru partea de argint la ambele verighete este reticularea.","og_url":"https:\/\/mihailjewellery.com\/fr\/produit\/verighete-armonia\/","og_site_name":"Mihail Jewellery","article_publisher":"https:\/\/www.facebook.com\/MihailJewellerycom","article_modified_time":"2026-02-05T12:20:17+00:00","og_image":[{"width":2560,"height":1920,"url":"https:\/\/mihailjewellery.com\/wp-content\/uploads\/2025\/07\/Verighete-Armonia-scaled.jpg","type":"image\/jpeg"}],"twitter_card":"summary_large_image","twitter_misc":{"Dur\u00e9e de lecture estim\u00e9e":"2 minutes"},"schema":{"@context":"https:\/\/schema.org","@graph":[{"@type":"WebPage","@id":"https:\/\/mihailjewellery.com\/product\/verighete-armonia\/","url":"https:\/\/mihailjewellery.com\/product\/verighete-armonia\/","name":"Verighete Armonia - Mihail Jewellery","isPartOf":{"@id":"https:\/\/mihailjewellery.com\/#website"},"primaryImageOfPage":{"@id":"https:\/\/mihailjewellery.com\/product\/verighete-armonia\/#primaryimage"},"image":{"@id":"https:\/\/mihailjewellery.com\/product\/verighete-armonia\/#primaryimage"},"thumbnailUrl":"https:\/\/mihailjewellery.com\/wp-content\/uploads\/2025\/07\/Verighete-Armonia-scaled.jpg","datePublished":"2025-07-15T11:48:40+00:00","dateModified":"2026-02-05T12:20:17+00:00","description":"Set de verighete din argint si aur, cu un design unic si elegant. Tehnica folosita pentru partea de argint la ambele verighete este reticularea.","breadcrumb":{"@id":"https:\/\/mihailjewellery.com\/product\/verighete-armonia\/#breadcrumb"},"inLanguage":"fr-FR","potentialAction":[{"@type":"ReadAction","target":["https:\/\/mihailjewellery.com\/product\/verighete-armonia\/"]}]},{"@type":"ImageObject","inLanguage":"fr-FR","@id":"https:\/\/mihailjewellery.com\/product\/verighete-armonia\/#primaryimage","url":"https:\/\/mihailjewellery.com\/wp-content\/uploads\/2025\/07\/Verighete-Armonia-scaled.jpg","contentUrl":"https:\/\/mihailjewellery.com\/wp-content\/uploads\/2025\/07\/Verighete-Armonia-scaled.jpg","width":2560,"height":1920,"caption":"Verighete Armonia"},{"@type":"BreadcrumbList","@id":"https:\/\/mihailjewellery.com\/product\/verighete-armonia\/#breadcrumb","itemListElement":[{"@type":"ListItem","position":1,"name":"Home","item":"https:\/\/mihailjewellery.com\/"},{"@type":"ListItem","position":2,"name":"Shop","item":"https:\/\/mihailjewellery.com\/shop\/"},{"@type":"ListItem","position":3,"name":"Verighete Armonia"}]},{"@type":"WebSite","@id":"https:\/\/mihailjewellery.com\/#website","url":"https:\/\/mihailjewellery.com\/","name":"Mihail Jewellery","description":"Custom and unique jewellery","publisher":{"@id":"https:\/\/mihailjewellery.com\/#organization"},"potentialAction":[{"@type":"SearchAction","target":{"@type":"EntryPoint","urlTemplate":"https:\/\/mihailjewellery.com\/?s={search_term_string}"},"query-input":{"@type":"PropertyValueSpecification","valueRequired":true,"valueName":"search_term_string"}}],"inLanguage":"fr-FR"},{"@type":"Organization","@id":"https:\/\/mihailjewellery.com\/#organization","name":"Mihail Jewellery","url":"https:\/\/mihailjewellery.com\/","logo":{"@type":"ImageObject","inLanguage":"fr-FR","@id":"https:\/\/mihailjewellery.com\/#\/schema\/logo\/image\/","url":"https:\/\/mihailjewellery.com\/wp-content\/uploads\/2020\/08\/vertical_on_transparent_by_logaster.png","contentUrl":"https:\/\/mihailjewellery.com\/wp-content\/uploads\/2020\/08\/vertical_on_transparent_by_logaster.png","width":2000,"height":2000,"caption":"Mihail Jewellery"},"image":{"@id":"https:\/\/mihailjewellery.com\/#\/schema\/logo\/image\/"},"sameAs":["https:\/\/www.facebook.com\/MihailJewellerycom"]}]}},"_links":{"self":[{"href":"https:\/\/mihailjewellery.com\/fr\/wp-json\/wp\/v2\/product\/4160","targetHints":{"allow":["GET"]}}],"collection":[{"href":"https:\/\/mihailjewellery.com\/fr\/wp-json\/wp\/v2\/product"}],"about":[{"href":"https:\/\/mihailjewellery.com\/fr\/wp-json\/wp\/v2\/types\/product"}],"replies":[{"embeddable":true,"href":"https:\/\/mihailjewellery.com\/fr\/wp-json\/wp\/v2\/comments?post=4160"}],"wp:featuredmedia":[{"embeddable":true,"href":"https:\/\/mihailjewellery.com\/fr\/wp-json\/wp\/v2\/media\/4161"}],"wp:attachment":[{"href":"https:\/\/mihailjewellery.com\/fr\/wp-json\/wp\/v2\/media?parent=4160"}],"wp:term":[{"taxonomy":"product_brand","embeddable":true,"href":"https:\/\/mihailjewellery.com\/fr\/wp-json\/wp\/v2\/product_brand?post=4160"},{"taxonomy":"product_cat","embeddable":true,"href":"https:\/\/mihailjewellery.com\/fr\/wp-json\/wp\/v2\/product_cat?post=4160"},{"taxonomy":"product_tag","embeddable":true,"href":"https:\/\/mihailjewellery.com\/fr\/wp-json\/wp\/v2\/product_tag?post=4160"}],"curies":[{"name":"wp","href":"https:\/\/api.w.org\/{rel}","templated":true}]}}